{"id":91695,"date":"2023-07-26T00:35:12","date_gmt":"2023-07-25T21:35:12","guid":{"rendered":"https:\/\/exlibris.ee\/toode\/kletts-bunte-lesewelt-lh-1\/"},"modified":"2026-04-07T21:16:57","modified_gmt":"2026-04-07T18:16:57","slug":"kletts-bunte-lesewelt-lh-1","status":"publish","type":"product","link":"https:\/\/exlibris.ee\/en\/product\/kletts-bunte-lesewelt-lh-1\/","title":{"rendered":"Kletts bunte Lesewelt, LH 1"},"content":{"rendered":"<p>Diese Lehrerhandreichung zu den Leseheften Mecki Dudel und seine Band, Mira zieht ans Meer, Max und der Ozeanriese, Die Bremer Stadtmusikanten aus der Reihe &#8220;Kletts bunte Lesewelt&#8221; beinhaltet: Praktische Hinweise zur Arbeit mit den Leseheften. Kopiervorlagen mit kreativen \u00dcbungen zur phonologischen Bewusstheit, Morphosyntax, Lexik und zu Lesestrategien, die die Lesekompetenz bei Kindern mit Grundkenntnissen in Deutsch trainieren. CD-ROM mit Audio-Aufnahmen, Bildmaterial aus den Leseheften, zus\u00e4tzlichen Kopiervorlagen mit weiterf\u00fchrenden \u00dcbungen und Spielen.<\/p>\n","protected":false},"excerpt":{"rendered":"<p>Diese Lehrerhandreichung zu den Leseheften Mecki Dudel und seine Band, Mira zieht ans Meer, Max und der Ozeanriese, Die Bremer Stadtmusikanten aus der Reihe &#8220;Kletts bunte Lesewelt&#8221; beinhaltet: Praktische Hinweise zur Arbeit mit den Leseheften. Kopiervorlagen mit kreativen \u00dcbungen zur&#8230;<\/p>\n","protected":false},"featured_media":91483,"template":"","meta":{"_acf_changed":false,"inline_featured_image":false},"product_brand":[],"product_cat":[851],"product_tag":[],"series":[{"id":924,"name":"Kletts bunte Lesewelt","slug":"kletts-bunte-lesewelt"}],"publisher":[{"id":473,"name":"Klett Verlag","slug":"klett-verlag"}],"class_list":{"0":"post-91695","1":"product","2":"type-product","3":"status-publish","4":"has-post-thumbnail","6":"product_cat-lesetexte-deutsch","7":"series-kletts-bunte-lesewelt","8":"publisher-klett-verlag","10":"first","11":"onbackorder","12":"taxable","13":"shipping-taxable","14":"purchasable","15":"product-type-simple"},"acf":[],"_links":{"self":[{"href":"https:\/\/exlibris.ee\/en\/wp-json\/wp\/v2\/product\/91695","targetHints":{"allow":["GET"]}}],"collection":[{"href":"https:\/\/exlibris.ee\/en\/wp-json\/wp\/v2\/product"}],"about":[{"href":"https:\/\/exlibris.ee\/en\/wp-json\/wp\/v2\/types\/product"}],"wp:featuredmedia":[{"embeddable":true,"href":"https:\/\/exlibris.ee\/en\/wp-json\/wp\/v2\/media\/91483"}],"wp:attachment":[{"href":"https:\/\/exlibris.ee\/en\/wp-json\/wp\/v2\/media?parent=91695"}],"wp:term":[{"taxonomy":"product_brand","embeddable":true,"href":"https:\/\/exlibris.ee\/en\/wp-json\/wp\/v2\/product_brand?post=91695"},{"taxonomy":"product_cat","embeddable":true,"href":"https:\/\/exlibris.ee\/en\/wp-json\/wp\/v2\/product_cat?post=91695"},{"taxonomy":"product_tag","embeddable":true,"href":"https:\/\/exlibris.ee\/en\/wp-json\/wp\/v2\/product_tag?post=91695"},{"taxonomy":"series","embeddable":true,"href":"https:\/\/exlibris.ee\/en\/wp-json\/wp\/v2\/series?post=91695"},{"taxonomy":"publisher","embeddable":true,"href":"https:\/\/exlibris.ee\/en\/wp-json\/wp\/v2\/publisher?post=91695"}],"curies":[{"name":"wp","href":"https:\/\/api.w.org\/{rel}","templated":true}]}}