{"id":91719,"date":"2023-07-26T00:35:14","date_gmt":"2023-07-25T21:35:14","guid":{"rendered":"https:\/\/exlibris.ee\/toode\/schreiben-a2\/"},"modified":"2026-04-04T03:12:42","modified_gmt":"2026-04-04T00:12:42","slug":"schreiben-a2","status":"publish","type":"product","link":"https:\/\/exlibris.ee\/en\/product\/schreiben-a2\/","title":{"rendered":"Schreiben A2"},"content":{"rendered":"<p>\u00dcbungsbuch zum intensiven Training der Schreibsicherheit auf Niveau A2 \u2013 f\u00fcr DaF-Selbstlernende oder kursbegleitend \u00dcbungen zum Erstellen von Texten f\u00fcr den Alltag, z. B. Anmeldung bei einem Verein, Antrag auf Kindergeld, Entschuldigung f\u00fcr die Schule, K\u00fcndigung eines Vertrages etc., Vermittlung wichtiger Aspekte schriftlicher Kommunikation, Entwicklung der individuellen Ausdrucksf\u00e4higkeit, Ber\u00fccksichtigung relevanter Textsorten: Brief, E-Mail, Notiz, Kurznachricht, Formular etc., Checklisten f\u00fcr die Formulierung von Texten, Zusammenstellung relevanter Redemittel, Mit L\u00f6sungsschl\u00fcssel und L\u00f6sungshinweisen, Neu: Pr\u00fcfungstraining zur Vorbereitung auf relevante Pr\u00fcfungsformate.<\/p>\n","protected":false},"excerpt":{"rendered":"<p>\u00dcbungsbuch zum intensiven Training der Schreibsicherheit auf Niveau A2 \u2013 f\u00fcr DaF-Selbstlernende oder kursbegleitend \u00dcbungen zum Erstellen von Texten f\u00fcr den Alltag, z. B. Anmeldung bei einem Verein, Antrag auf Kindergeld, Entschuldigung f\u00fcr die Schule, K\u00fcndigung eines Vertrages etc., Vermittlung&#8230;<\/p>\n","protected":false},"featured_media":91558,"template":"","meta":{"_acf_changed":false,"inline_featured_image":false},"product_brand":[],"product_cat":[538],"product_tag":[],"series":[{"id":926,"name":"Deutsch intensiv","slug":"deutsch-intensiv"}],"publisher":[{"id":473,"name":"Klett Verlag","slug":"klett-verlag"}],"class_list":{"0":"post-91719","1":"product","2":"type-product","3":"status-publish","4":"has-post-thumbnail","6":"product_cat-lehrwerke-fur-erwachsene","7":"series-deutsch-intensiv","8":"publisher-klett-verlag","10":"first","11":"onbackorder","12":"taxable","13":"shipping-taxable","14":"purchasable","15":"product-type-simple"},"acf":[],"_links":{"self":[{"href":"https:\/\/exlibris.ee\/en\/wp-json\/wp\/v2\/product\/91719","targetHints":{"allow":["GET"]}}],"collection":[{"href":"https:\/\/exlibris.ee\/en\/wp-json\/wp\/v2\/product"}],"about":[{"href":"https:\/\/exlibris.ee\/en\/wp-json\/wp\/v2\/types\/product"}],"wp:featuredmedia":[{"embeddable":true,"href":"https:\/\/exlibris.ee\/en\/wp-json\/wp\/v2\/media\/91558"}],"wp:attachment":[{"href":"https:\/\/exlibris.ee\/en\/wp-json\/wp\/v2\/media?parent=91719"}],"wp:term":[{"taxonomy":"product_brand","embeddable":true,"href":"https:\/\/exlibris.ee\/en\/wp-json\/wp\/v2\/product_brand?post=91719"},{"taxonomy":"product_cat","embeddable":true,"href":"https:\/\/exlibris.ee\/en\/wp-json\/wp\/v2\/product_cat?post=91719"},{"taxonomy":"product_tag","embeddable":true,"href":"https:\/\/exlibris.ee\/en\/wp-json\/wp\/v2\/product_tag?post=91719"},{"taxonomy":"series","embeddable":true,"href":"https:\/\/exlibris.ee\/en\/wp-json\/wp\/v2\/series?post=91719"},{"taxonomy":"publisher","embeddable":true,"href":"https:\/\/exlibris.ee\/en\/wp-json\/wp\/v2\/publisher?post=91719"}],"curies":[{"name":"wp","href":"https:\/\/api.w.org\/{rel}","templated":true}]}}