{"id":91723,"date":"2023-07-26T00:35:15","date_gmt":"2023-07-25T21:35:15","guid":{"rendered":"https:\/\/exlibris.ee\/toode\/grammatik-a2\/"},"modified":"2026-04-04T03:12:42","modified_gmt":"2026-04-04T00:12:42","slug":"grammatik-a2","status":"publish","type":"product","link":"https:\/\/exlibris.ee\/en\/product\/grammatik-a2\/","title":{"rendered":"Grammatik A2"},"content":{"rendered":"<p>\u00dcbungsbuch zum intensiven Training der Grammatik auf Niveau A2 \u2013 f\u00fcr DaF-Selbstlernende oder kursbegleitend Abwechslungsreiche \u00dcbungen zur Intensivierung und Festigung der Grammatik, \u00dcbersichtliche Tabellen mit knapp formulierten Regeln, Wiederholung wichtiger A1-Grammatik-Ph\u00e4nomene und ein A1-Selbsttest, Viele Anwendungsbeispiele, Vorbereitung auf relevante Pr\u00fcfungsformate, Tipps zur korrekten Aussprache, zur Betonung und zur Satzmelodie, Mit L\u00f6sungsschl\u00fcssel zu allen \u00dcbungen, Neu: Grammatik-Videos online und \u00fcber Klett-Augmented.<\/p>\n","protected":false},"excerpt":{"rendered":"<p>\u00dcbungsbuch zum intensiven Training der Grammatik auf Niveau A2 \u2013 f\u00fcr DaF-Selbstlernende oder kursbegleitend Abwechslungsreiche \u00dcbungen zur Intensivierung und Festigung der Grammatik, \u00dcbersichtliche Tabellen mit knapp formulierten Regeln, Wiederholung wichtiger A1-Grammatik-Ph\u00e4nomene und ein A1-Selbsttest, Viele Anwendungsbeispiele, Vorbereitung auf relevante Pr\u00fcfungsformate,&#8230;<\/p>\n","protected":false},"featured_media":91570,"template":"","meta":{"_acf_changed":false,"inline_featured_image":false},"product_brand":[],"product_cat":[538],"product_tag":[],"series":[{"id":926,"name":"Deutsch intensiv","slug":"deutsch-intensiv"}],"publisher":[{"id":473,"name":"Klett Verlag","slug":"klett-verlag"}],"class_list":{"0":"post-91723","1":"product","2":"type-product","3":"status-publish","4":"has-post-thumbnail","6":"product_cat-lehrwerke-fur-erwachsene","7":"series-deutsch-intensiv","8":"publisher-klett-verlag","10":"first","11":"onbackorder","12":"taxable","13":"shipping-taxable","14":"purchasable","15":"product-type-simple"},"acf":[],"_links":{"self":[{"href":"https:\/\/exlibris.ee\/en\/wp-json\/wp\/v2\/product\/91723","targetHints":{"allow":["GET"]}}],"collection":[{"href":"https:\/\/exlibris.ee\/en\/wp-json\/wp\/v2\/product"}],"about":[{"href":"https:\/\/exlibris.ee\/en\/wp-json\/wp\/v2\/types\/product"}],"wp:featuredmedia":[{"embeddable":true,"href":"https:\/\/exlibris.ee\/en\/wp-json\/wp\/v2\/media\/91570"}],"wp:attachment":[{"href":"https:\/\/exlibris.ee\/en\/wp-json\/wp\/v2\/media?parent=91723"}],"wp:term":[{"taxonomy":"product_brand","embeddable":true,"href":"https:\/\/exlibris.ee\/en\/wp-json\/wp\/v2\/product_brand?post=91723"},{"taxonomy":"product_cat","embeddable":true,"href":"https:\/\/exlibris.ee\/en\/wp-json\/wp\/v2\/product_cat?post=91723"},{"taxonomy":"product_tag","embeddable":true,"href":"https:\/\/exlibris.ee\/en\/wp-json\/wp\/v2\/product_tag?post=91723"},{"taxonomy":"series","embeddable":true,"href":"https:\/\/exlibris.ee\/en\/wp-json\/wp\/v2\/series?post=91723"},{"taxonomy":"publisher","embeddable":true,"href":"https:\/\/exlibris.ee\/en\/wp-json\/wp\/v2\/publisher?post=91723"}],"curies":[{"name":"wp","href":"https:\/\/api.w.org\/{rel}","templated":true}]}}