{"id":91725,"date":"2023-07-26T00:35:15","date_gmt":"2023-07-25T21:35:15","guid":{"rendered":"https:\/\/exlibris.ee\/toode\/wortschatz-a1\/"},"modified":"2026-04-04T03:12:42","modified_gmt":"2026-04-04T00:12:42","slug":"wortschatz-a1","status":"publish","type":"product","link":"https:\/\/exlibris.ee\/en\/product\/wortschatz-a1\/","title":{"rendered":"Wortschatz A1"},"content":{"rendered":"<p>\u00dcbungsbuch zum intensiven Wortschatztraining auf Niveau A1 \u2013 f\u00fcr DaF-Selbstlernende oder kursbegleitend! Mehr als 1.200 wichtige W\u00f6rter, Wendungen und S\u00e4tze auf dem Niveau A1 nach Themen geordnet (z. B. Familie, K\u00f6rper, Reisen, Einkaufen, Wohnen, Beruf etc.), Abwechslungsreiche \u00dcbungen zur Festigung und Vertiefung des Wortschatzes, \u00dcbersichtliche Auftaktseiten mit Wortschatz zu den einzelnen Themenbereichen, Vermittlung effektiver Lernstrategien, Tipps zur korrekten Aussprache und Betonung, Mit L\u00f6sungsschl\u00fcssel zu allen \u00dcbungen, Neu: Wortschatztraining Deutsch \u2013 Englisch mit einem Online-Vokabeltrainer.<\/p>\n","protected":false},"excerpt":{"rendered":"<p>\u00dcbungsbuch zum intensiven Wortschatztraining auf Niveau A1 \u2013 f\u00fcr DaF-Selbstlernende oder kursbegleitend! Mehr als 1.200 wichtige W\u00f6rter, Wendungen und S\u00e4tze auf dem Niveau A1 nach Themen geordnet (z. B. Familie, K\u00f6rper, Reisen, Einkaufen, Wohnen, Beruf etc.), Abwechslungsreiche \u00dcbungen zur Festigung&#8230;<\/p>\n","protected":false},"featured_media":91576,"template":"","meta":{"_acf_changed":false,"inline_featured_image":false},"product_brand":[],"product_cat":[538],"product_tag":[],"series":[{"id":926,"name":"Deutsch intensiv","slug":"deutsch-intensiv"}],"publisher":[{"id":473,"name":"Klett Verlag","slug":"klett-verlag"}],"class_list":{"0":"post-91725","1":"product","2":"type-product","3":"status-publish","4":"has-post-thumbnail","6":"product_cat-lehrwerke-fur-erwachsene","7":"series-deutsch-intensiv","8":"publisher-klett-verlag","10":"first","11":"onbackorder","12":"taxable","13":"shipping-taxable","14":"purchasable","15":"product-type-simple"},"acf":[],"_links":{"self":[{"href":"https:\/\/exlibris.ee\/en\/wp-json\/wp\/v2\/product\/91725","targetHints":{"allow":["GET"]}}],"collection":[{"href":"https:\/\/exlibris.ee\/en\/wp-json\/wp\/v2\/product"}],"about":[{"href":"https:\/\/exlibris.ee\/en\/wp-json\/wp\/v2\/types\/product"}],"wp:featuredmedia":[{"embeddable":true,"href":"https:\/\/exlibris.ee\/en\/wp-json\/wp\/v2\/media\/91576"}],"wp:attachment":[{"href":"https:\/\/exlibris.ee\/en\/wp-json\/wp\/v2\/media?parent=91725"}],"wp:term":[{"taxonomy":"product_brand","embeddable":true,"href":"https:\/\/exlibris.ee\/en\/wp-json\/wp\/v2\/product_brand?post=91725"},{"taxonomy":"product_cat","embeddable":true,"href":"https:\/\/exlibris.ee\/en\/wp-json\/wp\/v2\/product_cat?post=91725"},{"taxonomy":"product_tag","embeddable":true,"href":"https:\/\/exlibris.ee\/en\/wp-json\/wp\/v2\/product_tag?post=91725"},{"taxonomy":"series","embeddable":true,"href":"https:\/\/exlibris.ee\/en\/wp-json\/wp\/v2\/series?post=91725"},{"taxonomy":"publisher","embeddable":true,"href":"https:\/\/exlibris.ee\/en\/wp-json\/wp\/v2\/publisher?post=91725"}],"curies":[{"name":"wp","href":"https:\/\/api.w.org\/{rel}","templated":true}]}}