{"id":91727,"date":"2023-07-26T00:35:15","date_gmt":"2023-07-25T21:35:15","guid":{"rendered":"https:\/\/exlibris.ee\/toode\/berufliches-deutsch-b1-b2\/"},"modified":"2026-04-04T03:12:42","modified_gmt":"2026-04-04T00:12:42","slug":"berufliches-deutsch-b1-b2","status":"publish","type":"product","link":"https:\/\/exlibris.ee\/en\/product\/berufliches-deutsch-b1-b2\/","title":{"rendered":"Berufliches Deutsch B1\/B2"},"content":{"rendered":"<p>Dieses \u00dcbungsbuch zum intensiven Training f\u00fcr Berufliches Deutsch eignet sich f\u00fcr DaF-Selbstlernende oder kursbegleitend (ideal f\u00fcr DeuF\u00f6V-Kurse). Es enth\u00e4lt: Module zu typischen beruflichen Themenfeldern: Anfragen: Informationen einholen, Angebote: Produkte und Dienstleistungen, Beschwerden und Reklamationen, Arbeitsauftr\u00e4ge: Tipps und Anleitungen, Berufliche Orientierung: Bewerbung und Weiterbildung, Begleitung verschiedener Protagonisten in Alltags- und Berufsszenarien, Fertigkeiten-Training: Wiederholung, Vertiefung und Ausbau bis Niveau B2, Fokus auf Wortschatz, Grammatik und Sprechtraining, Gekennzeichnete \u00dcbungsformate zur Pr\u00fcfungsvorbereitung, H\u00f6rdateien und Transkriptionen \u00fcber die Klett-Augmented-App sowie als Download, L\u00f6sungen zur Selbstkontrolle, Mit der Klett-Augmented-App erhalten Sie folgende Extras: H\u00f6rdateien, Transkriptionen der H\u00f6rtexte.<\/p>\n","protected":false},"excerpt":{"rendered":"<p>Dieses \u00dcbungsbuch zum intensiven Training f\u00fcr Berufliches Deutsch eignet sich f\u00fcr DaF-Selbstlernende oder kursbegleitend (ideal f\u00fcr DeuF\u00f6V-Kurse). Es enth\u00e4lt: Module zu typischen beruflichen Themenfeldern: Anfragen: Informationen einholen, Angebote: Produkte und Dienstleistungen, Beschwerden und Reklamationen, Arbeitsauftr\u00e4ge: Tipps und Anleitungen, Berufliche Orientierung:&#8230;<\/p>\n","protected":false},"featured_media":91582,"template":"","meta":{"_acf_changed":false,"inline_featured_image":false},"product_brand":[],"product_cat":[538],"product_tag":[],"series":[{"id":926,"name":"Deutsch intensiv","slug":"deutsch-intensiv"}],"publisher":[{"id":473,"name":"Klett Verlag","slug":"klett-verlag"}],"class_list":{"0":"post-91727","1":"product","2":"type-product","3":"status-publish","4":"has-post-thumbnail","6":"product_cat-lehrwerke-fur-erwachsene","7":"series-deutsch-intensiv","8":"publisher-klett-verlag","10":"first","11":"onbackorder","12":"taxable","13":"shipping-taxable","14":"purchasable","15":"product-type-simple"},"acf":[],"_links":{"self":[{"href":"https:\/\/exlibris.ee\/en\/wp-json\/wp\/v2\/product\/91727","targetHints":{"allow":["GET"]}}],"collection":[{"href":"https:\/\/exlibris.ee\/en\/wp-json\/wp\/v2\/product"}],"about":[{"href":"https:\/\/exlibris.ee\/en\/wp-json\/wp\/v2\/types\/product"}],"wp:featuredmedia":[{"embeddable":true,"href":"https:\/\/exlibris.ee\/en\/wp-json\/wp\/v2\/media\/91582"}],"wp:attachment":[{"href":"https:\/\/exlibris.ee\/en\/wp-json\/wp\/v2\/media?parent=91727"}],"wp:term":[{"taxonomy":"product_brand","embeddable":true,"href":"https:\/\/exlibris.ee\/en\/wp-json\/wp\/v2\/product_brand?post=91727"},{"taxonomy":"product_cat","embeddable":true,"href":"https:\/\/exlibris.ee\/en\/wp-json\/wp\/v2\/product_cat?post=91727"},{"taxonomy":"product_tag","embeddable":true,"href":"https:\/\/exlibris.ee\/en\/wp-json\/wp\/v2\/product_tag?post=91727"},{"taxonomy":"series","embeddable":true,"href":"https:\/\/exlibris.ee\/en\/wp-json\/wp\/v2\/series?post=91727"},{"taxonomy":"publisher","embeddable":true,"href":"https:\/\/exlibris.ee\/en\/wp-json\/wp\/v2\/publisher?post=91727"}],"curies":[{"name":"wp","href":"https:\/\/api.w.org\/{rel}","templated":true}]}}