{"id":91731,"date":"2023-07-26T00:35:16","date_gmt":"2023-07-25T21:35:16","guid":{"rendered":"https:\/\/exlibris.ee\/toode\/oktoberfest-kriminell\/"},"modified":"2026-04-04T03:12:43","modified_gmt":"2026-04-04T00:12:43","slug":"oktoberfest-kriminell","status":"publish","type":"product","link":"https:\/\/exlibris.ee\/en\/product\/oktoberfest-kriminell\/","title":{"rendered":"Oktoberfest kriminell"},"content":{"rendered":"<p>Das gr\u00f6\u00dfte Volksfest der Welt und Detektiv M\u00fcller ist mittendrin. Die M\u00fcnchner Polizei steht vor einem R\u00e4tsel. Immer wieder melden sich ausgeraubte Personen. Detektiv M\u00fcller ermittelt und stellt den Verbrechern eine Falle. Wird das gut gehen und kann er so die Verbrecher fangen?<\/p>\n","protected":false},"excerpt":{"rendered":"<p>Das gr\u00f6\u00dfte Volksfest der Welt und Detektiv M\u00fcller ist mittendrin. Die M\u00fcnchner Polizei steht vor einem R\u00e4tsel. Immer wieder melden sich ausgeraubte Personen. Detektiv M\u00fcller ermittelt und stellt den Verbrechern eine Falle. Wird das gut gehen und kann er so&#8230;<\/p>\n","protected":false},"featured_media":91594,"template":"","meta":{"_acf_changed":false,"inline_featured_image":false},"product_brand":[],"product_cat":[851],"product_tag":[],"series":[{"id":1505,"name":"Detektiv M\u00fcller","slug":"detektiv-muller"}],"publisher":[{"id":473,"name":"Klett Verlag","slug":"klett-verlag"}],"class_list":{"0":"post-91731","1":"product","2":"type-product","3":"status-publish","4":"has-post-thumbnail","6":"product_cat-lesetexte-deutsch","7":"series-detektiv-muller","8":"publisher-klett-verlag","10":"first","11":"onbackorder","12":"taxable","13":"shipping-taxable","14":"purchasable","15":"product-type-simple"},"acf":[],"_links":{"self":[{"href":"https:\/\/exlibris.ee\/en\/wp-json\/wp\/v2\/product\/91731","targetHints":{"allow":["GET"]}}],"collection":[{"href":"https:\/\/exlibris.ee\/en\/wp-json\/wp\/v2\/product"}],"about":[{"href":"https:\/\/exlibris.ee\/en\/wp-json\/wp\/v2\/types\/product"}],"wp:featuredmedia":[{"embeddable":true,"href":"https:\/\/exlibris.ee\/en\/wp-json\/wp\/v2\/media\/91594"}],"wp:attachment":[{"href":"https:\/\/exlibris.ee\/en\/wp-json\/wp\/v2\/media?parent=91731"}],"wp:term":[{"taxonomy":"product_brand","embeddable":true,"href":"https:\/\/exlibris.ee\/en\/wp-json\/wp\/v2\/product_brand?post=91731"},{"taxonomy":"product_cat","embeddable":true,"href":"https:\/\/exlibris.ee\/en\/wp-json\/wp\/v2\/product_cat?post=91731"},{"taxonomy":"product_tag","embeddable":true,"href":"https:\/\/exlibris.ee\/en\/wp-json\/wp\/v2\/product_tag?post=91731"},{"taxonomy":"series","embeddable":true,"href":"https:\/\/exlibris.ee\/en\/wp-json\/wp\/v2\/series?post=91731"},{"taxonomy":"publisher","embeddable":true,"href":"https:\/\/exlibris.ee\/en\/wp-json\/wp\/v2\/publisher?post=91731"}],"curies":[{"name":"wp","href":"https:\/\/api.w.org\/{rel}","templated":true}]}}