{"id":91737,"date":"2023-07-26T00:35:16","date_gmt":"2023-07-25T21:35:16","guid":{"rendered":"https:\/\/exlibris.ee\/toode\/goldraub-in-berlin\/"},"modified":"2026-04-18T15:26:30","modified_gmt":"2026-04-18T12:26:30","slug":"goldraub-in-berlin","status":"publish","type":"product","link":"https:\/\/exlibris.ee\/en\/product\/goldraub-in-berlin\/","title":{"rendered":"Goldraub in Berlin"},"content":{"rendered":"<p>Eine alte Dame wird \u00fcberfallen und ausgeraubt. Nicht nur der wertvolle Familienschmuck ist verschwunden, sondern auch ihre Nichte. Die Polizei steht vor einem R\u00e4tsel. Hat die Nichte ihre Tante bestohlen? Kann Detektiv M\u00fcller den Fall l\u00f6sen und das Gold der alten Dame finden?<\/p>\n","protected":false},"excerpt":{"rendered":"<p>Eine alte Dame wird \u00fcberfallen und ausgeraubt. Nicht nur der wertvolle Familienschmuck ist verschwunden, sondern auch ihre Nichte. Die Polizei steht vor einem R\u00e4tsel. Hat die Nichte ihre Tante bestohlen? Kann Detektiv M\u00fcller den Fall l\u00f6sen und das Gold der&#8230;<\/p>\n","protected":false},"featured_media":337470,"template":"","meta":{"_acf_changed":false,"inline_featured_image":false},"product_brand":[],"product_cat":[851],"product_tag":[],"series":[{"id":1505,"name":"Detektiv M\u00fcller","slug":"detektiv-muller"}],"publisher":[{"id":473,"name":"Klett Verlag","slug":"klett-verlag"}],"class_list":{"0":"post-91737","1":"product","2":"type-product","3":"status-publish","4":"has-post-thumbnail","6":"product_cat-lesetexte-deutsch","7":"series-detektiv-muller","8":"publisher-klett-verlag","10":"first","11":"onbackorder","12":"taxable","13":"shipping-taxable","14":"purchasable","15":"product-type-simple"},"acf":[],"_links":{"self":[{"href":"https:\/\/exlibris.ee\/en\/wp-json\/wp\/v2\/product\/91737","targetHints":{"allow":["GET"]}}],"collection":[{"href":"https:\/\/exlibris.ee\/en\/wp-json\/wp\/v2\/product"}],"about":[{"href":"https:\/\/exlibris.ee\/en\/wp-json\/wp\/v2\/types\/product"}],"wp:featuredmedia":[{"embeddable":true,"href":"https:\/\/exlibris.ee\/en\/wp-json\/wp\/v2\/media\/337470"}],"wp:attachment":[{"href":"https:\/\/exlibris.ee\/en\/wp-json\/wp\/v2\/media?parent=91737"}],"wp:term":[{"taxonomy":"product_brand","embeddable":true,"href":"https:\/\/exlibris.ee\/en\/wp-json\/wp\/v2\/product_brand?post=91737"},{"taxonomy":"product_cat","embeddable":true,"href":"https:\/\/exlibris.ee\/en\/wp-json\/wp\/v2\/product_cat?post=91737"},{"taxonomy":"product_tag","embeddable":true,"href":"https:\/\/exlibris.ee\/en\/wp-json\/wp\/v2\/product_tag?post=91737"},{"taxonomy":"series","embeddable":true,"href":"https:\/\/exlibris.ee\/en\/wp-json\/wp\/v2\/series?post=91737"},{"taxonomy":"publisher","embeddable":true,"href":"https:\/\/exlibris.ee\/en\/wp-json\/wp\/v2\/publisher?post=91737"}],"curies":[{"name":"wp","href":"https:\/\/api.w.org\/{rel}","templated":true}]}}