{"id":91738,"date":"2023-07-26T00:35:16","date_gmt":"2023-07-25T21:35:16","guid":{"rendered":"https:\/\/exlibris.ee\/toode\/weihnachtskrimi-in-munchen\/"},"modified":"2026-04-04T03:12:43","modified_gmt":"2026-04-04T00:12:43","slug":"weihnachtskrimi-in-munchen","status":"publish","type":"product","link":"https:\/\/exlibris.ee\/en\/product\/weihnachtskrimi-in-munchen\/","title":{"rendered":"Weihnachtskrimi in M\u00fcnchen"},"content":{"rendered":"<p>Weihnachtszeit in M\u00fcnchen und ein gro\u00dfer Auftrag f\u00fcrs Detektivb\u00fcro M\u00fcller. Helmut M\u00fcller und Bea Braun sollen eine Kunstausstellung \u00fcberwachen. Ist es Zufall, dass die Organisatorin den gleichen Nachnamen wie seine Jugendliebe hat? Oder ist es etwa die gleiche Person?<\/p>\n","protected":false},"excerpt":{"rendered":"<p>Weihnachtszeit in M\u00fcnchen und ein gro\u00dfer Auftrag f\u00fcrs Detektivb\u00fcro M\u00fcller. Helmut M\u00fcller und Bea Braun sollen eine Kunstausstellung \u00fcberwachen. Ist es Zufall, dass die Organisatorin den gleichen Nachnamen wie seine Jugendliebe hat? Oder ist es etwa die gleiche Person?<\/p>\n","protected":false},"featured_media":91615,"template":"","meta":{"_acf_changed":false,"inline_featured_image":false},"product_brand":[],"product_cat":[851],"product_tag":[],"series":[{"id":1505,"name":"Detektiv M\u00fcller","slug":"detektiv-muller"}],"publisher":[{"id":473,"name":"Klett Verlag","slug":"klett-verlag"}],"class_list":{"0":"post-91738","1":"product","2":"type-product","3":"status-publish","4":"has-post-thumbnail","6":"product_cat-lesetexte-deutsch","7":"series-detektiv-muller","8":"publisher-klett-verlag","10":"first","11":"onbackorder","12":"taxable","13":"shipping-taxable","14":"purchasable","15":"product-type-simple"},"acf":[],"_links":{"self":[{"href":"https:\/\/exlibris.ee\/en\/wp-json\/wp\/v2\/product\/91738","targetHints":{"allow":["GET"]}}],"collection":[{"href":"https:\/\/exlibris.ee\/en\/wp-json\/wp\/v2\/product"}],"about":[{"href":"https:\/\/exlibris.ee\/en\/wp-json\/wp\/v2\/types\/product"}],"wp:featuredmedia":[{"embeddable":true,"href":"https:\/\/exlibris.ee\/en\/wp-json\/wp\/v2\/media\/91615"}],"wp:attachment":[{"href":"https:\/\/exlibris.ee\/en\/wp-json\/wp\/v2\/media?parent=91738"}],"wp:term":[{"taxonomy":"product_brand","embeddable":true,"href":"https:\/\/exlibris.ee\/en\/wp-json\/wp\/v2\/product_brand?post=91738"},{"taxonomy":"product_cat","embeddable":true,"href":"https:\/\/exlibris.ee\/en\/wp-json\/wp\/v2\/product_cat?post=91738"},{"taxonomy":"product_tag","embeddable":true,"href":"https:\/\/exlibris.ee\/en\/wp-json\/wp\/v2\/product_tag?post=91738"},{"taxonomy":"series","embeddable":true,"href":"https:\/\/exlibris.ee\/en\/wp-json\/wp\/v2\/series?post=91738"},{"taxonomy":"publisher","embeddable":true,"href":"https:\/\/exlibris.ee\/en\/wp-json\/wp\/v2\/publisher?post=91738"}],"curies":[{"name":"wp","href":"https:\/\/api.w.org\/{rel}","templated":true}]}}