{"id":91740,"date":"2023-07-26T00:35:17","date_gmt":"2023-07-25T21:35:17","guid":{"rendered":"https:\/\/exlibris.ee\/toode\/uberfall-in-hamburg\/"},"modified":"2026-04-04T03:12:43","modified_gmt":"2026-04-04T00:12:43","slug":"uberfall-in-hamburg","status":"publish","type":"product","link":"https:\/\/exlibris.ee\/en\/product\/uberfall-in-hamburg\/","title":{"rendered":"\u00dcberfall in Hamburg"},"content":{"rendered":"<p>Ein alter Freund braucht die Hilfe von Detektiv M\u00fcller: Eine Schl\u00e4gerbande bedroht das chinesische Restaurant des Freundes. Detektiv M\u00fcller und Bea Braun fahren sofort nach Hamburg. Was will die Schl\u00e4gerbande? Und wer schickt sie? Kann Detektiv M\u00fcller das R\u00e4tsel l\u00f6sen und das Restaurant retten?<\/p>\n","protected":false},"excerpt":{"rendered":"<p>Ein alter Freund braucht die Hilfe von Detektiv M\u00fcller: Eine Schl\u00e4gerbande bedroht das chinesische Restaurant des Freundes. Detektiv M\u00fcller und Bea Braun fahren sofort nach Hamburg. Was will die Schl\u00e4gerbande? Und wer schickt sie? Kann Detektiv M\u00fcller das R\u00e4tsel l\u00f6sen&#8230;<\/p>\n","protected":false},"featured_media":91621,"template":"","meta":{"_acf_changed":false,"inline_featured_image":false},"product_brand":[],"product_cat":[851],"product_tag":[],"series":[{"id":1505,"name":"Detektiv M\u00fcller","slug":"detektiv-muller"}],"publisher":[{"id":473,"name":"Klett Verlag","slug":"klett-verlag"}],"class_list":{"0":"post-91740","1":"product","2":"type-product","3":"status-publish","4":"has-post-thumbnail","6":"product_cat-lesetexte-deutsch","7":"series-detektiv-muller","8":"publisher-klett-verlag","10":"first","11":"onbackorder","12":"taxable","13":"shipping-taxable","14":"purchasable","15":"product-type-simple"},"acf":[],"_links":{"self":[{"href":"https:\/\/exlibris.ee\/en\/wp-json\/wp\/v2\/product\/91740","targetHints":{"allow":["GET"]}}],"collection":[{"href":"https:\/\/exlibris.ee\/en\/wp-json\/wp\/v2\/product"}],"about":[{"href":"https:\/\/exlibris.ee\/en\/wp-json\/wp\/v2\/types\/product"}],"wp:featuredmedia":[{"embeddable":true,"href":"https:\/\/exlibris.ee\/en\/wp-json\/wp\/v2\/media\/91621"}],"wp:attachment":[{"href":"https:\/\/exlibris.ee\/en\/wp-json\/wp\/v2\/media?parent=91740"}],"wp:term":[{"taxonomy":"product_brand","embeddable":true,"href":"https:\/\/exlibris.ee\/en\/wp-json\/wp\/v2\/product_brand?post=91740"},{"taxonomy":"product_cat","embeddable":true,"href":"https:\/\/exlibris.ee\/en\/wp-json\/wp\/v2\/product_cat?post=91740"},{"taxonomy":"product_tag","embeddable":true,"href":"https:\/\/exlibris.ee\/en\/wp-json\/wp\/v2\/product_tag?post=91740"},{"taxonomy":"series","embeddable":true,"href":"https:\/\/exlibris.ee\/en\/wp-json\/wp\/v2\/series?post=91740"},{"taxonomy":"publisher","embeddable":true,"href":"https:\/\/exlibris.ee\/en\/wp-json\/wp\/v2\/publisher?post=91740"}],"curies":[{"name":"wp","href":"https:\/\/api.w.org\/{rel}","templated":true}]}}