{"id":91742,"date":"2023-07-26T00:35:17","date_gmt":"2023-07-25T21:35:17","guid":{"rendered":"https:\/\/exlibris.ee\/toode\/dt-pflege-b2\/"},"modified":"2026-04-04T03:12:44","modified_gmt":"2026-04-04T00:12:44","slug":"dt-pflege-b2","status":"publish","type":"product","link":"https:\/\/exlibris.ee\/en\/product\/dt-pflege-b2\/","title":{"rendered":"Dt. Pflege B2"},"content":{"rendered":"<p>Zum intensiven Training berufssprachlicher Deutschkenntnisse von Pflegefachkr\u00e4ften \u2013 f\u00fcr Selbstlernende oder erg\u00e4nzend zum Einsatz im Deutschkurs Trainiert sprachliches Handeln in ausgew\u00e4hlten Pflegesituationen wie Aufnahme, \u00dcbergabe, Pflege von Patienten mit unterschiedlichen Krankheitsbildern, Hygiene im Pflegeheim, K\u00f6rperpflege und Pflegebed\u00fcrftigkeit, F\u00fcr eine realistische Kommunikation mit Kollegen, Patienten und Angeh\u00f6rigen, Greift daf\u00fcr relevante Sprachstrukturen und Wortschatz auf, Wiederholt und \u00fcbt auf den Niveaustufen B1 und B2, Mit hilfreichen Tipps zu Grammatik und Aussprache, Flexibel einsetzbar, Mit L\u00f6sungen zur Selbstkontrolle, Audios \u00fcber Klett Augmented und online, Transkriptionen online als Download.<\/p>\n","protected":false},"excerpt":{"rendered":"<p>Zum intensiven Training berufssprachlicher Deutschkenntnisse von Pflegefachkr\u00e4ften \u2013 f\u00fcr Selbstlernende oder erg\u00e4nzend zum Einsatz im Deutschkurs Trainiert sprachliches Handeln in ausgew\u00e4hlten Pflegesituationen wie Aufnahme, \u00dcbergabe, Pflege von Patienten mit unterschiedlichen Krankheitsbildern, Hygiene im Pflegeheim, K\u00f6rperpflege und Pflegebed\u00fcrftigkeit, F\u00fcr eine realistische&#8230;<\/p>\n","protected":false},"featured_media":91627,"template":"","meta":{"_acf_changed":false,"inline_featured_image":false},"product_brand":[],"product_cat":[538],"product_tag":[],"series":[{"id":926,"name":"Deutsch intensiv","slug":"deutsch-intensiv"}],"publisher":[{"id":473,"name":"Klett Verlag","slug":"klett-verlag"}],"class_list":{"0":"post-91742","1":"product","2":"type-product","3":"status-publish","4":"has-post-thumbnail","6":"product_cat-lehrwerke-fur-erwachsene","7":"series-deutsch-intensiv","8":"publisher-klett-verlag","10":"first","11":"onbackorder","12":"taxable","13":"shipping-taxable","14":"purchasable","15":"product-type-simple"},"acf":[],"_links":{"self":[{"href":"https:\/\/exlibris.ee\/en\/wp-json\/wp\/v2\/product\/91742","targetHints":{"allow":["GET"]}}],"collection":[{"href":"https:\/\/exlibris.ee\/en\/wp-json\/wp\/v2\/product"}],"about":[{"href":"https:\/\/exlibris.ee\/en\/wp-json\/wp\/v2\/types\/product"}],"wp:featuredmedia":[{"embeddable":true,"href":"https:\/\/exlibris.ee\/en\/wp-json\/wp\/v2\/media\/91627"}],"wp:attachment":[{"href":"https:\/\/exlibris.ee\/en\/wp-json\/wp\/v2\/media?parent=91742"}],"wp:term":[{"taxonomy":"product_brand","embeddable":true,"href":"https:\/\/exlibris.ee\/en\/wp-json\/wp\/v2\/product_brand?post=91742"},{"taxonomy":"product_cat","embeddable":true,"href":"https:\/\/exlibris.ee\/en\/wp-json\/wp\/v2\/product_cat?post=91742"},{"taxonomy":"product_tag","embeddable":true,"href":"https:\/\/exlibris.ee\/en\/wp-json\/wp\/v2\/product_tag?post=91742"},{"taxonomy":"series","embeddable":true,"href":"https:\/\/exlibris.ee\/en\/wp-json\/wp\/v2\/series?post=91742"},{"taxonomy":"publisher","embeddable":true,"href":"https:\/\/exlibris.ee\/en\/wp-json\/wp\/v2\/publisher?post=91742"}],"curies":[{"name":"wp","href":"https:\/\/api.w.org\/{rel}","templated":true}]}}