{"id":91743,"date":"2023-07-26T00:35:17","date_gmt":"2023-07-25T21:35:17","guid":{"rendered":"https:\/\/exlibris.ee\/toode\/schreiben-c1\/"},"modified":"2026-04-04T03:12:45","modified_gmt":"2026-04-04T00:12:45","slug":"schreiben-c1","status":"publish","type":"product","link":"https:\/\/exlibris.ee\/en\/product\/schreiben-c1\/","title":{"rendered":"Schreiben C1"},"content":{"rendered":"<p>\u00dcbungsbuch f\u00fcr intensives Training der Schreibsicherheit auf Niveau C1 \u2013  f\u00fcr DaF-Selbstlernende oder kursbegleitend \u00dcbungen zur Entwicklung der Schreibkompetenz f\u00fcr das Hochschulstudium, Kleinschrittige \u00dcbungssequenzen: von kurzen Formulierungen bis zu umfangreichen Texten, SCHWERPUNKT 1: statistische Daten und Grafiken eine Grafik beschreiben, mit Prozentzahlen richtig umgehen, Entwicklungen und Trends darstellen, Informationen vergleichen, interpretieren, ein Fazit ziehen etc., SCHWERPUNKT 2: argumentieren und diskutieren Texte gliedern und zusammenfassen, Vor-und Nachteile nennen, Argumente und Gegenargumente formulieren, mit Textquellen und Beispielen arbeiten, die eigene Meinung \u00e4u\u00dfern und begr\u00fcnden etc., Vermittlung wichtiger Aspekte beim Planen und Verfassen von Grafikinterpretation, Argumentation, Meinungs\u00e4u\u00dferung, Er\u00f6rterung, Stellungnahme und Zusammenfassung, Zusammenstellung und Training relevanter Redemittel bei allen wichtigen Themen, Mit L\u00f6sungsschl\u00fcssel, L\u00f6sungshinweisen und Mustertexten. Extra: Pr\u00fcfungstraining zur Vorbereitung auf relevante Pr\u00fcfungsformat.<\/p>\n","protected":false},"excerpt":{"rendered":"<p>\u00dcbungsbuch f\u00fcr intensives Training der Schreibsicherheit auf Niveau C1 \u2013 f\u00fcr DaF-Selbstlernende oder kursbegleitend \u00dcbungen zur Entwicklung der Schreibkompetenz f\u00fcr das Hochschulstudium, Kleinschrittige \u00dcbungssequenzen: von kurzen Formulierungen bis zu umfangreichen Texten, SCHWERPUNKT 1: statistische Daten und Grafiken eine Grafik beschreiben,&#8230;<\/p>\n","protected":false},"featured_media":91630,"template":"","meta":{"_acf_changed":false,"inline_featured_image":false},"product_brand":[],"product_cat":[538],"product_tag":[],"series":[{"id":926,"name":"Deutsch intensiv","slug":"deutsch-intensiv"}],"publisher":[{"id":473,"name":"Klett Verlag","slug":"klett-verlag"}],"class_list":{"0":"post-91743","1":"product","2":"type-product","3":"status-publish","4":"has-post-thumbnail","6":"product_cat-lehrwerke-fur-erwachsene","7":"series-deutsch-intensiv","8":"publisher-klett-verlag","10":"first","11":"onbackorder","12":"taxable","13":"shipping-taxable","14":"purchasable","15":"product-type-simple"},"acf":[],"_links":{"self":[{"href":"https:\/\/exlibris.ee\/en\/wp-json\/wp\/v2\/product\/91743","targetHints":{"allow":["GET"]}}],"collection":[{"href":"https:\/\/exlibris.ee\/en\/wp-json\/wp\/v2\/product"}],"about":[{"href":"https:\/\/exlibris.ee\/en\/wp-json\/wp\/v2\/types\/product"}],"wp:featuredmedia":[{"embeddable":true,"href":"https:\/\/exlibris.ee\/en\/wp-json\/wp\/v2\/media\/91630"}],"wp:attachment":[{"href":"https:\/\/exlibris.ee\/en\/wp-json\/wp\/v2\/media?parent=91743"}],"wp:term":[{"taxonomy":"product_brand","embeddable":true,"href":"https:\/\/exlibris.ee\/en\/wp-json\/wp\/v2\/product_brand?post=91743"},{"taxonomy":"product_cat","embeddable":true,"href":"https:\/\/exlibris.ee\/en\/wp-json\/wp\/v2\/product_cat?post=91743"},{"taxonomy":"product_tag","embeddable":true,"href":"https:\/\/exlibris.ee\/en\/wp-json\/wp\/v2\/product_tag?post=91743"},{"taxonomy":"series","embeddable":true,"href":"https:\/\/exlibris.ee\/en\/wp-json\/wp\/v2\/series?post=91743"},{"taxonomy":"publisher","embeddable":true,"href":"https:\/\/exlibris.ee\/en\/wp-json\/wp\/v2\/publisher?post=91743"}],"curies":[{"name":"wp","href":"https:\/\/api.w.org\/{rel}","templated":true}]}}