{"id":91744,"date":"2023-07-26T00:35:17","date_gmt":"2023-07-25T21:35:17","guid":{"rendered":"https:\/\/exlibris.ee\/toode\/perfekt-in-deutsch-sb\/"},"modified":"2026-04-24T19:23:53","modified_gmt":"2026-04-24T16:23:53","slug":"perfekt-in-deutsch-sb","status":"publish","type":"product","link":"https:\/\/exlibris.ee\/en\/product\/perfekt-in-deutsch-sb\/","title":{"rendered":"Perfekt in Deutsch, SB"},"content":{"rendered":"<p>Die innovative DaF-Grammatik f\u00fcr Jugendliche eignet sich als Lern- und als \u00dcbungsgrammatik, pr\u00e4sentiert auf leichte und motivierende Weise den gesamten Stoff der Niveaustufen A1 und A2, stiftet Identifikation durch die unterhaltsame, apitel\u00fcbergreifende Story, f\u00f6rdert den Lernprozess durch einen sinnvollen Vier-Schritte-Ansatz: Regel &#8211; verstehen &#8211; \u00fcben &#8211; anwenden.<\/p>\n","protected":false},"excerpt":{"rendered":"<p>Die innovative DaF-Grammatik f\u00fcr Jugendliche eignet sich als Lern- und als \u00dcbungsgrammatik, pr\u00e4sentiert auf leichte und motivierende Weise den gesamten Stoff der Niveaustufen A1 und A2, stiftet Identifikation durch die unterhaltsame, apitel\u00fcbergreifende Story, f\u00f6rdert den Lernprozess durch einen sinnvollen Vier-Schritte-Ansatz:&#8230;<\/p>\n","protected":false},"featured_media":456322,"template":"","meta":{"_acf_changed":false,"inline_featured_image":false},"product_brand":[],"product_cat":[480],"product_tag":[],"series":[],"publisher":[{"id":473,"name":"Klett Verlag","slug":"klett-verlag"}],"class_list":{"0":"post-91744","1":"product","2":"type-product","3":"status-publish","4":"has-post-thumbnail","6":"product_cat-grammatiken","7":"publisher-klett-verlag","9":"first","10":"onbackorder","11":"taxable","12":"shipping-taxable","13":"purchasable","14":"product-type-simple"},"acf":[],"_links":{"self":[{"href":"https:\/\/exlibris.ee\/en\/wp-json\/wp\/v2\/product\/91744","targetHints":{"allow":["GET"]}}],"collection":[{"href":"https:\/\/exlibris.ee\/en\/wp-json\/wp\/v2\/product"}],"about":[{"href":"https:\/\/exlibris.ee\/en\/wp-json\/wp\/v2\/types\/product"}],"wp:featuredmedia":[{"embeddable":true,"href":"https:\/\/exlibris.ee\/en\/wp-json\/wp\/v2\/media\/456322"}],"wp:attachment":[{"href":"https:\/\/exlibris.ee\/en\/wp-json\/wp\/v2\/media?parent=91744"}],"wp:term":[{"taxonomy":"product_brand","embeddable":true,"href":"https:\/\/exlibris.ee\/en\/wp-json\/wp\/v2\/product_brand?post=91744"},{"taxonomy":"product_cat","embeddable":true,"href":"https:\/\/exlibris.ee\/en\/wp-json\/wp\/v2\/product_cat?post=91744"},{"taxonomy":"product_tag","embeddable":true,"href":"https:\/\/exlibris.ee\/en\/wp-json\/wp\/v2\/product_tag?post=91744"},{"taxonomy":"series","embeddable":true,"href":"https:\/\/exlibris.ee\/en\/wp-json\/wp\/v2\/series?post=91744"},{"taxonomy":"publisher","embeddable":true,"href":"https:\/\/exlibris.ee\/en\/wp-json\/wp\/v2\/publisher?post=91744"}],"curies":[{"name":"wp","href":"https:\/\/api.w.org\/{rel}","templated":true}]}}