{"id":91751,"date":"2023-07-26T00:35:18","date_gmt":"2023-07-25T21:35:18","guid":{"rendered":"https:\/\/exlibris.ee\/toode\/schreiben-beruf-b1\/"},"modified":"2026-04-04T03:12:46","modified_gmt":"2026-04-04T00:12:46","slug":"schreiben-beruf-b1","status":"publish","type":"product","link":"https:\/\/exlibris.ee\/en\/product\/schreiben-beruf-b1\/","title":{"rendered":"Schreiben Beruf B1"},"content":{"rendered":"<p>\u00dcbungsbuch f\u00fcr intensives Training der Schreibsicherheit auf Niveau B1 in beruflichen Situationen \u2013 f\u00fcr DaF-Selbstlernende oder kursbegleitend \u00dcbungen zur schriftlichen Kommunikation im beruflichen Umfeld \u2013 z. B. Lebenslauf, Bewerbung, Anfrage, Gespr\u00e4chsnotiz, Auftragsbest\u00e4tigung, Lieferschein, Reklamation, Stornierung, Unfallbericht usw., Vermittlung wichtiger Aspekte schriftlicher Kommunikation, Checklisten f\u00fcr die Formulierung von Texten, Zusammenstellung relevanter Redemittel, Glossar zu den behandelten Textsorten, Mit L\u00f6sungsschl\u00fcssel und L\u00f6sungshinweisen, Extra: Pr\u00fcfungstraining zur Vorbereitung auf relevante Pr\u00fcfungsformate.<\/p>\n","protected":false},"excerpt":{"rendered":"<p>\u00dcbungsbuch f\u00fcr intensives Training der Schreibsicherheit auf Niveau B1 in beruflichen Situationen \u2013 f\u00fcr DaF-Selbstlernende oder kursbegleitend \u00dcbungen zur schriftlichen Kommunikation im beruflichen Umfeld \u2013 z. B. Lebenslauf, Bewerbung, Anfrage, Gespr\u00e4chsnotiz, Auftragsbest\u00e4tigung, Lieferschein, Reklamation, Stornierung, Unfallbericht usw., Vermittlung wichtiger Aspekte&#8230;<\/p>\n","protected":false},"featured_media":91660,"template":"","meta":{"_acf_changed":false,"inline_featured_image":false},"product_brand":[],"product_cat":[538],"product_tag":[],"series":[{"id":926,"name":"Deutsch intensiv","slug":"deutsch-intensiv"}],"publisher":[{"id":473,"name":"Klett Verlag","slug":"klett-verlag"}],"class_list":{"0":"post-91751","1":"product","2":"type-product","3":"status-publish","4":"has-post-thumbnail","6":"product_cat-lehrwerke-fur-erwachsene","7":"series-deutsch-intensiv","8":"publisher-klett-verlag","10":"first","11":"onbackorder","12":"taxable","13":"shipping-taxable","14":"purchasable","15":"product-type-simple"},"acf":[],"_links":{"self":[{"href":"https:\/\/exlibris.ee\/en\/wp-json\/wp\/v2\/product\/91751","targetHints":{"allow":["GET"]}}],"collection":[{"href":"https:\/\/exlibris.ee\/en\/wp-json\/wp\/v2\/product"}],"about":[{"href":"https:\/\/exlibris.ee\/en\/wp-json\/wp\/v2\/types\/product"}],"wp:featuredmedia":[{"embeddable":true,"href":"https:\/\/exlibris.ee\/en\/wp-json\/wp\/v2\/media\/91660"}],"wp:attachment":[{"href":"https:\/\/exlibris.ee\/en\/wp-json\/wp\/v2\/media?parent=91751"}],"wp:term":[{"taxonomy":"product_brand","embeddable":true,"href":"https:\/\/exlibris.ee\/en\/wp-json\/wp\/v2\/product_brand?post=91751"},{"taxonomy":"product_cat","embeddable":true,"href":"https:\/\/exlibris.ee\/en\/wp-json\/wp\/v2\/product_cat?post=91751"},{"taxonomy":"product_tag","embeddable":true,"href":"https:\/\/exlibris.ee\/en\/wp-json\/wp\/v2\/product_tag?post=91751"},{"taxonomy":"series","embeddable":true,"href":"https:\/\/exlibris.ee\/en\/wp-json\/wp\/v2\/series?post=91751"},{"taxonomy":"publisher","embeddable":true,"href":"https:\/\/exlibris.ee\/en\/wp-json\/wp\/v2\/publisher?post=91751"}],"curies":[{"name":"wp","href":"https:\/\/api.w.org\/{rel}","templated":true}]}}