{"id":91752,"date":"2023-07-26T00:35:18","date_gmt":"2023-07-25T21:35:18","guid":{"rendered":"https:\/\/exlibris.ee\/toode\/deutsch-intensiv-phonetik\/"},"modified":"2026-04-04T03:12:46","modified_gmt":"2026-04-04T00:12:46","slug":"deutsch-intensiv-phonetik","status":"publish","type":"product","link":"https:\/\/exlibris.ee\/en\/product\/deutsch-intensiv-phonetik\/","title":{"rendered":"Deutsch intensiv &#8211; Phonetik"},"content":{"rendered":"<p>\u00dcbungsbuch f\u00fcr intensives Training der Aussprache f\u00fcr die Niveaus A1-B2 \u2013 f\u00fcr DaF-Selbstlernende oder kursbegleitend Intensiv: \u00dcbungen zum H\u00f6ren, Mitsprechen, Nachsprechen und selbstst\u00e4ndigen Sprechen, Komplett: Alle wichtigen phonetischen Themen: Buchstaben und Laute, Vokale und Konsonanten, Wort- und Satzakzent, Satzmelodie und Sprechrhythmus u. v. m.,H\u00f6rbar: Umfangreiche Tonaufnahmen zum Trainieren der korrekten Aussprache und Intonation \u2013 vom H\u00f6ren und Unterscheiden einzelner Laute bis zur richtigen Satzmelodie, Erkl\u00e4rend: Phonetisches rundwissen, Erl\u00e4uterungen mit Beispielen und Aussprachetipps zu jedem Thema, Glossar mit Fachbegriffen, Gemeinsam: Zus\u00e4tzliche Tandem-Aufgaben zum Abschluss jedes Kapitels, Selbstst\u00e4ndig: L\u00f6sungen zur Selbstkontrolle zu allen \u00dcbungen, Extra \u2013 Aussprache-Videos: Mund- und Lippenbewegungen, Betonung, Rhythmus, Melodie.<\/p>\n","protected":false},"excerpt":{"rendered":"<p>\u00dcbungsbuch f\u00fcr intensives Training der Aussprache f\u00fcr die Niveaus A1-B2 \u2013 f\u00fcr DaF-Selbstlernende oder kursbegleitend Intensiv: \u00dcbungen zum H\u00f6ren, Mitsprechen, Nachsprechen und selbstst\u00e4ndigen Sprechen, Komplett: Alle wichtigen phonetischen Themen: Buchstaben und Laute, Vokale und Konsonanten, Wort- und Satzakzent, Satzmelodie und&#8230;<\/p>\n","protected":false},"featured_media":91663,"template":"","meta":{"_acf_changed":false,"inline_featured_image":false},"product_brand":[],"product_cat":[538],"product_tag":[],"series":[{"id":926,"name":"Deutsch intensiv","slug":"deutsch-intensiv"}],"publisher":[{"id":473,"name":"Klett Verlag","slug":"klett-verlag"}],"class_list":{"0":"post-91752","1":"product","2":"type-product","3":"status-publish","4":"has-post-thumbnail","6":"product_cat-lehrwerke-fur-erwachsene","7":"series-deutsch-intensiv","8":"publisher-klett-verlag","10":"first","11":"onbackorder","12":"taxable","13":"shipping-taxable","14":"purchasable","15":"product-type-simple"},"acf":[],"_links":{"self":[{"href":"https:\/\/exlibris.ee\/en\/wp-json\/wp\/v2\/product\/91752","targetHints":{"allow":["GET"]}}],"collection":[{"href":"https:\/\/exlibris.ee\/en\/wp-json\/wp\/v2\/product"}],"about":[{"href":"https:\/\/exlibris.ee\/en\/wp-json\/wp\/v2\/types\/product"}],"wp:featuredmedia":[{"embeddable":true,"href":"https:\/\/exlibris.ee\/en\/wp-json\/wp\/v2\/media\/91663"}],"wp:attachment":[{"href":"https:\/\/exlibris.ee\/en\/wp-json\/wp\/v2\/media?parent=91752"}],"wp:term":[{"taxonomy":"product_brand","embeddable":true,"href":"https:\/\/exlibris.ee\/en\/wp-json\/wp\/v2\/product_brand?post=91752"},{"taxonomy":"product_cat","embeddable":true,"href":"https:\/\/exlibris.ee\/en\/wp-json\/wp\/v2\/product_cat?post=91752"},{"taxonomy":"product_tag","embeddable":true,"href":"https:\/\/exlibris.ee\/en\/wp-json\/wp\/v2\/product_tag?post=91752"},{"taxonomy":"series","embeddable":true,"href":"https:\/\/exlibris.ee\/en\/wp-json\/wp\/v2\/series?post=91752"},{"taxonomy":"publisher","embeddable":true,"href":"https:\/\/exlibris.ee\/en\/wp-json\/wp\/v2\/publisher?post=91752"}],"curies":[{"name":"wp","href":"https:\/\/api.w.org\/{rel}","templated":true}]}}