{"id":91753,"date":"2023-07-26T00:35:18","date_gmt":"2023-07-25T21:35:18","guid":{"rendered":"https:\/\/exlibris.ee\/toode\/grammatik-ist-klasse-a2\/"},"modified":"2026-04-17T15:29:50","modified_gmt":"2026-04-17T12:29:50","slug":"grammatik-ist-klasse-a2","status":"publish","type":"product","link":"https:\/\/exlibris.ee\/en\/product\/grammatik-ist-klasse-a2\/","title":{"rendered":"Grammatik ist klasse! A2: Selbst\u00e4ndig Deutsch \u00fcben"},"content":{"rendered":"<p>So gelingt Grammatiktraining f\u00fcr Jugendliche, erg\u00e4nzend zu jedem Lehrwerk<\/p>\n<p>18 Kapitel zu wichtigen Grammatikthemen der Niveaustufe A2<br \/>\nKlarer Aufbau: Verstehen \u2013 \u00dcben \u2013 Testen<br \/>\nEinfache Erkl\u00e4rungen und Tipps, wiederkehrende Aufgabenformate<br \/>\nGezielt nach F\u00f6rder- und Forderbedarf differenzierbar<br \/>\nVielf\u00e4ltige digitale Extras:<br \/>\nAudios, Grammatik-Clips, L\u00f6sungen, Verbenlisten, Glossar mit Grammatikbegriffen<\/p>\n","protected":false},"excerpt":{"rendered":"<p>So gelingt Grammatiktraining f\u00fcr Jugendliche, erg\u00e4nzend zu jedem Lehrwerk 18 Kapitel zu wichtigen Grammatikthemen der Niveaustufe A2 Klarer Aufbau: Verstehen \u2013 \u00dcben \u2013 Testen Einfache Erkl\u00e4rungen und Tipps, wiederkehrende Aufgabenformate Gezielt nach F\u00f6rder- und Forderbedarf differenzierbar Vielf\u00e4ltige digitale Extras: Audios,&#8230;<\/p>\n","protected":false},"featured_media":150401,"template":"","meta":{"_acf_changed":false,"inline_featured_image":false},"product_brand":[],"product_cat":[480],"product_tag":[],"series":[],"publisher":[{"id":473,"name":"Klett Verlag","slug":"klett-verlag"}],"class_list":{"0":"post-91753","1":"product","2":"type-product","3":"status-publish","4":"has-post-thumbnail","6":"product_cat-grammatiken","7":"publisher-klett-verlag","9":"first","10":"instock","11":"taxable","12":"shipping-taxable","13":"purchasable","14":"product-type-simple"},"acf":[],"_links":{"self":[{"href":"https:\/\/exlibris.ee\/en\/wp-json\/wp\/v2\/product\/91753","targetHints":{"allow":["GET"]}}],"collection":[{"href":"https:\/\/exlibris.ee\/en\/wp-json\/wp\/v2\/product"}],"about":[{"href":"https:\/\/exlibris.ee\/en\/wp-json\/wp\/v2\/types\/product"}],"wp:featuredmedia":[{"embeddable":true,"href":"https:\/\/exlibris.ee\/en\/wp-json\/wp\/v2\/media\/150401"}],"wp:attachment":[{"href":"https:\/\/exlibris.ee\/en\/wp-json\/wp\/v2\/media?parent=91753"}],"wp:term":[{"taxonomy":"product_brand","embeddable":true,"href":"https:\/\/exlibris.ee\/en\/wp-json\/wp\/v2\/product_brand?post=91753"},{"taxonomy":"product_cat","embeddable":true,"href":"https:\/\/exlibris.ee\/en\/wp-json\/wp\/v2\/product_cat?post=91753"},{"taxonomy":"product_tag","embeddable":true,"href":"https:\/\/exlibris.ee\/en\/wp-json\/wp\/v2\/product_tag?post=91753"},{"taxonomy":"series","embeddable":true,"href":"https:\/\/exlibris.ee\/en\/wp-json\/wp\/v2\/series?post=91753"},{"taxonomy":"publisher","embeddable":true,"href":"https:\/\/exlibris.ee\/en\/wp-json\/wp\/v2\/publisher?post=91753"}],"curies":[{"name":"wp","href":"https:\/\/api.w.org\/{rel}","templated":true}]}}