{"id":91768,"date":"2023-07-26T00:36:27","date_gmt":"2023-07-25T21:36:27","guid":{"rendered":"https:\/\/exlibris.ee\/toode\/dll-05-lehr-und-lernmedien\/"},"modified":"2026-04-05T15:24:17","modified_gmt":"2026-04-05T12:24:17","slug":"dll-05-lehr-und-lernmedien","status":"publish","type":"product","link":"https:\/\/exlibris.ee\/en\/product\/dll-05-lehr-und-lernmedien\/","title":{"rendered":"DLL 05: Lehr- und Lernmedien"},"content":{"rendered":"<p>Im Sprachunterricht begleiten Lehr- und Lernmedien den Lernprozess von Anfang an. Die Vielzahl der Medien macht Kommunikation m\u00f6glich, wie sie f\u00fcr viele Lernende auch au\u00dferhalb des Klassenzimmers Realit\u00e4t ist. Es ist wichtig, dass Lehrkr\u00e4fte Lehr- und Lernmedien f\u00fcr ihre Zielgruppe ausw\u00e4hlen und didaktisieren k\u00f6nnen und dass sie wissen, wie man Zusatzmaterialien f\u00fcr den eigenen Unterricht adaptieren kann. Der Band bietet eine grundlegende Neubearbeitung, die sowohl Aktualisierungen als auch das Hinzuf\u00fcgen neuer Inhalte umfasst: So haben die Themen Produktion von Zusatzmaterialien durch Lehrende und Lernende und der Wandel des Fremdsprachenunterrichts durch die digitalen Medien Eingang in den Band gefunden. In einem neuen Kapitel werden zudem digitale Werkzeuge und Apps f\u00fcr die Unterst\u00fctzung eines mobilen, kooperativen und multimodalen Lernens vorgestellt.<\/p>\n","protected":false},"excerpt":{"rendered":"<p>Im Sprachunterricht begleiten Lehr- und Lernmedien den Lernprozess von Anfang an. Die Vielzahl der Medien macht Kommunikation m\u00f6glich, wie sie f\u00fcr viele Lernende auch au\u00dferhalb des Klassenzimmers Realit\u00e4t ist. Es ist wichtig, dass Lehrkr\u00e4fte Lehr- und Lernmedien f\u00fcr ihre Zielgruppe&#8230;<\/p>\n","protected":false},"featured_media":91759,"template":"","meta":{"_acf_changed":false,"inline_featured_image":false},"product_brand":[],"product_cat":[886],"product_tag":[],"series":[{"id":912,"name":"dll deutsch lehren lernen","slug":"dll-deutsch-lehren-lernen"}],"publisher":[{"id":473,"name":"Klett Verlag","slug":"klett-verlag"}],"class_list":{"0":"post-91768","1":"product","2":"type-product","3":"status-publish","4":"has-post-thumbnail","6":"product_cat-methodik","7":"series-dll-deutsch-lehren-lernen","8":"publisher-klett-verlag","10":"first","11":"onbackorder","12":"taxable","13":"shipping-taxable","14":"purchasable","15":"product-type-simple"},"acf":[],"_links":{"self":[{"href":"https:\/\/exlibris.ee\/en\/wp-json\/wp\/v2\/product\/91768","targetHints":{"allow":["GET"]}}],"collection":[{"href":"https:\/\/exlibris.ee\/en\/wp-json\/wp\/v2\/product"}],"about":[{"href":"https:\/\/exlibris.ee\/en\/wp-json\/wp\/v2\/types\/product"}],"wp:featuredmedia":[{"embeddable":true,"href":"https:\/\/exlibris.ee\/en\/wp-json\/wp\/v2\/media\/91759"}],"wp:attachment":[{"href":"https:\/\/exlibris.ee\/en\/wp-json\/wp\/v2\/media?parent=91768"}],"wp:term":[{"taxonomy":"product_brand","embeddable":true,"href":"https:\/\/exlibris.ee\/en\/wp-json\/wp\/v2\/product_brand?post=91768"},{"taxonomy":"product_cat","embeddable":true,"href":"https:\/\/exlibris.ee\/en\/wp-json\/wp\/v2\/product_cat?post=91768"},{"taxonomy":"product_tag","embeddable":true,"href":"https:\/\/exlibris.ee\/en\/wp-json\/wp\/v2\/product_tag?post=91768"},{"taxonomy":"series","embeddable":true,"href":"https:\/\/exlibris.ee\/en\/wp-json\/wp\/v2\/series?post=91768"},{"taxonomy":"publisher","embeddable":true,"href":"https:\/\/exlibris.ee\/en\/wp-json\/wp\/v2\/publisher?post=91768"}],"curies":[{"name":"wp","href":"https:\/\/api.w.org\/{rel}","templated":true}]}}