{"id":91810,"date":"2023-07-26T00:37:43","date_gmt":"2023-07-25T21:37:43","guid":{"rendered":"https:\/\/exlibris.ee\/toode\/gemeinsamer-europ-referenzrahmen-fur-sprachen-begleitb-m-deskriptoren\/"},"modified":"2026-04-06T09:10:21","modified_gmt":"2026-04-06T06:10:21","slug":"gemeinsamer-europ-referenzrahmen-fur-sprachen-begleitb-m-deskriptoren","status":"publish","type":"product","link":"https:\/\/exlibris.ee\/en\/product\/gemeinsamer-europ-referenzrahmen-fur-sprachen-begleitb-m-deskriptoren\/","title":{"rendered":"Gemeinsamer Europ. Referenzrahmen f\u00fcr Sprachen &#8211; Begleitb.m. Deskriptoren"},"content":{"rendered":"<p>Der Begleitband erg\u00e4nzt den bestehenden GER u.a. um die folgenden Skalen und Neuerungen: Definition einer umfangreichen Skalierung f\u00fcr den Bereich Mediation. Neue Deskriptoren f\u00fcr Online-Interaktionen, Telekommunikation, Umgang mit kreativen Texten und Literatur. Neue Skalen f\u00fcr plurikulturelle bzw. plurilinguistische Kompetenzen. Erg\u00e4nzte Beschreibungen von H\u00f6ren und Lesen sowie f\u00fcr die Sprachniveaus A1, C1 und C2. Definition der &#8220;plus-Niveaus&#8221; und eines neuen &#8220;vor-A1-Niveaus&#8221;.<\/p>\n","protected":false},"excerpt":{"rendered":"<p>Der Begleitband erg\u00e4nzt den bestehenden GER u.a. um die folgenden Skalen und Neuerungen: Definition einer umfangreichen Skalierung f\u00fcr den Bereich Mediation. Neue Deskriptoren f\u00fcr Online-Interaktionen, Telekommunikation, Umgang mit kreativen Texten und Literatur. Neue Skalen f\u00fcr plurikulturelle bzw. plurilinguistische Kompetenzen. Erg\u00e4nzte&#8230;<\/p>\n","protected":false},"featured_media":91789,"template":"","meta":{"_acf_changed":false,"inline_featured_image":false},"product_brand":[],"product_cat":[886],"product_tag":[],"series":[],"publisher":[{"id":473,"name":"Klett Verlag","slug":"klett-verlag"}],"class_list":{"0":"post-91810","1":"product","2":"type-product","3":"status-publish","4":"has-post-thumbnail","6":"product_cat-methodik","7":"publisher-klett-verlag","9":"first","10":"onbackorder","11":"taxable","12":"shipping-taxable","13":"purchasable","14":"product-type-simple"},"acf":[],"_links":{"self":[{"href":"https:\/\/exlibris.ee\/en\/wp-json\/wp\/v2\/product\/91810","targetHints":{"allow":["GET"]}}],"collection":[{"href":"https:\/\/exlibris.ee\/en\/wp-json\/wp\/v2\/product"}],"about":[{"href":"https:\/\/exlibris.ee\/en\/wp-json\/wp\/v2\/types\/product"}],"wp:featuredmedia":[{"embeddable":true,"href":"https:\/\/exlibris.ee\/en\/wp-json\/wp\/v2\/media\/91789"}],"wp:attachment":[{"href":"https:\/\/exlibris.ee\/en\/wp-json\/wp\/v2\/media?parent=91810"}],"wp:term":[{"taxonomy":"product_brand","embeddable":true,"href":"https:\/\/exlibris.ee\/en\/wp-json\/wp\/v2\/product_brand?post=91810"},{"taxonomy":"product_cat","embeddable":true,"href":"https:\/\/exlibris.ee\/en\/wp-json\/wp\/v2\/product_cat?post=91810"},{"taxonomy":"product_tag","embeddable":true,"href":"https:\/\/exlibris.ee\/en\/wp-json\/wp\/v2\/product_tag?post=91810"},{"taxonomy":"series","embeddable":true,"href":"https:\/\/exlibris.ee\/en\/wp-json\/wp\/v2\/series?post=91810"},{"taxonomy":"publisher","embeddable":true,"href":"https:\/\/exlibris.ee\/en\/wp-json\/wp\/v2\/publisher?post=91810"}],"curies":[{"name":"wp","href":"https:\/\/api.w.org\/{rel}","templated":true}]}}