{"id":91814,"date":"2023-07-26T00:37:44","date_gmt":"2023-07-25T21:37:44","guid":{"rendered":"https:\/\/exlibris.ee\/toode\/praktikum-gesucht\/"},"modified":"2026-04-20T09:30:12","modified_gmt":"2026-04-20T06:30:12","slug":"praktikum-gesucht","status":"publish","type":"product","link":"https:\/\/exlibris.ee\/en\/product\/praktikum-gesucht\/","title":{"rendered":"Praktikum gesucht"},"content":{"rendered":"<p>Sergio m\u00f6chte ein Praktikum in einer Autowerkstatt machen. Leider macht er beim Chef der Werkstatt keinen guten Eindruck. So bekommt seine Klassenkameradin Anna die Stelle. Sergio ist entt\u00e4uscht. Was kann er tun, damit auch er einen Praktikumsplatz bekommt? H\u00f6rdateien kostenlos erh\u00e4ltlich \u00fcber die App Klett Augmented!<\/p>\n","protected":false},"excerpt":{"rendered":"<p>Sergio m\u00f6chte ein Praktikum in einer Autowerkstatt machen. Leider macht er beim Chef der Werkstatt keinen guten Eindruck. So bekommt seine Klassenkameradin Anna die Stelle. Sergio ist entt\u00e4uscht. Was kann er tun, damit auch er einen Praktikumsplatz bekommt? H\u00f6rdateien kostenlos&#8230;<\/p>\n","protected":false},"featured_media":372170,"template":"","meta":{"_acf_changed":false,"inline_featured_image":false},"product_brand":[],"product_cat":[851],"product_tag":[],"series":[{"id":1506,"name":"Deutsch (hoch 3)","slug":"deutsch-hoch-3"}],"publisher":[{"id":473,"name":"Klett Verlag","slug":"klett-verlag"}],"class_list":{"0":"post-91814","1":"product","2":"type-product","3":"status-publish","4":"has-post-thumbnail","6":"product_cat-lesetexte-deutsch","7":"series-deutsch-hoch-3","8":"publisher-klett-verlag","10":"first","11":"onbackorder","12":"taxable","13":"shipping-taxable","14":"purchasable","15":"product-type-simple"},"acf":[],"_links":{"self":[{"href":"https:\/\/exlibris.ee\/en\/wp-json\/wp\/v2\/product\/91814","targetHints":{"allow":["GET"]}}],"collection":[{"href":"https:\/\/exlibris.ee\/en\/wp-json\/wp\/v2\/product"}],"about":[{"href":"https:\/\/exlibris.ee\/en\/wp-json\/wp\/v2\/types\/product"}],"wp:featuredmedia":[{"embeddable":true,"href":"https:\/\/exlibris.ee\/en\/wp-json\/wp\/v2\/media\/372170"}],"wp:attachment":[{"href":"https:\/\/exlibris.ee\/en\/wp-json\/wp\/v2\/media?parent=91814"}],"wp:term":[{"taxonomy":"product_brand","embeddable":true,"href":"https:\/\/exlibris.ee\/en\/wp-json\/wp\/v2\/product_brand?post=91814"},{"taxonomy":"product_cat","embeddable":true,"href":"https:\/\/exlibris.ee\/en\/wp-json\/wp\/v2\/product_cat?post=91814"},{"taxonomy":"product_tag","embeddable":true,"href":"https:\/\/exlibris.ee\/en\/wp-json\/wp\/v2\/product_tag?post=91814"},{"taxonomy":"series","embeddable":true,"href":"https:\/\/exlibris.ee\/en\/wp-json\/wp\/v2\/series?post=91814"},{"taxonomy":"publisher","embeddable":true,"href":"https:\/\/exlibris.ee\/en\/wp-json\/wp\/v2\/publisher?post=91814"}],"curies":[{"name":"wp","href":"https:\/\/api.w.org\/{rel}","templated":true}]}}