{"id":92046,"date":"2023-07-26T16:08:49","date_gmt":"2023-07-26T13:08:49","guid":{"rendered":"https:\/\/exlibris.ee\/toode\/ambaraba-2-libro-per-lalunno-libro-2-cd-audio\/"},"modified":"2026-04-05T17:37:07","modified_gmt":"2026-04-05T14:37:07","slug":"ambaraba-2-libro-per-lalunno-libro-2-cd-audio","status":"publish","type":"product","link":"https:\/\/exlibris.ee\/en\/product\/ambaraba-2-libro-per-lalunno-libro-2-cd-audio\/","title":{"rendered":"Ambarab\u00e0 2 \u2013 Libro per l\u2019alunno (libro + 2 CD audio)"},"content":{"rendered":"<p>Ambarab\u00e0 \u00e8 un corso di italiano per bambini della scuola primaria (6-10 anni). Il corso \u00e8 frutto di una sperimentazione condotta con successo per diversi anni dall\u2019Istituto Pedagogico di Bolzano e si presta ad essere utilizzato sia all\u2019estero con bambini stranieri sia in Italia con classi mono e plurilingue.<\/p>\n","protected":false},"excerpt":{"rendered":"<p>Ambarab\u00e0 \u00e8 un corso di italiano per bambini della scuola primaria (6-10 anni). Il corso \u00e8 frutto di una sperimentazione condotta con successo per diversi anni dall\u2019Istituto Pedagogico di Bolzano e si presta ad essere utilizzato sia all\u2019estero con bambini&#8230;<\/p>\n","protected":false},"featured_media":91938,"template":"","meta":{"_acf_changed":false,"inline_featured_image":false},"product_brand":[],"product_cat":[2397],"product_tag":[],"series":[{"id":1510,"name":"Ambarab\u00e0","slug":"ambaraba"}],"publisher":[{"id":1461,"name":"ALMA Edizioni","slug":"alma-edizioni"}],"class_list":{"0":"post-92046","1":"product","2":"type-product","3":"status-publish","4":"has-post-thumbnail","6":"product_cat-lk-muud","7":"series-ambaraba","8":"publisher-alma-edizioni","10":"first","11":"instock","12":"taxable","13":"shipping-taxable","14":"purchasable","15":"product-type-simple"},"acf":[],"_links":{"self":[{"href":"https:\/\/exlibris.ee\/en\/wp-json\/wp\/v2\/product\/92046","targetHints":{"allow":["GET"]}}],"collection":[{"href":"https:\/\/exlibris.ee\/en\/wp-json\/wp\/v2\/product"}],"about":[{"href":"https:\/\/exlibris.ee\/en\/wp-json\/wp\/v2\/types\/product"}],"wp:featuredmedia":[{"embeddable":true,"href":"https:\/\/exlibris.ee\/en\/wp-json\/wp\/v2\/media\/91938"}],"wp:attachment":[{"href":"https:\/\/exlibris.ee\/en\/wp-json\/wp\/v2\/media?parent=92046"}],"wp:term":[{"taxonomy":"product_brand","embeddable":true,"href":"https:\/\/exlibris.ee\/en\/wp-json\/wp\/v2\/product_brand?post=92046"},{"taxonomy":"product_cat","embeddable":true,"href":"https:\/\/exlibris.ee\/en\/wp-json\/wp\/v2\/product_cat?post=92046"},{"taxonomy":"product_tag","embeddable":true,"href":"https:\/\/exlibris.ee\/en\/wp-json\/wp\/v2\/product_tag?post=92046"},{"taxonomy":"series","embeddable":true,"href":"https:\/\/exlibris.ee\/en\/wp-json\/wp\/v2\/series?post=92046"},{"taxonomy":"publisher","embeddable":true,"href":"https:\/\/exlibris.ee\/en\/wp-json\/wp\/v2\/publisher?post=92046"}],"curies":[{"name":"wp","href":"https:\/\/api.w.org\/{rel}","templated":true}]}}