{"id":92071,"date":"2023-07-26T16:08:52","date_gmt":"2023-07-26T13:08:52","guid":{"rendered":"https:\/\/exlibris.ee\/toode\/chiaro-ascolti-supplementari-libro-1-cd-audio\/"},"modified":"2026-04-11T02:24:23","modified_gmt":"2026-04-10T23:24:23","slug":"chiaro-ascolti-supplementari-libro-1-cd-audio","status":"publish","type":"product","link":"https:\/\/exlibris.ee\/en\/product\/chiaro-ascolti-supplementari-libro-1-cd-audio\/","title":{"rendered":"Chiaro! \u2013 Ascolti supplementari (libro + 1 CD audio)"},"content":{"rendered":"<p>Dialoghi autentici per esercitare, sviluppare e perfezionare la comprensione orale, corredati da numerose attivit\u00e0 di produzione orale e spunti di conversazione. Pu\u00f2 essere usato in accompagnamento al corso Chiaro! o indipendentemente. \u00c8 adatto all\u00b4autoapprendimento, anche grazie alle soluzioni riportate in appendice, che permettono di verificare l\u2019esattezza delle risposte fornite. Tutti i dialoghi, oltre che nel CD audio allegato, sono scaricabili gratuitamente. Clicca qui per scaricare la tracce in formato mp3!<\/p>\n","protected":false},"excerpt":{"rendered":"<p>Dialoghi autentici per esercitare, sviluppare e perfezionare la comprensione orale, corredati da numerose attivit\u00e0 di produzione orale e spunti di conversazione. Pu\u00f2 essere usato in accompagnamento al corso Chiaro! o indipendentemente. \u00c8 adatto all\u00b4autoapprendimento, anche grazie alle soluzioni riportate in&#8230;<\/p>\n","protected":false},"featured_media":188298,"template":"","meta":{"_acf_changed":false,"inline_featured_image":false},"product_brand":[],"product_cat":[888],"product_tag":[],"series":[{"id":1513,"name":"Chiaro!","slug":"chiaro"}],"publisher":[{"id":1461,"name":"ALMA Edizioni","slug":"alma-edizioni"}],"class_list":{"0":"post-92071","1":"product","2":"type-product","3":"status-publish","4":"has-post-thumbnail","6":"product_cat-itaalia-keel","7":"series-chiaro","8":"publisher-alma-edizioni","10":"first","11":"onbackorder","12":"taxable","13":"shipping-taxable","14":"purchasable","15":"product-type-simple"},"acf":[],"_links":{"self":[{"href":"https:\/\/exlibris.ee\/en\/wp-json\/wp\/v2\/product\/92071","targetHints":{"allow":["GET"]}}],"collection":[{"href":"https:\/\/exlibris.ee\/en\/wp-json\/wp\/v2\/product"}],"about":[{"href":"https:\/\/exlibris.ee\/en\/wp-json\/wp\/v2\/types\/product"}],"wp:featuredmedia":[{"embeddable":true,"href":"https:\/\/exlibris.ee\/en\/wp-json\/wp\/v2\/media\/188298"}],"wp:attachment":[{"href":"https:\/\/exlibris.ee\/en\/wp-json\/wp\/v2\/media?parent=92071"}],"wp:term":[{"taxonomy":"product_brand","embeddable":true,"href":"https:\/\/exlibris.ee\/en\/wp-json\/wp\/v2\/product_brand?post=92071"},{"taxonomy":"product_cat","embeddable":true,"href":"https:\/\/exlibris.ee\/en\/wp-json\/wp\/v2\/product_cat?post=92071"},{"taxonomy":"product_tag","embeddable":true,"href":"https:\/\/exlibris.ee\/en\/wp-json\/wp\/v2\/product_tag?post=92071"},{"taxonomy":"series","embeddable":true,"href":"https:\/\/exlibris.ee\/en\/wp-json\/wp\/v2\/series?post=92071"},{"taxonomy":"publisher","embeddable":true,"href":"https:\/\/exlibris.ee\/en\/wp-json\/wp\/v2\/publisher?post=92071"}],"curies":[{"name":"wp","href":"https:\/\/api.w.org\/{rel}","templated":true}]}}