{"id":92072,"date":"2023-07-26T16:08:52","date_gmt":"2023-07-26T13:08:52","guid":{"rendered":"https:\/\/exlibris.ee\/toode\/attestato-ada-libro\/"},"modified":"2026-04-03T11:25:07","modified_gmt":"2026-04-03T08:25:07","slug":"attestato-ada-libro","status":"publish","type":"product","link":"https:\/\/exlibris.ee\/en\/product\/attestato-ada-libro\/","title":{"rendered":"Attestato ADA (libro)"},"content":{"rendered":"<p>Un sillabo completo ed esauriente per la programmazione dei corsi, la definizione dei livelli di competenza e dei contenuti dell\u00b4offerta didattica, secondo le linee guida indicate dalla Societ\u00e0 Dante Alighieri, il pi\u00f9 importante e prestigioso Ente di promozione della lingua italiana nel mondo. \u00c8 un testo di riferimento flessibile e facilmente adattabile ai bisogni dei destinatari di ogni tipo di corso e ai diversi contesti di insegnamento. Non si rivolge pertanto solo agli insegnanti della Societ\u00e0 Dante Alighieri, ma si configura come uno strumento di lavoro indispensabile per tutti i docenti di italiano L2\/LS.<\/p>\n","protected":false},"excerpt":{"rendered":"<p>Un sillabo completo ed esauriente per la programmazione dei corsi, la definizione dei livelli di competenza e dei contenuti dell\u00b4offerta didattica, secondo le linee guida indicate dalla Societ\u00e0 Dante Alighieri, il pi\u00f9 importante e prestigioso Ente di promozione della lingua&#8230;<\/p>\n","protected":false},"featured_media":92016,"template":"","meta":{"_acf_changed":false,"inline_featured_image":false},"product_brand":[],"product_cat":[888],"product_tag":[],"series":[],"publisher":[{"id":1461,"name":"ALMA Edizioni","slug":"alma-edizioni"}],"class_list":{"0":"post-92072","1":"product","2":"type-product","3":"status-publish","4":"has-post-thumbnail","6":"product_cat-itaalia-keel","7":"publisher-alma-edizioni","9":"first","10":"onbackorder","11":"taxable","12":"shipping-taxable","13":"purchasable","14":"product-type-simple"},"acf":[],"_links":{"self":[{"href":"https:\/\/exlibris.ee\/en\/wp-json\/wp\/v2\/product\/92072","targetHints":{"allow":["GET"]}}],"collection":[{"href":"https:\/\/exlibris.ee\/en\/wp-json\/wp\/v2\/product"}],"about":[{"href":"https:\/\/exlibris.ee\/en\/wp-json\/wp\/v2\/types\/product"}],"wp:featuredmedia":[{"embeddable":true,"href":"https:\/\/exlibris.ee\/en\/wp-json\/wp\/v2\/media\/92016"}],"wp:attachment":[{"href":"https:\/\/exlibris.ee\/en\/wp-json\/wp\/v2\/media?parent=92072"}],"wp:term":[{"taxonomy":"product_brand","embeddable":true,"href":"https:\/\/exlibris.ee\/en\/wp-json\/wp\/v2\/product_brand?post=92072"},{"taxonomy":"product_cat","embeddable":true,"href":"https:\/\/exlibris.ee\/en\/wp-json\/wp\/v2\/product_cat?post=92072"},{"taxonomy":"product_tag","embeddable":true,"href":"https:\/\/exlibris.ee\/en\/wp-json\/wp\/v2\/product_tag?post=92072"},{"taxonomy":"series","embeddable":true,"href":"https:\/\/exlibris.ee\/en\/wp-json\/wp\/v2\/series?post=92072"},{"taxonomy":"publisher","embeddable":true,"href":"https:\/\/exlibris.ee\/en\/wp-json\/wp\/v2\/publisher?post=92072"}],"curies":[{"name":"wp","href":"https:\/\/api.w.org\/{rel}","templated":true}]}}