{"id":92335,"date":"2023-07-26T16:10:25","date_gmt":"2023-07-26T13:10:25","guid":{"rendered":"https:\/\/exlibris.ee\/toode\/bar-italia-libro\/"},"modified":"2026-04-23T11:33:37","modified_gmt":"2026-04-23T08:33:37","slug":"bar-italia-libro","status":"publish","type":"product","link":"https:\/\/exlibris.ee\/en\/product\/bar-italia-libro\/","title":{"rendered":"Bar Italia (libro)"},"content":{"rendered":"<p>Questo libro presenta una serie di articoli sulla vita, la societ\u00e0, la mentalit\u00e0 e le abitudini italiane. Ai testi, ognuno su un argomento specifico (le case degli italiani, la superstizione, il mammismo, il rito del caff\u00e8, la moda del telefonino, ecc.) si affiancano numerose attivit\u00e0 didattiche che mirano a sviluppare la capacit\u00e0 di leggere, parlare e scrivere in italiano. Gli articoli presenti nel volume, tutti tratti dalla stampa quotidiana e periodica, sono organizzati in unit\u00e0 didattiche di difficolt\u00e0 progressiva. Oltre alle attivit\u00e0 per la classe, di tipo comunicativo, ludico e interattivo, ogni unit\u00e0 comprende molti esercizi di revisione del lessico, della morfologia e della sintassi, che possono essere svolti anche in autoapprendimento (il testo \u00e8 fornito di chiavi). Bar Italia \u00e8 adatto a studenti di livello post-elementare, intermedio e avanzato (A1-C1), e si propone come un utile strumento per avvicinarsi in modo non superficiale alla realt\u00e0 italiana, affinando al tempo stesso le conoscenze della lingua.<\/p>\n","protected":false},"excerpt":{"rendered":"<p>Questo libro presenta una serie di articoli sulla vita, la societ\u00e0, la mentalit\u00e0 e le abitudini italiane. Ai testi, ognuno su un argomento specifico (le case degli italiani, la superstizione, il mammismo, il rito del caff\u00e8, la moda del telefonino,&#8230;<\/p>\n","protected":false},"featured_media":426357,"template":"","meta":{"_acf_changed":false,"inline_featured_image":false},"product_brand":[],"product_cat":[888],"product_tag":[],"series":[],"publisher":[{"id":1461,"name":"ALMA Edizioni","slug":"alma-edizioni"}],"class_list":{"0":"post-92335","1":"product","2":"type-product","3":"status-publish","4":"has-post-thumbnail","6":"product_cat-itaalia-keel","7":"publisher-alma-edizioni","9":"first","10":"instock","11":"taxable","12":"shipping-taxable","13":"purchasable","14":"product-type-simple"},"acf":[],"_links":{"self":[{"href":"https:\/\/exlibris.ee\/en\/wp-json\/wp\/v2\/product\/92335","targetHints":{"allow":["GET"]}}],"collection":[{"href":"https:\/\/exlibris.ee\/en\/wp-json\/wp\/v2\/product"}],"about":[{"href":"https:\/\/exlibris.ee\/en\/wp-json\/wp\/v2\/types\/product"}],"wp:featuredmedia":[{"embeddable":true,"href":"https:\/\/exlibris.ee\/en\/wp-json\/wp\/v2\/media\/426357"}],"wp:attachment":[{"href":"https:\/\/exlibris.ee\/en\/wp-json\/wp\/v2\/media?parent=92335"}],"wp:term":[{"taxonomy":"product_brand","embeddable":true,"href":"https:\/\/exlibris.ee\/en\/wp-json\/wp\/v2\/product_brand?post=92335"},{"taxonomy":"product_cat","embeddable":true,"href":"https:\/\/exlibris.ee\/en\/wp-json\/wp\/v2\/product_cat?post=92335"},{"taxonomy":"product_tag","embeddable":true,"href":"https:\/\/exlibris.ee\/en\/wp-json\/wp\/v2\/product_tag?post=92335"},{"taxonomy":"series","embeddable":true,"href":"https:\/\/exlibris.ee\/en\/wp-json\/wp\/v2\/series?post=92335"},{"taxonomy":"publisher","embeddable":true,"href":"https:\/\/exlibris.ee\/en\/wp-json\/wp\/v2\/publisher?post=92335"}],"curies":[{"name":"wp","href":"https:\/\/api.w.org\/{rel}","templated":true}]}}