{"id":92342,"date":"2023-07-26T16:10:26","date_gmt":"2023-07-26T13:10:26","guid":{"rendered":"https:\/\/exlibris.ee\/toode\/grammamia-libro-audio-online\/"},"modified":"2026-04-05T19:32:05","modified_gmt":"2026-04-05T16:32:05","slug":"grammamia-libro-audio-online","status":"publish","type":"product","link":"https:\/\/exlibris.ee\/en\/product\/grammamia-libro-audio-online\/","title":{"rendered":"Grammamia! (libro + audio online)"},"content":{"rendered":"<p>GrammaMia! \u00e8 una grammatica italiana con esercizi rivolta a studenti stranieri dagli 11 ai 14 anni. Il testo costituisce un primo contatto con la grammatica italiana. Attraverso schede chiare ed essenziali, vengono spiegate tutte le principali regole della lingua. A ci\u00f2 vanno aggiunti moltissimi esercizi, quiz, giochi, che consentono di esercitarsi nell\u2019italiano e di ricavare al contempo informazioni sulla vita, la societ\u00e0, la cultura, la geografia e la storia italiana. Particolare attenzione \u00e8 stata rivolta agli ambiti lessicali pi\u00f9 frequentati dai giovani, fornendo quindi agli studenti strumenti non solo linguistici ma anche comunicativi. Il libro \u00e8 adatto per studenti di livello elementare, intermedio e avanzato, e pu\u00f2 essere utilizzato sia in classi di soli stranieri, sia in classi miste con alunni stranieri e italiani, sia in classi di italiani con un solo studente straniero.<\/p>\n","protected":false},"excerpt":{"rendered":"<p>GrammaMia! \u00e8 una grammatica italiana con esercizi rivolta a studenti stranieri dagli 11 ai 14 anni. Il testo costituisce un primo contatto con la grammatica italiana. Attraverso schede chiare ed essenziali, vengono spiegate tutte le principali regole della lingua. A&#8230;<\/p>\n","protected":false},"featured_media":92269,"template":"","meta":{"_acf_changed":false,"inline_featured_image":false},"product_brand":[],"product_cat":[888],"product_tag":[],"series":[],"publisher":[{"id":1461,"name":"ALMA Edizioni","slug":"alma-edizioni"}],"class_list":{"0":"post-92342","1":"product","2":"type-product","3":"status-publish","4":"has-post-thumbnail","6":"product_cat-itaalia-keel","7":"publisher-alma-edizioni","9":"first","10":"instock","11":"taxable","12":"shipping-taxable","13":"purchasable","14":"product-type-simple"},"acf":[],"_links":{"self":[{"href":"https:\/\/exlibris.ee\/en\/wp-json\/wp\/v2\/product\/92342","targetHints":{"allow":["GET"]}}],"collection":[{"href":"https:\/\/exlibris.ee\/en\/wp-json\/wp\/v2\/product"}],"about":[{"href":"https:\/\/exlibris.ee\/en\/wp-json\/wp\/v2\/types\/product"}],"wp:featuredmedia":[{"embeddable":true,"href":"https:\/\/exlibris.ee\/en\/wp-json\/wp\/v2\/media\/92269"}],"wp:attachment":[{"href":"https:\/\/exlibris.ee\/en\/wp-json\/wp\/v2\/media?parent=92342"}],"wp:term":[{"taxonomy":"product_brand","embeddable":true,"href":"https:\/\/exlibris.ee\/en\/wp-json\/wp\/v2\/product_brand?post=92342"},{"taxonomy":"product_cat","embeddable":true,"href":"https:\/\/exlibris.ee\/en\/wp-json\/wp\/v2\/product_cat?post=92342"},{"taxonomy":"product_tag","embeddable":true,"href":"https:\/\/exlibris.ee\/en\/wp-json\/wp\/v2\/product_tag?post=92342"},{"taxonomy":"series","embeddable":true,"href":"https:\/\/exlibris.ee\/en\/wp-json\/wp\/v2\/series?post=92342"},{"taxonomy":"publisher","embeddable":true,"href":"https:\/\/exlibris.ee\/en\/wp-json\/wp\/v2\/publisher?post=92342"}],"curies":[{"name":"wp","href":"https:\/\/api.w.org\/{rel}","templated":true}]}}