{"id":92352,"date":"2023-07-26T16:15:40","date_gmt":"2023-07-26T13:15:40","guid":{"rendered":"https:\/\/exlibris.ee\/toode\/tere-volli\/"},"modified":"2026-04-25T01:48:53","modified_gmt":"2026-04-24T22:48:53","slug":"tere-volli","status":"publish","type":"product","link":"https:\/\/exlibris.ee\/en\/product\/tere-volli\/","title":{"rendered":"Tere, Volli"},"content":{"rendered":"<p>Volli ei ole v\u00e4lja m\u00f5eldud, nagu seda on \u00c4mblikmees v\u00f5i Pipi Pikksukk, ta on p\u00e4riselt olemas. Vollile ei meeldi tegevusetult lakke vaadata ja oodata, et keegi temaga tegeleks, ta tegutseb ise. Ning isegi siis, kui Volli teinekord igavusest korraks lakke vaatab, tuleb talle kohe p\u00e4he trobikond vahvat ideed, millest kasv\u00f5i \u00fche teokstegemine paneb ema \u00f5hku ahmima ning isa igavikulistele v\u00e4\u00e4rtustele m\u00f5tlema.<\/p>\n","protected":false},"excerpt":{"rendered":"<p>Volli ei ole v\u00e4lja m\u00f5eldud, nagu seda on \u00c4mblikmees v\u00f5i Pipi Pikksukk, ta on p\u00e4riselt olemas. Vollile ei meeldi tegevusetult lakke vaadata ja oodata, et keegi temaga tegeleks, ta tegutseb ise. Ning isegi siis, kui Volli teinekord igavusest korraks lakke&#8230;<\/p>\n","protected":false},"featured_media":106096,"template":"","meta":{"_acf_changed":false,"inline_featured_image":false},"product_brand":[],"product_cat":[699],"product_tag":[],"series":[],"publisher":[{"id":1527,"name":"T\u00c4NAP\u00c4EV","slug":"tanapaev"}],"class_list":{"0":"post-92352","1":"product","2":"type-product","3":"status-publish","4":"has-post-thumbnail","6":"product_cat-opikud-lastele-ja-noortele","7":"publisher-tanapaev","9":"first","10":"onbackorder","11":"taxable","12":"shipping-taxable","13":"purchasable","14":"product-type-simple"},"acf":[],"_links":{"self":[{"href":"https:\/\/exlibris.ee\/en\/wp-json\/wp\/v2\/product\/92352","targetHints":{"allow":["GET"]}}],"collection":[{"href":"https:\/\/exlibris.ee\/en\/wp-json\/wp\/v2\/product"}],"about":[{"href":"https:\/\/exlibris.ee\/en\/wp-json\/wp\/v2\/types\/product"}],"wp:featuredmedia":[{"embeddable":true,"href":"https:\/\/exlibris.ee\/en\/wp-json\/wp\/v2\/media\/106096"}],"wp:attachment":[{"href":"https:\/\/exlibris.ee\/en\/wp-json\/wp\/v2\/media?parent=92352"}],"wp:term":[{"taxonomy":"product_brand","embeddable":true,"href":"https:\/\/exlibris.ee\/en\/wp-json\/wp\/v2\/product_brand?post=92352"},{"taxonomy":"product_cat","embeddable":true,"href":"https:\/\/exlibris.ee\/en\/wp-json\/wp\/v2\/product_cat?post=92352"},{"taxonomy":"product_tag","embeddable":true,"href":"https:\/\/exlibris.ee\/en\/wp-json\/wp\/v2\/product_tag?post=92352"},{"taxonomy":"series","embeddable":true,"href":"https:\/\/exlibris.ee\/en\/wp-json\/wp\/v2\/series?post=92352"},{"taxonomy":"publisher","embeddable":true,"href":"https:\/\/exlibris.ee\/en\/wp-json\/wp\/v2\/publisher?post=92352"}],"curies":[{"name":"wp","href":"https:\/\/api.w.org\/{rel}","templated":true}]}}