{"id":92817,"date":"2023-07-27T01:48:24","date_gmt":"2023-07-26T22:48:24","guid":{"rendered":"https:\/\/exlibris.ee\/toode\/le-citta-impossibili-libro-audio-online\/"},"modified":"2026-04-14T03:44:38","modified_gmt":"2026-04-14T00:44:38","slug":"le-citta-impossibili-libro-audio-online","status":"publish","type":"product","link":"https:\/\/exlibris.ee\/en\/product\/le-citta-impossibili-libro-audio-online\/","title":{"rendered":"Le citt\u00e0 impossibili (libro + audio online)"},"content":{"rendered":"<p>Un viaggio in Italia con gli occhi di uno straniero. Nel Bel Paese ogni citt\u00e0 ha un suo preciso carattere: ma \u00e8 proprio vero? Visitando ogni volta una citt\u00e0 diversa, il viaggiatore fa incontri particolari, esperienze divertenti o strane e osserva con ironia un Paese che ha tante anime e tante particolarit\u00e0. Una nuova serie di letture graduate, in un nuovo formato tutto a colori e con la possibilit\u00e0 di accedere gratuitamente on line alla versione audio del testo, con voci di attori professionisti ed effetti sonori realistici e coinvolgenti. La versione audio permette di gustare al meglio il racconto. \u00e8 inoltre utile per migliorare la capacit\u00e0 di comprensione orale, l\u2019intonazione e la pronuncia. La collana presenta numerosi titoli inediti oltre alla nuova edizione delle letture pi\u00f9 belle della vecchia serie. Ogni racconto \u00e8 integrato da test di comprensione, esercizi, attivit\u00e0 didattiche. I testi sono graduati in cinque livelli e consentono allo studente non madrelingua di scoprire il piacere di leggere in italiano, affinando al tempo stesso le proprie conoscenze linguistiche. La collana Italiano Facile propone una serie di racconti originali e semplici da leggere. Ogni racconto \u00e8 integrato da test di comprensione, esercizi, attivit\u00e0 didattiche.Insieme al libro \u00e8 disponibile un CD audio contenente una brillante recitazione del testo, con musiche e effetti sonori. L\u2019ascolto del CD permette di gustare al meglio il racconto. \u00c8 inoltre utile per migliorare la capacit\u00e0 di comprensione orale, l\u2019intonazione e la  pronuncia. I testi della collana Italiano Facile sono graduati in cinque livelli e consentono allo studente non madrelingua di scoprire il piacere di leggere in italiano, affinando al tempo stesso le proprie conoscenze linguistiche. Spaziando nei generi pi\u00f9 disparati (giallo, storico, poliziesco, avventuroso, sentimentale, ecc.) e avvalendosi di uno stile vivace e coinvolgente, offrono la possibilit\u00e0 di entrare in contatto con la realt\u00e0 della lingua viva, fuori dai <\/p>\n","protected":false},"excerpt":{"rendered":"<p>Un viaggio in Italia con gli occhi di uno straniero. Nel Bel Paese ogni citt\u00e0 ha un suo preciso carattere: ma \u00e8 proprio vero? Visitando ogni volta una citt\u00e0 diversa, il viaggiatore fa incontri particolari, esperienze divertenti o strane e&#8230;<\/p>\n","protected":false},"featured_media":255457,"template":"","meta":{"_acf_changed":false,"inline_featured_image":false},"product_brand":[],"product_cat":[888],"product_tag":[],"series":[],"publisher":[{"id":1461,"name":"ALMA Edizioni","slug":"alma-edizioni"}],"class_list":{"0":"post-92817","1":"product","2":"type-product","3":"status-publish","4":"has-post-thumbnail","6":"product_cat-itaalia-keel","7":"publisher-alma-edizioni","9":"first","10":"onbackorder","11":"taxable","12":"shipping-taxable","13":"purchasable","14":"product-type-simple"},"acf":[],"_links":{"self":[{"href":"https:\/\/exlibris.ee\/en\/wp-json\/wp\/v2\/product\/92817","targetHints":{"allow":["GET"]}}],"collection":[{"href":"https:\/\/exlibris.ee\/en\/wp-json\/wp\/v2\/product"}],"about":[{"href":"https:\/\/exlibris.ee\/en\/wp-json\/wp\/v2\/types\/product"}],"wp:featuredmedia":[{"embeddable":true,"href":"https:\/\/exlibris.ee\/en\/wp-json\/wp\/v2\/media\/255457"}],"wp:attachment":[{"href":"https:\/\/exlibris.ee\/en\/wp-json\/wp\/v2\/media?parent=92817"}],"wp:term":[{"taxonomy":"product_brand","embeddable":true,"href":"https:\/\/exlibris.ee\/en\/wp-json\/wp\/v2\/product_brand?post=92817"},{"taxonomy":"product_cat","embeddable":true,"href":"https:\/\/exlibris.ee\/en\/wp-json\/wp\/v2\/product_cat?post=92817"},{"taxonomy":"product_tag","embeddable":true,"href":"https:\/\/exlibris.ee\/en\/wp-json\/wp\/v2\/product_tag?post=92817"},{"taxonomy":"series","embeddable":true,"href":"https:\/\/exlibris.ee\/en\/wp-json\/wp\/v2\/series?post=92817"},{"taxonomy":"publisher","embeddable":true,"href":"https:\/\/exlibris.ee\/en\/wp-json\/wp\/v2\/publisher?post=92817"}],"curies":[{"name":"wp","href":"https:\/\/api.w.org\/{rel}","templated":true}]}}