{"id":92895,"date":"2023-07-27T01:48:33","date_gmt":"2023-07-26T22:48:33","guid":{"rendered":"https:\/\/exlibris.ee\/toode\/italian-grammar-in-practice-updated-edition-libro-ebook-interattivo\/"},"modified":"2026-04-15T19:44:23","modified_gmt":"2026-04-15T16:44:23","slug":"italian-grammar-in-practice-updated-edition-libro-ebook-interattivo","status":"publish","type":"product","link":"https:\/\/exlibris.ee\/en\/product\/italian-grammar-in-practice-updated-edition-libro-ebook-interattivo\/","title":{"rendered":"Italian Grammar in Practice Updated Edition (libro + ebook interattivo)"},"content":{"rendered":"<p>Esercizi e schede grammaticali chiare ed essenziali. Questo libro, con istruzioni e grammatica in inglese, permette agli studenti anglofoni di esercitare la grammatica italiana in modo completo ed efficace. Attraverso schede grammaticali chiare ed essenziali, vengono spiegate tutte le principali regole della lingua italiana. A ci\u00f2 vanno aggiunti moltissimi esercizi, quiz, giochi, che oltre ad \u201callenare\u201d lo studente nell\u2019uso della lingua, consentono di ricavare anche informazioni sulla vita, la societ\u00e0, la cultura e la storia italiana. Sia nella presentazione delle regole che negli esercizi, particolare attenzione \u00e8 riservata alle forme pi\u00f9 utili e frequenti, nell\u2019intento di fornire una lingua pratica, autentica, di immediata utilizzazione. Sempre a questo scopo, non vengono trascurate le espressioni idiomatiche e gergali e le forme tipiche del parlato.<\/p>\n","protected":false},"excerpt":{"rendered":"<p>Esercizi e schede grammaticali chiare ed essenziali. Questo libro, con istruzioni e grammatica in inglese, permette agli studenti anglofoni di esercitare la grammatica italiana in modo completo ed efficace. Attraverso schede grammaticali chiare ed essenziali, vengono spiegate tutte le principali&#8230;<\/p>\n","protected":false},"featured_media":289180,"template":"","meta":{"_acf_changed":false,"inline_featured_image":false},"product_brand":[],"product_cat":[888],"product_tag":[],"series":[],"publisher":[{"id":1461,"name":"ALMA Edizioni","slug":"alma-edizioni"}],"class_list":{"0":"post-92895","1":"product","2":"type-product","3":"status-publish","4":"has-post-thumbnail","6":"product_cat-itaalia-keel","7":"publisher-alma-edizioni","9":"first","10":"onbackorder","11":"taxable","12":"shipping-taxable","13":"purchasable","14":"product-type-simple"},"acf":[],"_links":{"self":[{"href":"https:\/\/exlibris.ee\/en\/wp-json\/wp\/v2\/product\/92895","targetHints":{"allow":["GET"]}}],"collection":[{"href":"https:\/\/exlibris.ee\/en\/wp-json\/wp\/v2\/product"}],"about":[{"href":"https:\/\/exlibris.ee\/en\/wp-json\/wp\/v2\/types\/product"}],"wp:featuredmedia":[{"embeddable":true,"href":"https:\/\/exlibris.ee\/en\/wp-json\/wp\/v2\/media\/289180"}],"wp:attachment":[{"href":"https:\/\/exlibris.ee\/en\/wp-json\/wp\/v2\/media?parent=92895"}],"wp:term":[{"taxonomy":"product_brand","embeddable":true,"href":"https:\/\/exlibris.ee\/en\/wp-json\/wp\/v2\/product_brand?post=92895"},{"taxonomy":"product_cat","embeddable":true,"href":"https:\/\/exlibris.ee\/en\/wp-json\/wp\/v2\/product_cat?post=92895"},{"taxonomy":"product_tag","embeddable":true,"href":"https:\/\/exlibris.ee\/en\/wp-json\/wp\/v2\/product_tag?post=92895"},{"taxonomy":"series","embeddable":true,"href":"https:\/\/exlibris.ee\/en\/wp-json\/wp\/v2\/series?post=92895"},{"taxonomy":"publisher","embeddable":true,"href":"https:\/\/exlibris.ee\/en\/wp-json\/wp\/v2\/publisher?post=92895"}],"curies":[{"name":"wp","href":"https:\/\/api.w.org\/{rel}","templated":true}]}}