{"id":92962,"date":"2023-07-31T15:58:37","date_gmt":"2023-07-31T12:58:37","guid":{"rendered":"https:\/\/exlibris.ee\/toode\/piazza-italia-2\/"},"modified":"2026-04-04T05:25:03","modified_gmt":"2026-04-04T02:25:03","slug":"piazza-italia-2","status":"publish","type":"product","link":"https:\/\/exlibris.ee\/en\/product\/piazza-italia-2\/","title":{"rendered":"Piazza Italia 2"},"content":{"rendered":"<p>Una serie di testi autentici tratti da giornali, riviste, siti web, blog relativi alla vita, alla societ\u00e0, alla mentalit\u00e0 e alle abitudini italiane. I testi sono organizzati in unit\u00e0 didattiche di difficolt\u00e0 progressiva che comprendono attivit\u00e0 per la classe e numerosi esercizi di revisione che mirano a sviluppare la capacit\u00e0 di leggere, parlare e scrivere in italiano. L\u00b4ebook si propone come uno strumento utile e accattivante per entrare in contatto in modo autentico e non stereotipato con la realt\u00e0 italiana. Piazza Italia 2 \u00e8 adatto a studenti di livello  intermedio e avanzato (B1 &#8211; C1).<\/p>\n","protected":false},"excerpt":{"rendered":"<p>Una serie di testi autentici tratti da giornali, riviste, siti web, blog relativi alla vita, alla societ\u00e0, alla mentalit\u00e0 e alle abitudini italiane. I testi sono organizzati in unit\u00e0 didattiche di difficolt\u00e0 progressiva che comprendono attivit\u00e0 per la classe e&#8230;<\/p>\n","protected":false},"featured_media":92944,"template":"","meta":{"_acf_changed":false,"inline_featured_image":false},"product_brand":[],"product_cat":[888],"product_tag":[],"series":[],"publisher":[{"id":1461,"name":"ALMA Edizioni","slug":"alma-edizioni"}],"class_list":{"0":"post-92962","1":"product","2":"type-product","3":"status-publish","4":"has-post-thumbnail","6":"product_cat-itaalia-keel","7":"publisher-alma-edizioni","9":"first","10":"instock","11":"taxable","12":"shipping-taxable","13":"purchasable","14":"product-type-simple"},"acf":[],"_links":{"self":[{"href":"https:\/\/exlibris.ee\/en\/wp-json\/wp\/v2\/product\/92962","targetHints":{"allow":["GET"]}}],"collection":[{"href":"https:\/\/exlibris.ee\/en\/wp-json\/wp\/v2\/product"}],"about":[{"href":"https:\/\/exlibris.ee\/en\/wp-json\/wp\/v2\/types\/product"}],"wp:featuredmedia":[{"embeddable":true,"href":"https:\/\/exlibris.ee\/en\/wp-json\/wp\/v2\/media\/92944"}],"wp:attachment":[{"href":"https:\/\/exlibris.ee\/en\/wp-json\/wp\/v2\/media?parent=92962"}],"wp:term":[{"taxonomy":"product_brand","embeddable":true,"href":"https:\/\/exlibris.ee\/en\/wp-json\/wp\/v2\/product_brand?post=92962"},{"taxonomy":"product_cat","embeddable":true,"href":"https:\/\/exlibris.ee\/en\/wp-json\/wp\/v2\/product_cat?post=92962"},{"taxonomy":"product_tag","embeddable":true,"href":"https:\/\/exlibris.ee\/en\/wp-json\/wp\/v2\/product_tag?post=92962"},{"taxonomy":"series","embeddable":true,"href":"https:\/\/exlibris.ee\/en\/wp-json\/wp\/v2\/series?post=92962"},{"taxonomy":"publisher","embeddable":true,"href":"https:\/\/exlibris.ee\/en\/wp-json\/wp\/v2\/publisher?post=92962"}],"curies":[{"name":"wp","href":"https:\/\/api.w.org\/{rel}","templated":true}]}}