{"id":93129,"date":"2023-07-31T16:00:11","date_gmt":"2023-07-31T13:00:11","guid":{"rendered":"https:\/\/exlibris.ee\/toode\/le-citta-impossibili-ebook\/"},"modified":"2026-04-21T14:11:37","modified_gmt":"2026-04-21T11:11:37","slug":"le-citta-impossibili-ebook","status":"publish","type":"product","link":"https:\/\/exlibris.ee\/en\/product\/le-citta-impossibili-ebook\/","title":{"rendered":"Le citt\u00e0 impossibili (ebook)"},"content":{"rendered":"<p>Un viaggio in Italia con gli occhi di uno straniero. Nel Bel Paese ogni citt\u00e0 ha un suo preciso carattere: ma \u00e8 proprio vero? Visitando ogni volta una citt\u00e0 diversa, il viaggiatore fa incontri particolari, esperienze divertenti o strane e osserva con ironia un Paese che ha tante anime e tante particolarit\u00e0. Una nuova serie di letture graduate, in un nuovo formato tutto a colori e con la possibilit\u00e0 di accedere gratuitamente on line alla versione audio del testo, con voci di attori professionisti ed effetti sonori realistici e coinvolgenti. La versione audio permette di gustare al meglio il racconto. \u00e8 inoltre utile per migliorare la capacit\u00e0 di comprensione orale, l\u2019intonazione e la pronuncia.<\/p>\n","protected":false},"excerpt":{"rendered":"<p>Un viaggio in Italia con gli occhi di uno straniero. Nel Bel Paese ogni citt\u00e0 ha un suo preciso carattere: ma \u00e8 proprio vero? Visitando ogni volta una citt\u00e0 diversa, il viaggiatore fa incontri particolari, esperienze divertenti o strane e&#8230;<\/p>\n","protected":false},"featured_media":392584,"template":"","meta":{"_acf_changed":false,"inline_featured_image":false},"product_brand":[],"product_cat":[888],"product_tag":[],"series":[],"publisher":[{"id":1461,"name":"ALMA Edizioni","slug":"alma-edizioni"}],"class_list":{"0":"post-93129","1":"product","2":"type-product","3":"status-publish","4":"has-post-thumbnail","6":"product_cat-itaalia-keel","7":"publisher-alma-edizioni","9":"first","10":"onbackorder","11":"taxable","12":"shipping-taxable","13":"purchasable","14":"product-type-simple"},"acf":[],"_links":{"self":[{"href":"https:\/\/exlibris.ee\/en\/wp-json\/wp\/v2\/product\/93129","targetHints":{"allow":["GET"]}}],"collection":[{"href":"https:\/\/exlibris.ee\/en\/wp-json\/wp\/v2\/product"}],"about":[{"href":"https:\/\/exlibris.ee\/en\/wp-json\/wp\/v2\/types\/product"}],"wp:featuredmedia":[{"embeddable":true,"href":"https:\/\/exlibris.ee\/en\/wp-json\/wp\/v2\/media\/392584"}],"wp:attachment":[{"href":"https:\/\/exlibris.ee\/en\/wp-json\/wp\/v2\/media?parent=93129"}],"wp:term":[{"taxonomy":"product_brand","embeddable":true,"href":"https:\/\/exlibris.ee\/en\/wp-json\/wp\/v2\/product_brand?post=93129"},{"taxonomy":"product_cat","embeddable":true,"href":"https:\/\/exlibris.ee\/en\/wp-json\/wp\/v2\/product_cat?post=93129"},{"taxonomy":"product_tag","embeddable":true,"href":"https:\/\/exlibris.ee\/en\/wp-json\/wp\/v2\/product_tag?post=93129"},{"taxonomy":"series","embeddable":true,"href":"https:\/\/exlibris.ee\/en\/wp-json\/wp\/v2\/series?post=93129"},{"taxonomy":"publisher","embeddable":true,"href":"https:\/\/exlibris.ee\/en\/wp-json\/wp\/v2\/publisher?post=93129"}],"curies":[{"name":"wp","href":"https:\/\/api.w.org\/{rel}","templated":true}]}}