{"id":93145,"date":"2023-07-31T16:00:13","date_gmt":"2023-07-31T13:00:13","guid":{"rendered":"https:\/\/exlibris.ee\/toode\/storie-per-ridere-ebook\/"},"modified":"2026-04-04T23:27:34","modified_gmt":"2026-04-04T20:27:34","slug":"storie-per-ridere-ebook","status":"publish","type":"product","link":"https:\/\/exlibris.ee\/en\/product\/storie-per-ridere-ebook\/","title":{"rendered":"Storie per ridere (ebook)"},"content":{"rendered":"<p>Studiare italiano con le barzellette: perch\u00e9? Per imparare meglio la lingua, ma anche conoscere la cultura italiana, perch\u00e9 le barzellette sono in qualche modo un punto di vista sulla realt\u00e0 e sul carattere di un popolo. Ma soprattutto, per imparare con un sorriso! Una nuova serie di letture graduate, in un nuovo formato tutto a colori e con la possibilit\u00e0 di accedere gratuitamente online alla versione audio del testo, con voci di attori professionisti ed effetti sonori realistici e coinvolgenti. La versione audio permette di gustare al meglio il racconto. \u00e8 inoltre utile per migliorare la capacit\u00e0 di comprensione orale, l\u2019intonazione e la pronuncia.<\/p>\n","protected":false},"excerpt":{"rendered":"<p>Studiare italiano con le barzellette: perch\u00e9? Per imparare meglio la lingua, ma anche conoscere la cultura italiana, perch\u00e9 le barzellette sono in qualche modo un punto di vista sulla realt\u00e0 e sul carattere di un popolo. Ma soprattutto, per imparare&#8230;<\/p>\n","protected":false},"featured_media":93050,"template":"","meta":{"_acf_changed":false,"inline_featured_image":false},"product_brand":[],"product_cat":[888],"product_tag":[],"series":[{"id":1535,"name":"Storie","slug":"storie"}],"publisher":[{"id":1461,"name":"ALMA Edizioni","slug":"alma-edizioni"}],"class_list":{"0":"post-93145","1":"product","2":"type-product","3":"status-publish","4":"has-post-thumbnail","6":"product_cat-itaalia-keel","7":"series-storie","8":"publisher-alma-edizioni","10":"first","11":"onbackorder","12":"taxable","13":"shipping-taxable","14":"purchasable","15":"product-type-simple"},"acf":[],"_links":{"self":[{"href":"https:\/\/exlibris.ee\/en\/wp-json\/wp\/v2\/product\/93145","targetHints":{"allow":["GET"]}}],"collection":[{"href":"https:\/\/exlibris.ee\/en\/wp-json\/wp\/v2\/product"}],"about":[{"href":"https:\/\/exlibris.ee\/en\/wp-json\/wp\/v2\/types\/product"}],"wp:featuredmedia":[{"embeddable":true,"href":"https:\/\/exlibris.ee\/en\/wp-json\/wp\/v2\/media\/93050"}],"wp:attachment":[{"href":"https:\/\/exlibris.ee\/en\/wp-json\/wp\/v2\/media?parent=93145"}],"wp:term":[{"taxonomy":"product_brand","embeddable":true,"href":"https:\/\/exlibris.ee\/en\/wp-json\/wp\/v2\/product_brand?post=93145"},{"taxonomy":"product_cat","embeddable":true,"href":"https:\/\/exlibris.ee\/en\/wp-json\/wp\/v2\/product_cat?post=93145"},{"taxonomy":"product_tag","embeddable":true,"href":"https:\/\/exlibris.ee\/en\/wp-json\/wp\/v2\/product_tag?post=93145"},{"taxonomy":"series","embeddable":true,"href":"https:\/\/exlibris.ee\/en\/wp-json\/wp\/v2\/series?post=93145"},{"taxonomy":"publisher","embeddable":true,"href":"https:\/\/exlibris.ee\/en\/wp-json\/wp\/v2\/publisher?post=93145"}],"curies":[{"name":"wp","href":"https:\/\/api.w.org\/{rel}","templated":true}]}}