{"id":93159,"date":"2023-07-31T16:00:14","date_gmt":"2023-07-31T13:00:14","guid":{"rendered":"https:\/\/exlibris.ee\/toode\/unaltra-vita-ebook\/"},"modified":"2026-05-02T15:40:05","modified_gmt":"2026-05-02T12:40:05","slug":"unaltra-vita-ebook","status":"publish","type":"product","link":"https:\/\/exlibris.ee\/en\/product\/unaltra-vita-ebook\/","title":{"rendered":"Un\u00b4altra vita (ebook)"},"content":{"rendered":"<p>Giacomo \u00e8 un ragazzo che pensa solo a se stesso. Passa il tempo divertendosi con gli amici e giocando al casin\u00f2. La famiglia per lui \u00e8 solo un posto dove andare a mangiare, a dormire e a chiedere soldi. Una sera, tornando a casa, viene rapito. Tuttavia nel suo rapimento ci sono molte cose incomprensibili: come mai i suoi rapitori non chiedono soldi alla sua famiglia? Perch\u00e9 sanno cos\u00ec tante cose di lui, come se lo conoscessero da sempre? E dove sono i suoi genitori? Perch\u00e9 non avvertono la polizia? Un\u00b4emozionante storia ricca di mistero, ma anche un viaggio interiore alla scoperta di se stessi, un racconto commovente sulla famiglia e sui sentimenti. La collana Italiano Facile propone una serie di racconti originali e semplici da leggere. Ogni racconto \u00e8 integrato da test di comprensione, esercizi, attivit\u00e0 didattiche.<\/p>\n","protected":false},"excerpt":{"rendered":"<p>Giacomo \u00e8 un ragazzo che pensa solo a se stesso. Passa il tempo divertendosi con gli amici e giocando al casin\u00f2. La famiglia per lui \u00e8 solo un posto dove andare a mangiare, a dormire e a chiedere soldi. Una&#8230;<\/p>\n","protected":false},"featured_media":611741,"template":"","meta":{"_acf_changed":false,"inline_featured_image":false},"product_brand":[],"product_cat":[888],"product_tag":[],"series":[],"publisher":[{"id":1461,"name":"ALMA Edizioni","slug":"alma-edizioni"}],"class_list":{"0":"post-93159","1":"product","2":"type-product","3":"status-publish","4":"has-post-thumbnail","6":"product_cat-itaalia-keel","7":"publisher-alma-edizioni","9":"first","10":"onbackorder","11":"taxable","12":"shipping-taxable","13":"purchasable","14":"product-type-simple"},"acf":[],"_links":{"self":[{"href":"https:\/\/exlibris.ee\/en\/wp-json\/wp\/v2\/product\/93159","targetHints":{"allow":["GET"]}}],"collection":[{"href":"https:\/\/exlibris.ee\/en\/wp-json\/wp\/v2\/product"}],"about":[{"href":"https:\/\/exlibris.ee\/en\/wp-json\/wp\/v2\/types\/product"}],"wp:featuredmedia":[{"embeddable":true,"href":"https:\/\/exlibris.ee\/en\/wp-json\/wp\/v2\/media\/611741"}],"wp:attachment":[{"href":"https:\/\/exlibris.ee\/en\/wp-json\/wp\/v2\/media?parent=93159"}],"wp:term":[{"taxonomy":"product_brand","embeddable":true,"href":"https:\/\/exlibris.ee\/en\/wp-json\/wp\/v2\/product_brand?post=93159"},{"taxonomy":"product_cat","embeddable":true,"href":"https:\/\/exlibris.ee\/en\/wp-json\/wp\/v2\/product_cat?post=93159"},{"taxonomy":"product_tag","embeddable":true,"href":"https:\/\/exlibris.ee\/en\/wp-json\/wp\/v2\/product_tag?post=93159"},{"taxonomy":"series","embeddable":true,"href":"https:\/\/exlibris.ee\/en\/wp-json\/wp\/v2\/series?post=93159"},{"taxonomy":"publisher","embeddable":true,"href":"https:\/\/exlibris.ee\/en\/wp-json\/wp\/v2\/publisher?post=93159"}],"curies":[{"name":"wp","href":"https:\/\/api.w.org\/{rel}","templated":true}]}}