{"id":93248,"date":"2023-07-31T16:01:37","date_gmt":"2023-07-31T13:01:37","guid":{"rendered":"https:\/\/exlibris.ee\/toode\/italiano-attivo-ebook\/"},"modified":"2026-04-18T18:16:34","modified_gmt":"2026-04-18T15:16:34","slug":"italiano-attivo-ebook","status":"publish","type":"product","link":"https:\/\/exlibris.ee\/en\/product\/italiano-attivo-ebook\/","title":{"rendered":"Italiano attivo (ebook)"},"content":{"rendered":"<p>Il volume \u00e8 un repertorio di attivit\u00e0 linguistiche per bambini dai 5 agli 11 anni, e pu\u00f2 essere utilizzato sia in classi di alunni stranieri all\u2019estero che in classi plurilingue in Italia. Il testo (disponibile in formato ebook) offre la possibilit\u00e0 di coinvolgere bambini con competenze diverse (stranieri e italiani o solo stranieri) in un apprendimento attivo, motivante, cooperativo e basato sul fare con la lingua: drammatizzazioni, problem solving, scrittura creativa, giochi grammaticali e lessicali. Ogni attivit\u00e0 prevede una scheda per l\u2019insegnante con indicazioni sulla fascia d\u2019et\u00e0, il livello di difficolt\u00e0, l\u2019obiettivo didattico, l\u2019abilit\u00e0 coinvolta (ascoltare, parlare, leggere, scrivere), la durata e istruzioni chiare ed essenziali sulla preparazione e lo svolgimento.<\/p>\n","protected":false},"excerpt":{"rendered":"<p>Il volume \u00e8 un repertorio di attivit\u00e0 linguistiche per bambini dai 5 agli 11 anni, e pu\u00f2 essere utilizzato sia in classi di alunni stranieri all\u2019estero che in classi plurilingue in Italia. Il testo (disponibile in formato ebook) offre la&#8230;<\/p>\n","protected":false},"featured_media":340761,"template":"","meta":{"_acf_changed":false,"inline_featured_image":false},"product_brand":[],"product_cat":[888],"product_tag":[],"series":[],"publisher":[{"id":1461,"name":"ALMA Edizioni","slug":"alma-edizioni"}],"class_list":{"0":"post-93248","1":"product","2":"type-product","3":"status-publish","4":"has-post-thumbnail","6":"product_cat-itaalia-keel","7":"publisher-alma-edizioni","9":"first","10":"onbackorder","11":"taxable","12":"shipping-taxable","13":"purchasable","14":"product-type-simple"},"acf":[],"_links":{"self":[{"href":"https:\/\/exlibris.ee\/en\/wp-json\/wp\/v2\/product\/93248","targetHints":{"allow":["GET"]}}],"collection":[{"href":"https:\/\/exlibris.ee\/en\/wp-json\/wp\/v2\/product"}],"about":[{"href":"https:\/\/exlibris.ee\/en\/wp-json\/wp\/v2\/types\/product"}],"wp:featuredmedia":[{"embeddable":true,"href":"https:\/\/exlibris.ee\/en\/wp-json\/wp\/v2\/media\/340761"}],"wp:attachment":[{"href":"https:\/\/exlibris.ee\/en\/wp-json\/wp\/v2\/media?parent=93248"}],"wp:term":[{"taxonomy":"product_brand","embeddable":true,"href":"https:\/\/exlibris.ee\/en\/wp-json\/wp\/v2\/product_brand?post=93248"},{"taxonomy":"product_cat","embeddable":true,"href":"https:\/\/exlibris.ee\/en\/wp-json\/wp\/v2\/product_cat?post=93248"},{"taxonomy":"product_tag","embeddable":true,"href":"https:\/\/exlibris.ee\/en\/wp-json\/wp\/v2\/product_tag?post=93248"},{"taxonomy":"series","embeddable":true,"href":"https:\/\/exlibris.ee\/en\/wp-json\/wp\/v2\/series?post=93248"},{"taxonomy":"publisher","embeddable":true,"href":"https:\/\/exlibris.ee\/en\/wp-json\/wp\/v2\/publisher?post=93248"}],"curies":[{"name":"wp","href":"https:\/\/api.w.org\/{rel}","templated":true}]}}