{"id":95644,"date":"2023-08-22T02:03:02","date_gmt":"2023-08-21T23:03:02","guid":{"rendered":"https:\/\/exlibris.ee\/toode\/huellas-en-la-nieve-a2\/"},"modified":"2026-04-23T08:41:25","modified_gmt":"2026-04-23T05:41:25","slug":"huellas-en-la-nieve-a2","status":"publish","type":"product","link":"https:\/\/exlibris.ee\/en\/product\/huellas-en-la-nieve-a2\/","title":{"rendered":"HUELLAS EN LA NIEVE  A2"},"content":{"rendered":"<p>Para Carlos, un chico de quince a\u00f1os, aficionado al esqu\u00ed y al monta\u00f1ismo, la monta\u00f1a es un verdadero para\u00edso. El descubrimiento de extra\u00f1as huellas le lleva a adentrarse en el coraz\u00f3n de la monta\u00f1a. El abominable hombre de las nieves ha vuelto? Qui\u00e9n es aquel hombre tan raro que Carlos encuentra en el ayuntamiento? Carlos descubrir\u00e1 toda la verdad y salvar\u00e1 el pueblo de una terrible cat\u00e1strofe.<\/p>\n","protected":false},"excerpt":{"rendered":"<p>Para Carlos, un chico de quince a\u00f1os, aficionado al esqu\u00ed y al monta\u00f1ismo, la monta\u00f1a es un verdadero para\u00edso. El descubrimiento de extra\u00f1as huellas le lleva a adentrarse en el coraz\u00f3n de la monta\u00f1a. El abominable hombre de las nieves&#8230;<\/p>\n","protected":false},"featured_media":0,"template":"","meta":{"_acf_changed":false,"inline_featured_image":false},"product_brand":[],"product_cat":[889],"product_tag":[],"series":[{"id":1595,"name":"Leer y Aprender","slug":"leer-y-aprender"}],"publisher":[{"id":1584,"name":"Cideb","slug":"cideb"}],"class_list":{"0":"post-95644","1":"product","2":"type-product","3":"status-publish","5":"product_cat-hispaania-keel","6":"series-leer-y-aprender","7":"publisher-cideb","9":"first","10":"onbackorder","11":"taxable","12":"shipping-taxable","13":"purchasable","14":"product-type-simple"},"acf":[],"_links":{"self":[{"href":"https:\/\/exlibris.ee\/en\/wp-json\/wp\/v2\/product\/95644","targetHints":{"allow":["GET"]}}],"collection":[{"href":"https:\/\/exlibris.ee\/en\/wp-json\/wp\/v2\/product"}],"about":[{"href":"https:\/\/exlibris.ee\/en\/wp-json\/wp\/v2\/types\/product"}],"wp:attachment":[{"href":"https:\/\/exlibris.ee\/en\/wp-json\/wp\/v2\/media?parent=95644"}],"wp:term":[{"taxonomy":"product_brand","embeddable":true,"href":"https:\/\/exlibris.ee\/en\/wp-json\/wp\/v2\/product_brand?post=95644"},{"taxonomy":"product_cat","embeddable":true,"href":"https:\/\/exlibris.ee\/en\/wp-json\/wp\/v2\/product_cat?post=95644"},{"taxonomy":"product_tag","embeddable":true,"href":"https:\/\/exlibris.ee\/en\/wp-json\/wp\/v2\/product_tag?post=95644"},{"taxonomy":"series","embeddable":true,"href":"https:\/\/exlibris.ee\/en\/wp-json\/wp\/v2\/series?post=95644"},{"taxonomy":"publisher","embeddable":true,"href":"https:\/\/exlibris.ee\/en\/wp-json\/wp\/v2\/publisher?post=95644"}],"curies":[{"name":"wp","href":"https:\/\/api.w.org\/{rel}","templated":true}]}}