{"id":96468,"date":"2023-08-22T02:05:29","date_gmt":"2023-08-21T23:05:29","guid":{"rendered":"https:\/\/exlibris.ee\/toode\/tous-ensemble-2-elexlv\/"},"modified":"2026-04-05T17:34:54","modified_gmt":"2026-04-05T14:34:54","slug":"tous-ensemble-2-elexlv","status":"publish","type":"product","link":"https:\/\/exlibris.ee\/en\/product\/tous-ensemble-2-elexlv\/","title":{"rendered":"TOUS ENSEMBLE 2 EL+EX+LV\/ Int. A1-A2 Pack"},"content":{"rendered":"<p>Tous ensemble ! est une m\u00e9thode de fran\u00e7ais en 4 volumes destin\u00e9e aux d\u00e9butants et faux d\u00e9butants. Elle permet d\u2019atteindre un niveau A2+ \u00e0 la fin du quatri\u00e8me volume. Claire, rigoureuse, actuelle, captivante et facile \u00e0 utiliser, la m\u00e9thode propose \u00e9galement le Livre Num\u00e9rique ainsi que de nombreuses ressources extra disponibles sur le site. Chaque volume se compose de 6 unit\u00e9s.<\/p>\n","protected":false},"excerpt":{"rendered":"<p>Tous ensemble ! est une m\u00e9thode de fran\u00e7ais en 4 volumes destin\u00e9e aux d\u00e9butants et faux d\u00e9butants. Elle permet d\u2019atteindre un niveau A2+ \u00e0 la fin du quatri\u00e8me volume. Claire, rigoureuse, actuelle, captivante et facile \u00e0 utiliser, la m\u00e9thode propose&#8230;<\/p>\n","protected":false},"featured_media":96089,"template":"","meta":{"_acf_changed":false,"inline_featured_image":false},"product_brand":[],"product_cat":[887],"product_tag":[],"series":[{"id":1600,"name":"M\u00e9thode","slug":"methode"}],"publisher":[{"id":1584,"name":"Cideb","slug":"cideb"}],"class_list":{"0":"post-96468","1":"product","2":"type-product","3":"status-publish","4":"has-post-thumbnail","6":"product_cat-prantsuse-keel","7":"series-methode","8":"publisher-cideb","10":"first","11":"onbackorder","12":"taxable","13":"shipping-taxable","14":"purchasable","15":"product-type-simple"},"acf":[],"_links":{"self":[{"href":"https:\/\/exlibris.ee\/en\/wp-json\/wp\/v2\/product\/96468","targetHints":{"allow":["GET"]}}],"collection":[{"href":"https:\/\/exlibris.ee\/en\/wp-json\/wp\/v2\/product"}],"about":[{"href":"https:\/\/exlibris.ee\/en\/wp-json\/wp\/v2\/types\/product"}],"wp:featuredmedia":[{"embeddable":true,"href":"https:\/\/exlibris.ee\/en\/wp-json\/wp\/v2\/media\/96089"}],"wp:attachment":[{"href":"https:\/\/exlibris.ee\/en\/wp-json\/wp\/v2\/media?parent=96468"}],"wp:term":[{"taxonomy":"product_brand","embeddable":true,"href":"https:\/\/exlibris.ee\/en\/wp-json\/wp\/v2\/product_brand?post=96468"},{"taxonomy":"product_cat","embeddable":true,"href":"https:\/\/exlibris.ee\/en\/wp-json\/wp\/v2\/product_cat?post=96468"},{"taxonomy":"product_tag","embeddable":true,"href":"https:\/\/exlibris.ee\/en\/wp-json\/wp\/v2\/product_tag?post=96468"},{"taxonomy":"series","embeddable":true,"href":"https:\/\/exlibris.ee\/en\/wp-json\/wp\/v2\/series?post=96468"},{"taxonomy":"publisher","embeddable":true,"href":"https:\/\/exlibris.ee\/en\/wp-json\/wp\/v2\/publisher?post=96468"}],"curies":[{"name":"wp","href":"https:\/\/api.w.org\/{rel}","templated":true}]}}