{"id":97097,"date":"2023-08-22T02:07:50","date_gmt":"2023-08-21T23:07:50","guid":{"rendered":"https:\/\/exlibris.ee\/toode\/dejar-huella-a2\/"},"modified":"2026-04-07T05:32:11","modified_gmt":"2026-04-07T02:32:11","slug":"dejar-huella-a2","status":"publish","type":"product","link":"https:\/\/exlibris.ee\/en\/product\/dejar-huella-a2\/","title":{"rendered":"DEJAR HUELLA  A2"},"content":{"rendered":"<p>Sim\u00f3n Bol\u00edvar, Frida Kahlo, Federico Garc\u00eda Lorca, Clara Campoamor and Victoria Kent, Margarita Salas, F\u00e9lix Rodr\u00edguez de la Fuente, Rigoberta Mench\u00fa, Rafael Nadal. Nine men and women who managed to make their dreams come true thanks to their determination and commitment. Overcoming misfortunes and accidents, they have advanced the fields of science and culture, fought for human rights, and battled to defend the natural world. Dive into these exciting stories with us and take inspiration from them.<\/p>\n","protected":false},"excerpt":{"rendered":"<p>Sim\u00f3n Bol\u00edvar, Frida Kahlo, Federico Garc\u00eda Lorca, Clara Campoamor and Victoria Kent, Margarita Salas, F\u00e9lix Rodr\u00edguez de la Fuente, Rigoberta Mench\u00fa, Rafael Nadal. Nine men and women who managed to make their dreams come true thanks to their determination and&#8230;<\/p>\n","protected":false},"featured_media":96940,"template":"","meta":{"_acf_changed":false,"inline_featured_image":false},"product_brand":[],"product_cat":[889],"product_tag":[],"series":[{"id":1595,"name":"Leer y Aprender","slug":"leer-y-aprender"}],"publisher":[{"id":1584,"name":"Cideb","slug":"cideb"}],"class_list":{"0":"post-97097","1":"product","2":"type-product","3":"status-publish","4":"has-post-thumbnail","6":"product_cat-hispaania-keel","7":"series-leer-y-aprender","8":"publisher-cideb","10":"first","11":"onbackorder","12":"taxable","13":"shipping-taxable","14":"purchasable","15":"product-type-simple"},"acf":[],"_links":{"self":[{"href":"https:\/\/exlibris.ee\/en\/wp-json\/wp\/v2\/product\/97097","targetHints":{"allow":["GET"]}}],"collection":[{"href":"https:\/\/exlibris.ee\/en\/wp-json\/wp\/v2\/product"}],"about":[{"href":"https:\/\/exlibris.ee\/en\/wp-json\/wp\/v2\/types\/product"}],"wp:featuredmedia":[{"embeddable":true,"href":"https:\/\/exlibris.ee\/en\/wp-json\/wp\/v2\/media\/96940"}],"wp:attachment":[{"href":"https:\/\/exlibris.ee\/en\/wp-json\/wp\/v2\/media?parent=97097"}],"wp:term":[{"taxonomy":"product_brand","embeddable":true,"href":"https:\/\/exlibris.ee\/en\/wp-json\/wp\/v2\/product_brand?post=97097"},{"taxonomy":"product_cat","embeddable":true,"href":"https:\/\/exlibris.ee\/en\/wp-json\/wp\/v2\/product_cat?post=97097"},{"taxonomy":"product_tag","embeddable":true,"href":"https:\/\/exlibris.ee\/en\/wp-json\/wp\/v2\/product_tag?post=97097"},{"taxonomy":"series","embeddable":true,"href":"https:\/\/exlibris.ee\/en\/wp-json\/wp\/v2\/series?post=97097"},{"taxonomy":"publisher","embeddable":true,"href":"https:\/\/exlibris.ee\/en\/wp-json\/wp\/v2\/publisher?post=97097"}],"curies":[{"name":"wp","href":"https:\/\/api.w.org\/{rel}","templated":true}]}}