{"id":97343,"date":"2023-08-22T02:10:38","date_gmt":"2023-08-21T23:10:38","guid":{"rendered":"https:\/\/exlibris.ee\/toode\/don-juan-tenorio-c1\/"},"modified":"2026-04-14T03:46:03","modified_gmt":"2026-04-14T00:46:03","slug":"don-juan-tenorio-c1","status":"publish","type":"product","link":"https:\/\/exlibris.ee\/en\/product\/don-juan-tenorio-c1\/","title":{"rendered":"DON JUAN TENORIO  C1 + CD"},"content":{"rendered":"<p>Es la obra que m\u00e1s popular ha hecho al legendario h\u00e9roe de las aventuras amorosas.<br \/>\nDon Juan Tenorio, por una apuesta, rapta a una novicia llamada Do\u00f1a In\u00e9s, se enamora de ella y provoca innumerables desgracias a su alrededor. Finalmente, Do\u00f1a In\u00e9s muerta de amor por su causa, logra redimirle en el \u00faltimo instante de su existencia, gracias a su intervenci\u00f3n desde el m\u00e1s all\u00e1.<br \/>\nEl Don Juan Tenorio de Zorrilla, es un h\u00e9roe rom\u00e1ntico, apasionado, infame y pecador, pero capaz de enamorarse y arrepentirse de sus cr\u00edmenes.<br \/>\nEs la obra de teatro m\u00e1s querida de los espa\u00f1oles, representada tradicionalmente el d\u00eda dos de Noviembre, d\u00eda de difuntos.<\/p>\n","protected":false},"excerpt":{"rendered":"<p>Es la obra que m\u00e1s popular ha hecho al legendario h\u00e9roe de las aventuras amorosas. Don Juan Tenorio, por una apuesta, rapta a una novicia llamada Do\u00f1a In\u00e9s, se enamora de ella y provoca innumerables desgracias a su alrededor. Finalmente,&#8230;<\/p>\n","protected":false},"featured_media":110305,"template":"","meta":{"_acf_changed":false,"inline_featured_image":false},"product_brand":[],"product_cat":[889],"product_tag":[],"series":[{"id":1595,"name":"Leer y Aprender","slug":"leer-y-aprender"}],"publisher":[{"id":1584,"name":"Cideb","slug":"cideb"}],"class_list":{"0":"post-97343","1":"product","2":"type-product","3":"status-publish","4":"has-post-thumbnail","6":"product_cat-hispaania-keel","7":"series-leer-y-aprender","8":"publisher-cideb","10":"first","11":"instock","12":"taxable","13":"shipping-taxable","14":"purchasable","15":"product-type-simple"},"acf":[],"_links":{"self":[{"href":"https:\/\/exlibris.ee\/en\/wp-json\/wp\/v2\/product\/97343","targetHints":{"allow":["GET"]}}],"collection":[{"href":"https:\/\/exlibris.ee\/en\/wp-json\/wp\/v2\/product"}],"about":[{"href":"https:\/\/exlibris.ee\/en\/wp-json\/wp\/v2\/types\/product"}],"wp:featuredmedia":[{"embeddable":true,"href":"https:\/\/exlibris.ee\/en\/wp-json\/wp\/v2\/media\/110305"}],"wp:attachment":[{"href":"https:\/\/exlibris.ee\/en\/wp-json\/wp\/v2\/media?parent=97343"}],"wp:term":[{"taxonomy":"product_brand","embeddable":true,"href":"https:\/\/exlibris.ee\/en\/wp-json\/wp\/v2\/product_brand?post=97343"},{"taxonomy":"product_cat","embeddable":true,"href":"https:\/\/exlibris.ee\/en\/wp-json\/wp\/v2\/product_cat?post=97343"},{"taxonomy":"product_tag","embeddable":true,"href":"https:\/\/exlibris.ee\/en\/wp-json\/wp\/v2\/product_tag?post=97343"},{"taxonomy":"series","embeddable":true,"href":"https:\/\/exlibris.ee\/en\/wp-json\/wp\/v2\/series?post=97343"},{"taxonomy":"publisher","embeddable":true,"href":"https:\/\/exlibris.ee\/en\/wp-json\/wp\/v2\/publisher?post=97343"}],"curies":[{"name":"wp","href":"https:\/\/api.w.org\/{rel}","templated":true}]}}