{"id":97344,"date":"2023-08-22T02:10:38","date_gmt":"2023-08-21T23:10:38","guid":{"rendered":"https:\/\/exlibris.ee\/toode\/mystere-du-grenier-2\/"},"modified":"2026-04-05T19:30:58","modified_gmt":"2026-04-05T16:30:58","slug":"mystere-du-grenier-2","status":"publish","type":"product","link":"https:\/\/exlibris.ee\/en\/product\/mystere-du-grenier-2\/","title":{"rendered":"MYSTERE DU GRENIER  2"},"content":{"rendered":"<p>What is in the attic? And why are noises coming from there only when the adults are asleep? H\u00e9l\u00e8ne and Andr\u00e9 bravely go up the stairs into the attic, determined to solve the mystery. Follow them into a house which has fallen asleep, and discover with them what is hiding behind the attic door.<\/p>\n","protected":false},"excerpt":{"rendered":"<p>What is in the attic? And why are noises coming from there only when the adults are asleep? H\u00e9l\u00e8ne and Andr\u00e9 bravely go up the stairs into the attic, determined to solve the mystery. Follow them into a house which&#8230;<\/p>\n","protected":false},"featured_media":97215,"template":"","meta":{"_acf_changed":false,"inline_featured_image":false},"product_brand":[],"product_cat":[887],"product_tag":[],"series":[{"id":1603,"name":"Facile \u00e0 lire","slug":"facile-a-lire"}],"publisher":[{"id":1584,"name":"Cideb","slug":"cideb"}],"class_list":{"0":"post-97344","1":"product","2":"type-product","3":"status-publish","4":"has-post-thumbnail","6":"product_cat-prantsuse-keel","7":"series-facile-a-lire","8":"publisher-cideb","10":"first","11":"onbackorder","12":"taxable","13":"shipping-taxable","14":"purchasable","15":"product-type-simple"},"acf":[],"_links":{"self":[{"href":"https:\/\/exlibris.ee\/en\/wp-json\/wp\/v2\/product\/97344","targetHints":{"allow":["GET"]}}],"collection":[{"href":"https:\/\/exlibris.ee\/en\/wp-json\/wp\/v2\/product"}],"about":[{"href":"https:\/\/exlibris.ee\/en\/wp-json\/wp\/v2\/types\/product"}],"wp:featuredmedia":[{"embeddable":true,"href":"https:\/\/exlibris.ee\/en\/wp-json\/wp\/v2\/media\/97215"}],"wp:attachment":[{"href":"https:\/\/exlibris.ee\/en\/wp-json\/wp\/v2\/media?parent=97344"}],"wp:term":[{"taxonomy":"product_brand","embeddable":true,"href":"https:\/\/exlibris.ee\/en\/wp-json\/wp\/v2\/product_brand?post=97344"},{"taxonomy":"product_cat","embeddable":true,"href":"https:\/\/exlibris.ee\/en\/wp-json\/wp\/v2\/product_cat?post=97344"},{"taxonomy":"product_tag","embeddable":true,"href":"https:\/\/exlibris.ee\/en\/wp-json\/wp\/v2\/product_tag?post=97344"},{"taxonomy":"series","embeddable":true,"href":"https:\/\/exlibris.ee\/en\/wp-json\/wp\/v2\/series?post=97344"},{"taxonomy":"publisher","embeddable":true,"href":"https:\/\/exlibris.ee\/en\/wp-json\/wp\/v2\/publisher?post=97344"}],"curies":[{"name":"wp","href":"https:\/\/api.w.org\/{rel}","templated":true}]}}