{"id":105454,"date":"2023-10-10T02:32:32","date_gmt":"2023-10-09T23:32:32","guid":{"rendered":"https:\/\/exlibris.ee\/toode\/onnootsja-onneotsija\/"},"modified":"2026-04-16T21:39:28","modified_gmt":"2026-04-16T18:39:28","slug":"onnootsja-onneotsija","status":"publish","type":"product","link":"https:\/\/exlibris.ee\/ru\/produkt\/onnootsja-onneotsija\/","title":{"rendered":"\u00d5nn\u00f5otsja \/ \u00d5nneotsija"},"content":{"rendered":"<p>Raamatus on 27 v\u00e4rvikat seto muinasjuttu tunnustatud jutuvestjalt Terje Lillmaalt. Lillmaa j\u00e4tkab oma suguv\u00f5sa traditsioone ning pajatab lugusid, mida on kuulnud juba lapsena. Heale jutustajale kohaselt haaravad lood lugejat kaasa ka siis, kui s\u00fc\u017eeek\u00e4\u00e4nakud teevad peadp\u00f6\u00f6ritavaid uperpalle.<\/p>\n","protected":false},"excerpt":{"rendered":"<p>Raamatus on 27 v\u00e4rvikat seto muinasjuttu tunnustatud jutuvestjalt Terje Lillmaalt. Lillmaa j\u00e4tkab oma suguv\u00f5sa traditsioone ning pajatab lugusid, mida on kuulnud juba lapsena. Heale jutustajale kohaselt haaravad lood lugejat kaasa ka siis, kui s\u00fc\u017eeek\u00e4\u00e4nakud teevad peadp\u00f6\u00f6ritavaid uperpalle.<\/p>\n","protected":false},"featured_media":106021,"template":"","meta":{"_acf_changed":false,"inline_featured_image":false},"product_brand":[],"product_cat":[1949],"product_tag":[],"series":[],"publisher":[{"id":1761,"name":"Eesti Kirjandusmuuseum","slug":"eesti-kirjandusmuuseum"}],"class_list":{"0":"post-105454","1":"product","2":"type-product","3":"status-publish","4":"has-post-thumbnail","6":"product_cat-lasteraamatud-ru","7":"publisher-eesti-kirjandusmuuseum","9":"first","10":"instock","11":"taxable","12":"shipping-taxable","13":"purchasable","14":"product-type-simple"},"acf":[],"_links":{"self":[{"href":"https:\/\/exlibris.ee\/ru\/wp-json\/wp\/v2\/product\/105454","targetHints":{"allow":["GET"]}}],"collection":[{"href":"https:\/\/exlibris.ee\/ru\/wp-json\/wp\/v2\/product"}],"about":[{"href":"https:\/\/exlibris.ee\/ru\/wp-json\/wp\/v2\/types\/product"}],"wp:featuredmedia":[{"embeddable":true,"href":"https:\/\/exlibris.ee\/ru\/wp-json\/wp\/v2\/media\/106021"}],"wp:attachment":[{"href":"https:\/\/exlibris.ee\/ru\/wp-json\/wp\/v2\/media?parent=105454"}],"wp:term":[{"taxonomy":"product_brand","embeddable":true,"href":"https:\/\/exlibris.ee\/ru\/wp-json\/wp\/v2\/product_brand?post=105454"},{"taxonomy":"product_cat","embeddable":true,"href":"https:\/\/exlibris.ee\/ru\/wp-json\/wp\/v2\/product_cat?post=105454"},{"taxonomy":"product_tag","embeddable":true,"href":"https:\/\/exlibris.ee\/ru\/wp-json\/wp\/v2\/product_tag?post=105454"},{"taxonomy":"series","embeddable":true,"href":"https:\/\/exlibris.ee\/ru\/wp-json\/wp\/v2\/series?post=105454"},{"taxonomy":"publisher","embeddable":true,"href":"https:\/\/exlibris.ee\/ru\/wp-json\/wp\/v2\/publisher?post=105454"}],"curies":[{"name":"wp","href":"https:\/\/api.w.org\/{rel}","templated":true}]}}