{"id":105460,"date":"2023-10-10T02:32:32","date_gmt":"2023-10-09T23:32:32","guid":{"rendered":"https:\/\/exlibris.ee\/toode\/eesti-loitsud\/"},"modified":"2026-04-21T14:29:30","modified_gmt":"2026-04-21T11:29:30","slug":"eesti-loitsud","status":"publish","type":"product","link":"https:\/\/exlibris.ee\/ru\/produkt\/eesti-loitsud\/","title":{"rendered":"Eesti loitsud. Arstimiss\u00f5nad I"},"content":{"rendered":"<p>Folkloristi ja rahvausundi uurija Mare K\u00f5iva koostatud ja kommenteeritud &#171;Eesti loitsude&#187; esimene k\u00f6ide sisaldab arstimiss\u00f5nu, mis on olnud kasutusel nakkus- ja sisehaigustest kasvajate ja kultuurispetsiifiliste haiguste ravimisel.\u00a0<\/p>\n","protected":false},"excerpt":{"rendered":"<p>Folkloristi ja rahvausundi uurija Mare K\u00f5iva koostatud ja kommenteeritud &#171;Eesti loitsude&#187; esimene k\u00f6ide sisaldab arstimiss\u00f5nu, mis on olnud kasutusel nakkus- ja sisehaigustest kasvajate ja kultuurispetsiifiliste haiguste ravimisel.\u00a0<\/p>\n","protected":false},"featured_media":106049,"template":"","meta":{"_acf_changed":false,"inline_featured_image":false},"product_brand":[],"product_cat":[2268],"product_tag":[],"series":[],"publisher":[{"id":1761,"name":"Eesti Kirjandusmuuseum","slug":"eesti-kirjandusmuuseum"}],"class_list":{"0":"post-105460","1":"product","2":"type-product","3":"status-publish","4":"has-post-thumbnail","6":"product_cat-2268","7":"publisher-eesti-kirjandusmuuseum","9":"first","10":"onbackorder","11":"taxable","12":"shipping-taxable","13":"purchasable","14":"product-type-simple"},"acf":[],"_links":{"self":[{"href":"https:\/\/exlibris.ee\/ru\/wp-json\/wp\/v2\/product\/105460","targetHints":{"allow":["GET"]}}],"collection":[{"href":"https:\/\/exlibris.ee\/ru\/wp-json\/wp\/v2\/product"}],"about":[{"href":"https:\/\/exlibris.ee\/ru\/wp-json\/wp\/v2\/types\/product"}],"wp:featuredmedia":[{"embeddable":true,"href":"https:\/\/exlibris.ee\/ru\/wp-json\/wp\/v2\/media\/106049"}],"wp:attachment":[{"href":"https:\/\/exlibris.ee\/ru\/wp-json\/wp\/v2\/media?parent=105460"}],"wp:term":[{"taxonomy":"product_brand","embeddable":true,"href":"https:\/\/exlibris.ee\/ru\/wp-json\/wp\/v2\/product_brand?post=105460"},{"taxonomy":"product_cat","embeddable":true,"href":"https:\/\/exlibris.ee\/ru\/wp-json\/wp\/v2\/product_cat?post=105460"},{"taxonomy":"product_tag","embeddable":true,"href":"https:\/\/exlibris.ee\/ru\/wp-json\/wp\/v2\/product_tag?post=105460"},{"taxonomy":"series","embeddable":true,"href":"https:\/\/exlibris.ee\/ru\/wp-json\/wp\/v2\/series?post=105460"},{"taxonomy":"publisher","embeddable":true,"href":"https:\/\/exlibris.ee\/ru\/wp-json\/wp\/v2\/publisher?post=105460"}],"curies":[{"name":"wp","href":"https:\/\/api.w.org\/{rel}","templated":true}]}}