{"id":105462,"date":"2023-10-10T02:32:32","date_gmt":"2023-10-09T23:32:32","guid":{"rendered":"https:\/\/exlibris.ee\/toode\/viis-ritta-meie-kooliaja-mangud\/"},"modified":"2026-04-13T09:31:52","modified_gmt":"2026-04-13T06:31:52","slug":"viis-ritta-meie-kooliaja-mangud","status":"publish","type":"product","link":"https:\/\/exlibris.ee\/ru\/produkt\/viis-ritta-meie-kooliaja-mangud\/","title":{"rendered":"Viis ritta. Meie kooliaja m\u00e4ngud"},"content":{"rendered":"<p>M\u00e4ngud on kirja pandud 1992. aasta koolip\u00e4rimuse kogumisv\u00f5istluseks.<\/p>\n","protected":false},"excerpt":{"rendered":"<p>M\u00e4ngud on kirja pandud 1992. aasta koolip\u00e4rimuse kogumisv\u00f5istluseks.<\/p>\n","protected":false},"featured_media":106018,"template":"","meta":{"_acf_changed":false,"inline_featured_image":false},"product_brand":[],"product_cat":[1949],"product_tag":[],"series":[],"publisher":[{"id":1761,"name":"Eesti Kirjandusmuuseum","slug":"eesti-kirjandusmuuseum"}],"class_list":{"0":"post-105462","1":"product","2":"type-product","3":"status-publish","4":"has-post-thumbnail","6":"product_cat-lasteraamatud-ru","7":"publisher-eesti-kirjandusmuuseum","9":"first","10":"instock","11":"taxable","12":"shipping-taxable","13":"purchasable","14":"product-type-simple"},"acf":[],"_links":{"self":[{"href":"https:\/\/exlibris.ee\/ru\/wp-json\/wp\/v2\/product\/105462","targetHints":{"allow":["GET"]}}],"collection":[{"href":"https:\/\/exlibris.ee\/ru\/wp-json\/wp\/v2\/product"}],"about":[{"href":"https:\/\/exlibris.ee\/ru\/wp-json\/wp\/v2\/types\/product"}],"wp:featuredmedia":[{"embeddable":true,"href":"https:\/\/exlibris.ee\/ru\/wp-json\/wp\/v2\/media\/106018"}],"wp:attachment":[{"href":"https:\/\/exlibris.ee\/ru\/wp-json\/wp\/v2\/media?parent=105462"}],"wp:term":[{"taxonomy":"product_brand","embeddable":true,"href":"https:\/\/exlibris.ee\/ru\/wp-json\/wp\/v2\/product_brand?post=105462"},{"taxonomy":"product_cat","embeddable":true,"href":"https:\/\/exlibris.ee\/ru\/wp-json\/wp\/v2\/product_cat?post=105462"},{"taxonomy":"product_tag","embeddable":true,"href":"https:\/\/exlibris.ee\/ru\/wp-json\/wp\/v2\/product_tag?post=105462"},{"taxonomy":"series","embeddable":true,"href":"https:\/\/exlibris.ee\/ru\/wp-json\/wp\/v2\/series?post=105462"},{"taxonomy":"publisher","embeddable":true,"href":"https:\/\/exlibris.ee\/ru\/wp-json\/wp\/v2\/publisher?post=105462"}],"curies":[{"name":"wp","href":"https:\/\/api.w.org\/{rel}","templated":true}]}}