{"id":105466,"date":"2023-10-10T02:32:32","date_gmt":"2023-10-09T23:32:32","guid":{"rendered":"https:\/\/exlibris.ee\/toode\/eesti-opilaste-uleloomulikud-kogemused\/"},"modified":"2026-04-05T19:39:40","modified_gmt":"2026-04-05T16:39:40","slug":"eesti-opilaste-uleloomulikud-kogemused","status":"publish","type":"product","link":"https:\/\/exlibris.ee\/ru\/produkt\/eesti-opilaste-uleloomulikud-kogemused\/","title":{"rendered":"Eesti \u00f5pilaste \u00fcleloomulikud kogemused"},"content":{"rendered":"<p>Raamat sisaldab \u00f5pilaste omak\u00e4elisi uskumus- ja kogemuskirjeldusi, mis on seotud \u00fcleloomuliku maailmaga \u2013 sellega seotud olenditega, hirmude ja kaitseviisidega.<\/p>\n","protected":false},"excerpt":{"rendered":"<p>Raamat sisaldab \u00f5pilaste omak\u00e4elisi uskumus- ja kogemuskirjeldusi, mis on seotud \u00fcleloomuliku maailmaga \u2013 sellega seotud olenditega, hirmude ja kaitseviisidega.<\/p>\n","protected":false},"featured_media":106046,"template":"","meta":{"_acf_changed":false,"inline_featured_image":false},"product_brand":[],"product_cat":[1949],"product_tag":[],"series":[],"publisher":[{"id":1761,"name":"Eesti Kirjandusmuuseum","slug":"eesti-kirjandusmuuseum"}],"class_list":{"0":"post-105466","1":"product","2":"type-product","3":"status-publish","4":"has-post-thumbnail","6":"product_cat-lasteraamatud-ru","7":"publisher-eesti-kirjandusmuuseum","9":"first","10":"instock","11":"taxable","12":"shipping-taxable","13":"purchasable","14":"product-type-simple"},"acf":[],"_links":{"self":[{"href":"https:\/\/exlibris.ee\/ru\/wp-json\/wp\/v2\/product\/105466","targetHints":{"allow":["GET"]}}],"collection":[{"href":"https:\/\/exlibris.ee\/ru\/wp-json\/wp\/v2\/product"}],"about":[{"href":"https:\/\/exlibris.ee\/ru\/wp-json\/wp\/v2\/types\/product"}],"wp:featuredmedia":[{"embeddable":true,"href":"https:\/\/exlibris.ee\/ru\/wp-json\/wp\/v2\/media\/106046"}],"wp:attachment":[{"href":"https:\/\/exlibris.ee\/ru\/wp-json\/wp\/v2\/media?parent=105466"}],"wp:term":[{"taxonomy":"product_brand","embeddable":true,"href":"https:\/\/exlibris.ee\/ru\/wp-json\/wp\/v2\/product_brand?post=105466"},{"taxonomy":"product_cat","embeddable":true,"href":"https:\/\/exlibris.ee\/ru\/wp-json\/wp\/v2\/product_cat?post=105466"},{"taxonomy":"product_tag","embeddable":true,"href":"https:\/\/exlibris.ee\/ru\/wp-json\/wp\/v2\/product_tag?post=105466"},{"taxonomy":"series","embeddable":true,"href":"https:\/\/exlibris.ee\/ru\/wp-json\/wp\/v2\/series?post=105466"},{"taxonomy":"publisher","embeddable":true,"href":"https:\/\/exlibris.ee\/ru\/wp-json\/wp\/v2\/publisher?post=105466"}],"curies":[{"name":"wp","href":"https:\/\/api.w.org\/{rel}","templated":true}]}}