{"id":105468,"date":"2023-10-10T02:32:31","date_gmt":"2023-10-09T23:32:31","guid":{"rendered":"https:\/\/exlibris.ee\/toode\/vaike-loomaraamat-rahvaparimusest-kordustrukk\/"},"modified":"2026-04-23T11:44:02","modified_gmt":"2026-04-23T08:44:02","slug":"vaike-loomaraamat-rahvaparimusest-kordustrukk","status":"publish","type":"product","link":"https:\/\/exlibris.ee\/ru\/produkt\/vaike-loomaraamat-rahvaparimusest-kordustrukk\/","title":{"rendered":"V\u00e4ike loomaraamat rahvap\u00e4rimusest kordustr\u00fckk"},"content":{"rendered":"<p>K\u00e4esolevas raamatus tutvustakse poolteistsaja aasta jooksul talletatud loomap\u00e4rimust Eesti Rahvaluule Arhiivist.\u00a0<\/p>\n","protected":false},"excerpt":{"rendered":"<p>K\u00e4esolevas raamatus tutvustakse poolteistsaja aasta jooksul talletatud loomap\u00e4rimust Eesti Rahvaluule Arhiivist.\u00a0<\/p>\n","protected":false},"featured_media":106025,"template":"","meta":{"_acf_changed":false,"inline_featured_image":false},"product_brand":[],"product_cat":[1946],"product_tag":[],"series":[],"publisher":[{"id":1761,"name":"Eesti Kirjandusmuuseum","slug":"eesti-kirjandusmuuseum"}],"class_list":{"0":"post-105468","1":"product","2":"type-product","3":"status-publish","4":"has-post-thumbnail","6":"product_cat-loodus-ru","7":"publisher-eesti-kirjandusmuuseum","9":"first","10":"onbackorder","11":"taxable","12":"shipping-taxable","13":"purchasable","14":"product-type-simple"},"acf":[],"_links":{"self":[{"href":"https:\/\/exlibris.ee\/ru\/wp-json\/wp\/v2\/product\/105468","targetHints":{"allow":["GET"]}}],"collection":[{"href":"https:\/\/exlibris.ee\/ru\/wp-json\/wp\/v2\/product"}],"about":[{"href":"https:\/\/exlibris.ee\/ru\/wp-json\/wp\/v2\/types\/product"}],"wp:featuredmedia":[{"embeddable":true,"href":"https:\/\/exlibris.ee\/ru\/wp-json\/wp\/v2\/media\/106025"}],"wp:attachment":[{"href":"https:\/\/exlibris.ee\/ru\/wp-json\/wp\/v2\/media?parent=105468"}],"wp:term":[{"taxonomy":"product_brand","embeddable":true,"href":"https:\/\/exlibris.ee\/ru\/wp-json\/wp\/v2\/product_brand?post=105468"},{"taxonomy":"product_cat","embeddable":true,"href":"https:\/\/exlibris.ee\/ru\/wp-json\/wp\/v2\/product_cat?post=105468"},{"taxonomy":"product_tag","embeddable":true,"href":"https:\/\/exlibris.ee\/ru\/wp-json\/wp\/v2\/product_tag?post=105468"},{"taxonomy":"series","embeddable":true,"href":"https:\/\/exlibris.ee\/ru\/wp-json\/wp\/v2\/series?post=105468"},{"taxonomy":"publisher","embeddable":true,"href":"https:\/\/exlibris.ee\/ru\/wp-json\/wp\/v2\/publisher?post=105468"}],"curies":[{"name":"wp","href":"https:\/\/api.w.org\/{rel}","templated":true}]}}