{"id":105478,"date":"2023-10-10T02:32:31","date_gmt":"2023-10-09T23:32:31","guid":{"rendered":"https:\/\/exlibris.ee\/toode\/litteraria-27-marie-underi-paevikud-1922-1957\/"},"modified":"2026-04-14T23:29:03","modified_gmt":"2026-04-14T20:29:03","slug":"litteraria-27-marie-underi-paevikud-1922-1957","status":"publish","type":"product","link":"https:\/\/exlibris.ee\/ru\/produkt\/litteraria-27-marie-underi-paevikud-1922-1957\/","title":{"rendered":"Litteraria 27. Marie Underi p\u00e4evikud 1922-1957"},"content":{"rendered":"<p>1914. aastal kingib Artur Adson oma armastatule s\u00fcnnip\u00e4evaks h\u00f5bedaste leheservadega ning initsiaalidega MU ja kuup\u00e4evaga 15. III 1914 varustatud hoolikalt k\u00f6idetud kaustiku. M\u00f6\u00f6dub kaheksa aastat ning alles siis hakkavad selle valged lehed t\u00e4ituma \u2013 algul Underi enda, hiljem aga \u00fcha enam Adsoni k\u00e4ekirjas sissekannetega<\/p>\n","protected":false},"excerpt":{"rendered":"<p>1914. aastal kingib Artur Adson oma armastatule s\u00fcnnip\u00e4evaks h\u00f5bedaste leheservadega ning initsiaalidega MU ja kuup\u00e4evaga 15. III 1914 varustatud hoolikalt k\u00f6idetud kaustiku. M\u00f6\u00f6dub kaheksa aastat ning alles siis hakkavad selle valged lehed t\u00e4ituma \u2013 algul Underi enda, hiljem aga \u00fcha&#8230;<\/p>\n","protected":false},"featured_media":106040,"template":"","meta":{"_acf_changed":false,"inline_featured_image":false},"product_brand":[],"product_cat":[1940],"product_tag":[],"series":[{"id":1762,"name":"Litteraria sari","slug":"litteraria-sari"}],"publisher":[{"id":1761,"name":"Eesti Kirjandusmuuseum","slug":"eesti-kirjandusmuuseum"}],"class_list":{"0":"post-105478","1":"product","2":"type-product","3":"status-publish","4":"has-post-thumbnail","6":"product_cat-malestused-ja-elulood-ru","7":"series-litteraria-sari","8":"publisher-eesti-kirjandusmuuseum","10":"first","11":"instock","12":"taxable","13":"shipping-taxable","14":"purchasable","15":"product-type-simple"},"acf":[],"_links":{"self":[{"href":"https:\/\/exlibris.ee\/ru\/wp-json\/wp\/v2\/product\/105478","targetHints":{"allow":["GET"]}}],"collection":[{"href":"https:\/\/exlibris.ee\/ru\/wp-json\/wp\/v2\/product"}],"about":[{"href":"https:\/\/exlibris.ee\/ru\/wp-json\/wp\/v2\/types\/product"}],"wp:featuredmedia":[{"embeddable":true,"href":"https:\/\/exlibris.ee\/ru\/wp-json\/wp\/v2\/media\/106040"}],"wp:attachment":[{"href":"https:\/\/exlibris.ee\/ru\/wp-json\/wp\/v2\/media?parent=105478"}],"wp:term":[{"taxonomy":"product_brand","embeddable":true,"href":"https:\/\/exlibris.ee\/ru\/wp-json\/wp\/v2\/product_brand?post=105478"},{"taxonomy":"product_cat","embeddable":true,"href":"https:\/\/exlibris.ee\/ru\/wp-json\/wp\/v2\/product_cat?post=105478"},{"taxonomy":"product_tag","embeddable":true,"href":"https:\/\/exlibris.ee\/ru\/wp-json\/wp\/v2\/product_tag?post=105478"},{"taxonomy":"series","embeddable":true,"href":"https:\/\/exlibris.ee\/ru\/wp-json\/wp\/v2\/series?post=105478"},{"taxonomy":"publisher","embeddable":true,"href":"https:\/\/exlibris.ee\/ru\/wp-json\/wp\/v2\/publisher?post=105478"}],"curies":[{"name":"wp","href":"https:\/\/api.w.org\/{rel}","templated":true}]}}