{"id":105480,"date":"2023-10-10T02:32:31","date_gmt":"2023-10-09T23:32:31","guid":{"rendered":"https:\/\/exlibris.ee\/toode\/igal-lapsel-on-oma-onn\/"},"modified":"2026-05-01T17:42:15","modified_gmt":"2026-05-01T14:42:15","slug":"igal-lapsel-on-oma-onn","status":"publish","type":"product","link":"https:\/\/exlibris.ee\/ru\/produkt\/igal-lapsel-on-oma-onn\/","title":{"rendered":"Igal lapsel on oma \u00f5nn"},"content":{"rendered":"<p>Kaunilt kujundatud kinkeraamatus on esitatud v\u00e4ike valik lapse s\u00fcnniga seotud uskumusi ja tulevikku m\u00f5jutavaid maagilisi v\u00f5tteid Eesti Rahvaluule Arhiivist.<\/p>\n","protected":false},"excerpt":{"rendered":"<p>Kaunilt kujundatud kinkeraamatus on esitatud v\u00e4ike valik lapse s\u00fcnniga seotud uskumusi ja tulevikku m\u00f5jutavaid maagilisi v\u00f5tteid Eesti Rahvaluule Arhiivist.<\/p>\n","protected":false},"featured_media":106009,"template":"","meta":{"_acf_changed":false,"inline_featured_image":false},"product_brand":[],"product_cat":[1949],"product_tag":[],"series":[],"publisher":[{"id":1761,"name":"Eesti Kirjandusmuuseum","slug":"eesti-kirjandusmuuseum"}],"class_list":{"0":"post-105480","1":"product","2":"type-product","3":"status-publish","4":"has-post-thumbnail","6":"product_cat-lasteraamatud-ru","7":"publisher-eesti-kirjandusmuuseum","9":"first","10":"instock","11":"taxable","12":"shipping-taxable","13":"purchasable","14":"product-type-simple"},"acf":[],"_links":{"self":[{"href":"https:\/\/exlibris.ee\/ru\/wp-json\/wp\/v2\/product\/105480","targetHints":{"allow":["GET"]}}],"collection":[{"href":"https:\/\/exlibris.ee\/ru\/wp-json\/wp\/v2\/product"}],"about":[{"href":"https:\/\/exlibris.ee\/ru\/wp-json\/wp\/v2\/types\/product"}],"wp:featuredmedia":[{"embeddable":true,"href":"https:\/\/exlibris.ee\/ru\/wp-json\/wp\/v2\/media\/106009"}],"wp:attachment":[{"href":"https:\/\/exlibris.ee\/ru\/wp-json\/wp\/v2\/media?parent=105480"}],"wp:term":[{"taxonomy":"product_brand","embeddable":true,"href":"https:\/\/exlibris.ee\/ru\/wp-json\/wp\/v2\/product_brand?post=105480"},{"taxonomy":"product_cat","embeddable":true,"href":"https:\/\/exlibris.ee\/ru\/wp-json\/wp\/v2\/product_cat?post=105480"},{"taxonomy":"product_tag","embeddable":true,"href":"https:\/\/exlibris.ee\/ru\/wp-json\/wp\/v2\/product_tag?post=105480"},{"taxonomy":"series","embeddable":true,"href":"https:\/\/exlibris.ee\/ru\/wp-json\/wp\/v2\/series?post=105480"},{"taxonomy":"publisher","embeddable":true,"href":"https:\/\/exlibris.ee\/ru\/wp-json\/wp\/v2\/publisher?post=105480"}],"curies":[{"name":"wp","href":"https:\/\/api.w.org\/{rel}","templated":true}]}}