{"id":105504,"date":"2023-09-26T02:18:37","date_gmt":"2023-09-25T23:18:37","guid":{"rendered":"https:\/\/exlibris.ee\/toode\/beste-freunde-b1-1-arbeitsbuch-audio\/"},"modified":"2026-04-07T05:21:17","modified_gmt":"2026-04-07T02:21:17","slug":"beste-freunde-b1-1-arbeitsbuch-audio","status":"publish","type":"product","link":"https:\/\/exlibris.ee\/ru\/produkt\/beste-freunde-b1-1-arbeitsbuch-audio\/","title":{"rendered":"Beste Freunde B1.1   \/ Arbeitsbuch Audio"},"content":{"rendered":"<p>Arbeitsbuch Audio- jede Lektion enth\u00e4lt sieben vierfarbige Seiten &#8212; zahlreiche \u00dcbungen zu Grammatik, Wortschatz und Redemittel f\u00fcr die Arbeit im Unterricht oder zum selbst\u00e4ndigen Lernen zu Hause &#8212; umfangreiches Angebot an selbstentdeckender, kontrastiv angelegter Grammatikarbeit &#8212; klar ausgewiesenes, kleinschrittiges Schreibtraining &#8212; ausf\u00fchrliches Phonetiktraining &#8212; klares wechselseitiges Verweissystem zwischen Kurs- und Arbeitsbuch &#8212; \u00fcbersichtliche Pr\u00e4sentation des Lernwortschatzes &#8212; pro Modul zwei Seiten Fertigkeitentraining sowie eine Seite Selbstevaluation (Kann-Beschreibungen des GER) &#8212; ausgewiesene Portfolio-Aufgaben &#8212; \u00dcbungen zur Binnendifferenzierung &#8212; Lerntipps &#8212; Arbeitsbl\u00e4tter f\u00fcr Partneraufgaben des Kursbuchs im Anhang &#8212; inklusive Audio-  Die H\u00f6rdateien stehen auch online zur Verf\u00fcgung: Mit der kostenlosen App Hueber Media k\u00f6nnen Sie die Audios auf dem Smartphone abspielen \u2013 wo und wann immer Sie m\u00f6chten.<\/p>\n","protected":false},"excerpt":{"rendered":"<p>Arbeitsbuch Audio- jede Lektion enth\u00e4lt sieben vierfarbige Seiten &#8212; zahlreiche \u00dcbungen zu Grammatik, Wortschatz und Redemittel f\u00fcr die Arbeit im Unterricht oder zum selbst\u00e4ndigen Lernen zu Hause &#8212; umfangreiches Angebot an selbstentdeckender, kontrastiv angelegter Grammatikarbeit &#8212; klar ausgewiesenes, kleinschrittiges Schreibtraining&#8230;<\/p>\n","protected":false},"featured_media":56289,"template":"","meta":{"_acf_changed":false,"inline_featured_image":false},"product_brand":[],"product_cat":[1860],"product_tag":[],"series":[{"id":579,"name":"Beste Freunde B1.1","slug":"beste-freunde-b1-1"}],"publisher":[{"id":497,"name":"Hueber Verlag","slug":"hueber-verlag"}],"class_list":{"0":"post-105504","1":"product","2":"type-product","3":"status-publish","4":"has-post-thumbnail","6":"product_cat-lehrwerke-fur-jugendliche-ru","7":"series-beste-freunde-b1-1","8":"publisher-hueber-verlag","10":"first","11":"instock","12":"taxable","13":"shipping-taxable","14":"purchasable","15":"product-type-simple"},"acf":[],"_links":{"self":[{"href":"https:\/\/exlibris.ee\/ru\/wp-json\/wp\/v2\/product\/105504","targetHints":{"allow":["GET"]}}],"collection":[{"href":"https:\/\/exlibris.ee\/ru\/wp-json\/wp\/v2\/product"}],"about":[{"href":"https:\/\/exlibris.ee\/ru\/wp-json\/wp\/v2\/types\/product"}],"wp:featuredmedia":[{"embeddable":true,"href":"https:\/\/exlibris.ee\/ru\/wp-json\/wp\/v2\/media\/56289"}],"wp:attachment":[{"href":"https:\/\/exlibris.ee\/ru\/wp-json\/wp\/v2\/media?parent=105504"}],"wp:term":[{"taxonomy":"product_brand","embeddable":true,"href":"https:\/\/exlibris.ee\/ru\/wp-json\/wp\/v2\/product_brand?post=105504"},{"taxonomy":"product_cat","embeddable":true,"href":"https:\/\/exlibris.ee\/ru\/wp-json\/wp\/v2\/product_cat?post=105504"},{"taxonomy":"product_tag","embeddable":true,"href":"https:\/\/exlibris.ee\/ru\/wp-json\/wp\/v2\/product_tag?post=105504"},{"taxonomy":"series","embeddable":true,"href":"https:\/\/exlibris.ee\/ru\/wp-json\/wp\/v2\/series?post=105504"},{"taxonomy":"publisher","embeddable":true,"href":"https:\/\/exlibris.ee\/ru\/wp-json\/wp\/v2\/publisher?post=105504"}],"curies":[{"name":"wp","href":"https:\/\/api.w.org\/{rel}","templated":true}]}}