{"id":105890,"date":"2023-11-23T06:17:21","date_gmt":"2023-11-23T04:17:21","guid":{"rendered":"https:\/\/exlibris.ee\/toode\/momente-deutsch-als-fremdsprache-b1-1-arbeitsbuch\/"},"modified":"2026-04-03T09:16:08","modified_gmt":"2026-04-03T06:16:08","slug":"momente-deutsch-als-fremdsprache-b1-1-arbeitsbuch","status":"publish","type":"product","link":"https:\/\/exlibris.ee\/ru\/produkt\/momente-deutsch-als-fremdsprache-b1-1-arbeitsbuch\/","title":{"rendered":"Momente   Deutsch Als Fremdsprache B1.1. Arbeitsbuch"},"content":{"rendered":"<p>Momente \u2013 Lernwelten der Zukunft<br \/>\nNahtlos zwischen Pr\u00e4senz-, Hybrid- und Online-Unterricht wechseln. Auf der H\u00f6he der Zeit mit Erkl\u00e4r-Clips und interaktiven \u00dcbungen. Passend zum neuen Begleitband des GER. Mit Storytelling und lebensnahen Protagonist:innen. Das ist Momente.<\/p>\n<p>Das Arbeitsbuch Momente B1.1 ist jetzt erschienen \u2013 nat\u00fcrlich wieder inklusive interaktiver Version.<\/p>\n","protected":false},"excerpt":{"rendered":"<p>Momente \u2013 Lernwelten der Zukunft Nahtlos zwischen Pr\u00e4senz-, Hybrid- und Online-Unterricht wechseln. Auf der H\u00f6he der Zeit mit Erkl\u00e4r-Clips und interaktiven \u00dcbungen. Passend zum neuen Begleitband des GER. Mit Storytelling und lebensnahen Protagonist:innen. Das ist Momente. Das Arbeitsbuch Momente B1.1&#8230;<\/p>\n","protected":false},"featured_media":106161,"template":"","meta":{"_acf_changed":false,"inline_featured_image":false},"product_brand":[],"product_cat":[1121],"product_tag":[],"series":[{"id":1128,"name":"Momente","slug":"momente"}],"publisher":[{"id":497,"name":"Hueber Verlag","slug":"hueber-verlag"}],"class_list":{"0":"post-105890","1":"product","2":"type-product","3":"status-publish","4":"has-post-thumbnail","6":"product_cat-lehrwerke-fur-jugendliche-und-erwachsene","7":"series-momente","8":"publisher-hueber-verlag","10":"first","11":"instock","12":"taxable","13":"shipping-taxable","14":"purchasable","15":"product-type-simple"},"acf":[],"_links":{"self":[{"href":"https:\/\/exlibris.ee\/ru\/wp-json\/wp\/v2\/product\/105890","targetHints":{"allow":["GET"]}}],"collection":[{"href":"https:\/\/exlibris.ee\/ru\/wp-json\/wp\/v2\/product"}],"about":[{"href":"https:\/\/exlibris.ee\/ru\/wp-json\/wp\/v2\/types\/product"}],"wp:featuredmedia":[{"embeddable":true,"href":"https:\/\/exlibris.ee\/ru\/wp-json\/wp\/v2\/media\/106161"}],"wp:attachment":[{"href":"https:\/\/exlibris.ee\/ru\/wp-json\/wp\/v2\/media?parent=105890"}],"wp:term":[{"taxonomy":"product_brand","embeddable":true,"href":"https:\/\/exlibris.ee\/ru\/wp-json\/wp\/v2\/product_brand?post=105890"},{"taxonomy":"product_cat","embeddable":true,"href":"https:\/\/exlibris.ee\/ru\/wp-json\/wp\/v2\/product_cat?post=105890"},{"taxonomy":"product_tag","embeddable":true,"href":"https:\/\/exlibris.ee\/ru\/wp-json\/wp\/v2\/product_tag?post=105890"},{"taxonomy":"series","embeddable":true,"href":"https:\/\/exlibris.ee\/ru\/wp-json\/wp\/v2\/series?post=105890"},{"taxonomy":"publisher","embeddable":true,"href":"https:\/\/exlibris.ee\/ru\/wp-json\/wp\/v2\/publisher?post=105890"}],"curies":[{"name":"wp","href":"https:\/\/api.w.org\/{rel}","templated":true}]}}