{"id":106127,"date":"2023-12-15T02:54:11","date_gmt":"2023-12-15T00:54:11","guid":{"rendered":"https:\/\/exlibris.ee\/toode\/sada-lugu-minu-elust-ja-spordist\/"},"modified":"2026-04-17T19:48:03","modified_gmt":"2026-04-17T16:48:03","slug":"sada-lugu-minu-elust-ja-spordist","status":"publish","type":"product","link":"https:\/\/exlibris.ee\/ru\/produkt\/sada-lugu-minu-elust-ja-spordist\/","title":{"rendered":"Sada lugu minu elust ja spordist"},"content":{"rendered":"<p>Vello Kade eluloo raamat \u201eSada lugu minu elust ja spordist\u201c jutustab sellest, kuidas Tartus s\u00fcndinud ja kasvanud poiss viib t\u00e4ide oma eluunistused. On tulnud \u00fcle elada rasked s\u00f5jaaastad nii oma kui ka v\u00f5\u00f5ral maal. Isa kaotus j\u00e4ttis s\u00fcgava j\u00e4lje kogu j\u00e4rgnevale elule. Omap\u00e4itsi igast v\u00f5imalusest kinni haaranud poisist kasvab t\u00f5sine spordimees. Algkooli v\u00f5imlemis\u00f5petaja Erich Lukini m\u00f5jul harrastab poksi. Peale Tartu \u00fclikooli kehakultuuriteaduskonna l\u00f5petamist 1964. aastal saab temast aga elukutseline poksitreener.<\/p>\n","protected":false},"excerpt":{"rendered":"<p>Vello Kade eluloo raamat \u201eSada lugu minu elust ja spordist\u201c jutustab sellest, kuidas Tartus s\u00fcndinud ja kasvanud poiss viib t\u00e4ide oma eluunistused. On tulnud \u00fcle elada rasked s\u00f5jaaastad nii oma kui ka v\u00f5\u00f5ral maal. Isa kaotus j\u00e4ttis s\u00fcgava j\u00e4lje kogu&#8230;<\/p>\n","protected":false},"featured_media":106109,"template":"","meta":{"_acf_changed":false,"inline_featured_image":false},"product_brand":[],"product_cat":[868],"product_tag":[],"series":[],"publisher":[{"id":983,"name":"Grubbe Media","slug":"grubbe-media"}],"class_list":{"0":"post-106127","1":"product","2":"type-product","3":"status-publish","4":"has-post-thumbnail","6":"product_cat-malestused-ja-elulood","7":"publisher-grubbe-media","9":"first","10":"onbackorder","11":"taxable","12":"shipping-taxable","13":"purchasable","14":"product-type-simple"},"acf":[],"_links":{"self":[{"href":"https:\/\/exlibris.ee\/ru\/wp-json\/wp\/v2\/product\/106127","targetHints":{"allow":["GET"]}}],"collection":[{"href":"https:\/\/exlibris.ee\/ru\/wp-json\/wp\/v2\/product"}],"about":[{"href":"https:\/\/exlibris.ee\/ru\/wp-json\/wp\/v2\/types\/product"}],"wp:featuredmedia":[{"embeddable":true,"href":"https:\/\/exlibris.ee\/ru\/wp-json\/wp\/v2\/media\/106109"}],"wp:attachment":[{"href":"https:\/\/exlibris.ee\/ru\/wp-json\/wp\/v2\/media?parent=106127"}],"wp:term":[{"taxonomy":"product_brand","embeddable":true,"href":"https:\/\/exlibris.ee\/ru\/wp-json\/wp\/v2\/product_brand?post=106127"},{"taxonomy":"product_cat","embeddable":true,"href":"https:\/\/exlibris.ee\/ru\/wp-json\/wp\/v2\/product_cat?post=106127"},{"taxonomy":"product_tag","embeddable":true,"href":"https:\/\/exlibris.ee\/ru\/wp-json\/wp\/v2\/product_tag?post=106127"},{"taxonomy":"series","embeddable":true,"href":"https:\/\/exlibris.ee\/ru\/wp-json\/wp\/v2\/series?post=106127"},{"taxonomy":"publisher","embeddable":true,"href":"https:\/\/exlibris.ee\/ru\/wp-json\/wp\/v2\/publisher?post=106127"}],"curies":[{"name":"wp","href":"https:\/\/api.w.org\/{rel}","templated":true}]}}