{"id":106368,"date":"2024-01-15T03:09:46","date_gmt":"2024-01-15T01:09:46","guid":{"rendered":"https:\/\/exlibris.ee\/toode\/mortsukatoo-faehlmanni-tanavas\/"},"modified":"2026-04-12T15:30:53","modified_gmt":"2026-04-12T12:30:53","slug":"mortsukatoo-faehlmanni-tanavas","status":"publish","type":"product","link":"https:\/\/exlibris.ee\/ru\/produkt\/mortsukatoo-faehlmanni-tanavas\/","title":{"rendered":"M\u00f5rtsukat\u00f6\u00f6 Faehlmanni t\u00e4navas"},"content":{"rendered":"<p>Majas, kus elab kirjanik Kalev Karu koos abikaasa Dianaga, otse nende silme all, korteri\u00fchistu koosolekul leiab aset m\u00f5rv, mida asub uurima Kalevi onupoeg komissar Karu, kellele abikaasad osutavad j\u00f5ukohast abi. Olukord majas on pingeline, j\u00e4rgneb veel \u00fcks m\u00f5rvakatse, ja siis v\u00f5tab Kalev juurdluse ohjad enda k\u00e4tte&#8230;<\/p>\n","protected":false},"excerpt":{"rendered":"<p>Majas, kus elab kirjanik Kalev Karu koos abikaasa Dianaga, otse nende silme all, korteri\u00fchistu koosolekul leiab aset m\u00f5rv, mida asub uurima Kalevi onupoeg komissar Karu, kellele abikaasad osutavad j\u00f5ukohast abi. Olukord majas on pingeline, j\u00e4rgneb veel \u00fcks m\u00f5rvakatse, ja siis&#8230;<\/p>\n","protected":false},"featured_media":106382,"template":"","meta":{"_acf_changed":false,"inline_featured_image":false},"product_brand":[],"product_cat":[870],"product_tag":[],"series":[],"publisher":[{"id":2061,"name":"d5 consultancy O\u00dc","slug":"d5-consultancy-ou"}],"class_list":{"0":"post-106368","1":"product","2":"type-product","3":"status-publish","4":"has-post-thumbnail","6":"product_cat-proosa","7":"publisher-d5-consultancy-ou","9":"first","10":"instock","11":"taxable","12":"shipping-taxable","13":"purchasable","14":"product-type-simple"},"acf":[],"_links":{"self":[{"href":"https:\/\/exlibris.ee\/ru\/wp-json\/wp\/v2\/product\/106368","targetHints":{"allow":["GET"]}}],"collection":[{"href":"https:\/\/exlibris.ee\/ru\/wp-json\/wp\/v2\/product"}],"about":[{"href":"https:\/\/exlibris.ee\/ru\/wp-json\/wp\/v2\/types\/product"}],"wp:featuredmedia":[{"embeddable":true,"href":"https:\/\/exlibris.ee\/ru\/wp-json\/wp\/v2\/media\/106382"}],"wp:attachment":[{"href":"https:\/\/exlibris.ee\/ru\/wp-json\/wp\/v2\/media?parent=106368"}],"wp:term":[{"taxonomy":"product_brand","embeddable":true,"href":"https:\/\/exlibris.ee\/ru\/wp-json\/wp\/v2\/product_brand?post=106368"},{"taxonomy":"product_cat","embeddable":true,"href":"https:\/\/exlibris.ee\/ru\/wp-json\/wp\/v2\/product_cat?post=106368"},{"taxonomy":"product_tag","embeddable":true,"href":"https:\/\/exlibris.ee\/ru\/wp-json\/wp\/v2\/product_tag?post=106368"},{"taxonomy":"series","embeddable":true,"href":"https:\/\/exlibris.ee\/ru\/wp-json\/wp\/v2\/series?post=106368"},{"taxonomy":"publisher","embeddable":true,"href":"https:\/\/exlibris.ee\/ru\/wp-json\/wp\/v2\/publisher?post=106368"}],"curies":[{"name":"wp","href":"https:\/\/api.w.org\/{rel}","templated":true}]}}