{"id":108690,"date":"2024-02-02T03:14:29","date_gmt":"2024-02-02T01:14:29","guid":{"rendered":"https:\/\/exlibris.ee\/toode\/saame-tuttavaks-cd-viron-kielen-alkket\/"},"modified":"2026-04-05T19:38:50","modified_gmt":"2026-04-05T16:38:50","slug":"saame-tuttavaks-cd-viron-kielen-alkket","status":"publish","type":"product","link":"https:\/\/exlibris.ee\/ru\/produkt\/saame-tuttavaks-cd-viron-kielen-alkket\/","title":{"rendered":"Saame tuttavaks + CD Viron kielen alkeet"},"content":{"rendered":"<p>\u201cSaame tuttavaks!\u201don tarkoitettu sinulle, joka aloittelet viron kielen oppimista ja olet kiinnostunut my\u00f6s Virosta ja virolaisista.<br \/>\n\u201cSaame tuttavaks!\u201d kutsuu tutustumaan Viroon ja viron kieleen \u2013 kuten kirjan nimikin sanoo: tullaan tutuiksi!<br \/>\n\u201cSaame tuttavaks!\u201d sopii hyvin itseopiskelijoille. Kirjassa on suomenkieliset ohjeet, tekstisanasto ja kielioppisivut, lukuisia harjoituksia ja testej\u00e4 vastauksineen sek\u00e4 kuuntelumateriaalia.<\/p>\n<p>Viron kielen opiskelu nivoutuu Viron historian, kulttuurin ja yhteiskunnan esittelyyn. Oppikirjassa puhutaan my\u00f6s kulttuurieroista, eli se on k\u00e4yt\u00e4nn\u00f6llinen opas, jonka avulla opit tuntemaan, millaisia virolaiset ovat. Kunkin luvun alussa on Viroa esittelev\u00e4 teksti ja valokuva. Lukujen lopussa on hauskalla pilapiirroksella kuvitettu kertomus kulttuieroista. Oppikirja on kiinnostavaa selailtavaa my\u00f6s niille, joilla ei ole aikomusta opiskella viron kielt\u00e4. <\/p>\n<p>\u201cSaame tuttavaks!\u201dsis\u00e4lt\u00e4\u00e4:<br \/>\n&#8212; 15 lukua, joiden k\u00e4sittelyyn kuluu noin 120 tuntia<br \/>\n&#8212; kielioppia ja siihen liittyvi\u00e4 erilaisia harjoituksia<br \/>\n&#8212; kielioppi- ja sanastotestej\u00e4 sek\u00e4 testej\u00e4 Viron historian, yhteiskunnan ja kulttuurin tuntemuksesta (joka kolmannen kappaleen lopussa)<br \/>\n&#8212; runsas kuvitus<br \/>\n&#8212; kielioppitaulukoita<br \/>\n&#8212; kappalekohtainen sanakirja ja aakkoselliset viro-suomi- ja suomi-viro-sanakirjat<br \/>\n&#8212; 4 audio-CD:t\u00e4 (\u00e4\u00e4nt\u00e4minen, kielioppi, tekstit, vuoropuhelut, harjoitukset, testit, ilmaisut ja sanasto ym.) sek\u00e4 kuuntelumateriaali internetiss\u00e4.<\/p>\n","protected":false},"excerpt":{"rendered":"<p>\u201cSaame tuttavaks!\u201don tarkoitettu sinulle, joka aloittelet viron kielen oppimista ja olet kiinnostunut my\u00f6s Virosta ja virolaisista. \u201cSaame tuttavaks!\u201d kutsuu tutustumaan Viroon ja viron kieleen \u2013 kuten kirjan nimikin sanoo: tullaan tutuiksi! \u201cSaame tuttavaks!\u201d sopii hyvin itseopiskelijoille. Kirjassa on suomenkieliset ohjeet,&#8230;<\/p>\n","protected":false},"featured_media":108641,"template":"","meta":{"_acf_changed":false,"inline_featured_image":false},"product_brand":[],"product_cat":[50],"product_tag":[],"series":[],"publisher":[{"id":692,"name":"TEA","slug":"tea"}],"class_list":{"0":"post-108690","1":"product","2":"type-product","3":"status-publish","4":"has-post-thumbnail","6":"product_cat-eesti-keel","7":"publisher-tea","9":"first","10":"instock","11":"taxable","12":"shipping-taxable","13":"purchasable","14":"product-type-simple"},"acf":[],"_links":{"self":[{"href":"https:\/\/exlibris.ee\/ru\/wp-json\/wp\/v2\/product\/108690","targetHints":{"allow":["GET"]}}],"collection":[{"href":"https:\/\/exlibris.ee\/ru\/wp-json\/wp\/v2\/product"}],"about":[{"href":"https:\/\/exlibris.ee\/ru\/wp-json\/wp\/v2\/types\/product"}],"wp:featuredmedia":[{"embeddable":true,"href":"https:\/\/exlibris.ee\/ru\/wp-json\/wp\/v2\/media\/108641"}],"wp:attachment":[{"href":"https:\/\/exlibris.ee\/ru\/wp-json\/wp\/v2\/media?parent=108690"}],"wp:term":[{"taxonomy":"product_brand","embeddable":true,"href":"https:\/\/exlibris.ee\/ru\/wp-json\/wp\/v2\/product_brand?post=108690"},{"taxonomy":"product_cat","embeddable":true,"href":"https:\/\/exlibris.ee\/ru\/wp-json\/wp\/v2\/product_cat?post=108690"},{"taxonomy":"product_tag","embeddable":true,"href":"https:\/\/exlibris.ee\/ru\/wp-json\/wp\/v2\/product_tag?post=108690"},{"taxonomy":"series","embeddable":true,"href":"https:\/\/exlibris.ee\/ru\/wp-json\/wp\/v2\/series?post=108690"},{"taxonomy":"publisher","embeddable":true,"href":"https:\/\/exlibris.ee\/ru\/wp-json\/wp\/v2\/publisher?post=108690"}],"curies":[{"name":"wp","href":"https:\/\/api.w.org\/{rel}","templated":true}]}}