{"id":109120,"date":"2024-02-08T02:20:32","date_gmt":"2024-02-08T00:20:32","guid":{"rendered":"https:\/\/exlibris.ee\/toode\/wer-ist-eigentlich-robert-bosch-a2-b1\/"},"modified":"2026-04-05T15:21:37","modified_gmt":"2026-04-05T12:21:37","slug":"wer-ist-eigentlich-robert-bosch-a2-b1","status":"publish","type":"product","link":"https:\/\/exlibris.ee\/ru\/produkt\/wer-ist-eigentlich-robert-bosch-a2-b1\/","title":{"rendered":"Robert Bosch"},"content":{"rendered":"<p>Leben &#8212; Werk &#8212; Wirkung. Buch mit digitalen Extras. F\u00fcr viele sind die Produkte von Bosch nicht aus dem Alltag wegzudenken: sei es ein K\u00fchlschrank, eine Bohrmaschine oder eine Z\u00fcndkerze im Auto. Robert Bosch (1861-1942) ist der Gr\u00fcnder des weltbekannten Unternehmens. Zu seinem Lebenswerk geh\u00f6rt aber auch sein ausgepr\u00e4gtes soziales Engagement: Er revolutionierte Arbeitsbedingungen und investierte in gemeinn\u00fctzige Projekte. Wer ist eigentlich &#8230;? stellt den ber\u00fchmten Ingenieur und Stifter vor, blickt auf die Geschichte der Robert Bosch GmbH und fragt, wie Unternehmertum und Gemeinwohl zusammenh\u00e4ngen k\u00f6nnen. Drei unterschiedliche Sachtexte vermitteln Einblicke in Biografie (Leben), Leistungen (Werk) und stellen diese in einen unmittelbaren Bezug zu aktuellen Gegenwartsthemen (Wirkung): 1. Robert Bosch (Leben) 2. Das Unternehmen Bosch (Werk) 3. Unternehmertum und gesellschaftliche Verantwortung (Wirkung)<\/p>\n","protected":false},"excerpt":{"rendered":"<p>Leben &#8212; Werk &#8212; Wirkung. Buch mit digitalen Extras. F\u00fcr viele sind die Produkte von Bosch nicht aus dem Alltag wegzudenken: sei es ein K\u00fchlschrank, eine Bohrmaschine oder eine Z\u00fcndkerze im Auto. Robert Bosch (1861-1942) ist der Gr\u00fcnder des weltbekannten&#8230;<\/p>\n","protected":false},"featured_media":109113,"template":"","meta":{"_acf_changed":false,"inline_featured_image":false},"product_brand":[],"product_cat":[851],"product_tag":[],"series":[{"id":1500,"name":"Wer ist eigentlich?","slug":"wer-ist-eigentlich"}],"publisher":[{"id":2095,"name":"Klett-Langenscheidt","slug":"klett-langenscheidt"}],"class_list":{"0":"post-109120","1":"product","2":"type-product","3":"status-publish","4":"has-post-thumbnail","6":"product_cat-lesetexte-deutsch","7":"series-wer-ist-eigentlich","8":"publisher-klett-langenscheidt","10":"first","11":"onbackorder","12":"taxable","13":"shipping-taxable","14":"purchasable","15":"product-type-simple"},"acf":[],"_links":{"self":[{"href":"https:\/\/exlibris.ee\/ru\/wp-json\/wp\/v2\/product\/109120","targetHints":{"allow":["GET"]}}],"collection":[{"href":"https:\/\/exlibris.ee\/ru\/wp-json\/wp\/v2\/product"}],"about":[{"href":"https:\/\/exlibris.ee\/ru\/wp-json\/wp\/v2\/types\/product"}],"wp:featuredmedia":[{"embeddable":true,"href":"https:\/\/exlibris.ee\/ru\/wp-json\/wp\/v2\/media\/109113"}],"wp:attachment":[{"href":"https:\/\/exlibris.ee\/ru\/wp-json\/wp\/v2\/media?parent=109120"}],"wp:term":[{"taxonomy":"product_brand","embeddable":true,"href":"https:\/\/exlibris.ee\/ru\/wp-json\/wp\/v2\/product_brand?post=109120"},{"taxonomy":"product_cat","embeddable":true,"href":"https:\/\/exlibris.ee\/ru\/wp-json\/wp\/v2\/product_cat?post=109120"},{"taxonomy":"product_tag","embeddable":true,"href":"https:\/\/exlibris.ee\/ru\/wp-json\/wp\/v2\/product_tag?post=109120"},{"taxonomy":"series","embeddable":true,"href":"https:\/\/exlibris.ee\/ru\/wp-json\/wp\/v2\/series?post=109120"},{"taxonomy":"publisher","embeddable":true,"href":"https:\/\/exlibris.ee\/ru\/wp-json\/wp\/v2\/publisher?post=109120"}],"curies":[{"name":"wp","href":"https:\/\/api.w.org\/{rel}","templated":true}]}}