{"id":109121,"date":"2024-02-08T02:20:32","date_gmt":"2024-02-08T00:20:32","guid":{"rendered":"https:\/\/exlibris.ee\/toode\/wer-ist-eigentlich-ludwig-van-beethoven-a2-b1\/"},"modified":"2026-04-14T19:16:00","modified_gmt":"2026-04-14T16:16:00","slug":"wer-ist-eigentlich-ludwig-van-beethoven-a2-b1","status":"publish","type":"product","link":"https:\/\/exlibris.ee\/ru\/produkt\/wer-ist-eigentlich-ludwig-van-beethoven-a2-b1\/","title":{"rendered":"Ludwig van Beethoven"},"content":{"rendered":"<p>Leben &#8212; Werk &#8212; Wirkung. Buch mit digitalen Extras. Die Musik von Ludwig van Beethoven (1770-1827) ist bis heute weltbekannt. Dass er seine Melodien nicht nur f\u00fcr die Gegenwart, sondern f\u00fcr die Zukunft erschafft, davon war Beethoven \u00fcberzeugt. Wer ist eigentlich &#8230;? erz\u00e4hlt die teils tragische Lebensgeschichte des Komponisten auch vor dem Hintergrund seiner zunehmenden Schwerh\u00f6rigkeit, zeigt, wie er die Musikgeschichte revolutionierte, und berichtet von weiteren au\u00dfergew\u00f6hnlichen Lebenswegen bekannter Menschen mit Einschr\u00e4nkungen. Drei unterschiedliche Sachtexte vermitteln Einblicke in Biografie (Leben), Leistungen (Werk) und stellen diese in einen unmittelbaren Bezug zu aktuellen Gegenwartsthemen (Wirkung): 1. Ludwig van Beethoven (Leben) 2. Musik f\u00fcr Jahrhunderte (Werk) 3. Erfolg, Behinderung und Inklusion (Wirkung)<\/p>\n","protected":false},"excerpt":{"rendered":"<p>Leben &#8212; Werk &#8212; Wirkung. Buch mit digitalen Extras. Die Musik von Ludwig van Beethoven (1770-1827) ist bis heute weltbekannt. Dass er seine Melodien nicht nur f\u00fcr die Gegenwart, sondern f\u00fcr die Zukunft erschafft, davon war Beethoven \u00fcberzeugt. Wer ist&#8230;<\/p>\n","protected":false},"featured_media":268864,"template":"","meta":{"_acf_changed":false,"inline_featured_image":false},"product_brand":[],"product_cat":[851],"product_tag":[],"series":[{"id":1500,"name":"Wer ist eigentlich?","slug":"wer-ist-eigentlich"}],"publisher":[{"id":2095,"name":"Klett-Langenscheidt","slug":"klett-langenscheidt"}],"class_list":{"0":"post-109121","1":"product","2":"type-product","3":"status-publish","4":"has-post-thumbnail","6":"product_cat-lesetexte-deutsch","7":"series-wer-ist-eigentlich","8":"publisher-klett-langenscheidt","10":"first","11":"instock","12":"taxable","13":"shipping-taxable","14":"purchasable","15":"product-type-simple"},"acf":[],"_links":{"self":[{"href":"https:\/\/exlibris.ee\/ru\/wp-json\/wp\/v2\/product\/109121","targetHints":{"allow":["GET"]}}],"collection":[{"href":"https:\/\/exlibris.ee\/ru\/wp-json\/wp\/v2\/product"}],"about":[{"href":"https:\/\/exlibris.ee\/ru\/wp-json\/wp\/v2\/types\/product"}],"wp:featuredmedia":[{"embeddable":true,"href":"https:\/\/exlibris.ee\/ru\/wp-json\/wp\/v2\/media\/268864"}],"wp:attachment":[{"href":"https:\/\/exlibris.ee\/ru\/wp-json\/wp\/v2\/media?parent=109121"}],"wp:term":[{"taxonomy":"product_brand","embeddable":true,"href":"https:\/\/exlibris.ee\/ru\/wp-json\/wp\/v2\/product_brand?post=109121"},{"taxonomy":"product_cat","embeddable":true,"href":"https:\/\/exlibris.ee\/ru\/wp-json\/wp\/v2\/product_cat?post=109121"},{"taxonomy":"product_tag","embeddable":true,"href":"https:\/\/exlibris.ee\/ru\/wp-json\/wp\/v2\/product_tag?post=109121"},{"taxonomy":"series","embeddable":true,"href":"https:\/\/exlibris.ee\/ru\/wp-json\/wp\/v2\/series?post=109121"},{"taxonomy":"publisher","embeddable":true,"href":"https:\/\/exlibris.ee\/ru\/wp-json\/wp\/v2\/publisher?post=109121"}],"curies":[{"name":"wp","href":"https:\/\/api.w.org\/{rel}","templated":true}]}}